{"id":85511,"date":"2021-05-12T06:56:34","date_gmt":"2021-05-12T06:56:34","guid":{"rendered":"http:\/\/prod.novarion.systems\/ueber-novarion\/"},"modified":"2022-09-29T13:39:33","modified_gmt":"2022-09-29T13:39:33","slug":"ueber-novarion","status":"publish","type":"page","link":"https:\/\/www.novarion.systems\/de\/unternehmen\/ueber-novarion\/","title":{"rendered":"\u00dcber Novarion"},"content":{"rendered":"<div class=\"wpb-content-wrapper\"><p>[vc_row][vc_column width=&#8220;1\/1&#8243;][uncode_breadcrumbs][\/vc_column][\/vc_row][vc_row row_height_percent=&#8220;0&#8243; override_padding=&#8220;yes&#8220; h_padding=&#8220;2&#8243; top_padding=&#8220;4&#8243; bottom_padding=&#8220;4&#8243; overlay_alpha=&#8220;50&#8243; gutter_size=&#8220;4&#8243; column_width_percent=&#8220;100&#8243; shift_y=&#8220;0&#8243; z_index=&#8220;0&#8243;][vc_column column_width_percent=&#8220;100&#8243; position_vertical=&#8220;middle&#8220; gutter_size=&#8220;3&#8243; overlay_alpha=&#8220;50&#8243; shift_x=&#8220;0&#8243; shift_y=&#8220;0&#8243; shift_y_down=&#8220;0&#8243; z_index=&#8220;0&#8243; medium_width=&#8220;0&#8243; mobile_width=&#8220;0&#8243; width=&#8220;1\/2&#8243;][vc_custom_heading][\/vc_custom_heading][vc_single_image media=&#8220;90812&#8243; media_width_percent=&#8220;100&#8243;][\/vc_column][vc_column column_width_percent=&#8220;100&#8243; position_vertical=&#8220;middle&#8220; gutter_size=&#8220;3&#8243; overlay_alpha=&#8220;50&#8243; shift_x=&#8220;0&#8243; shift_y=&#8220;0&#8243; shift_y_down=&#8220;0&#8243; z_index=&#8220;0&#8243; medium_width=&#8220;0&#8243; mobile_width=&#8220;0&#8243; width=&#8220;1\/2&#8243;][vc_column_text]<\/p>\n<h4><strong>Die Geschichte hinter Novarion<\/strong><\/h4>\n<p>Im Jahr 2004 gr\u00fcndete der Quantenphysiker und Informatiker Georg Gesek die Novarion Systems GmbH mit dem Ziel, Hochleistungscomputersysteme zu entwickeln.<br \/>\nUm die ersten Cashflows zu generieren, verkaufte er die ersten Systeme, die er gemeinsam mit \u00f6sterreichischen Universit\u00e4ten entwickelt hatte, an andere Hochschulen weiter.<br \/>\nDurch sein globales Netzwerk mit Computerteileherstellern (ODMs), das er in den 90er Jahren durch seine T\u00e4tigkeit bei Ingram Micro, dem weltgr\u00f6\u00dften Distributor von Computerkomponenten, aufgebaut hatte, konnte Gesek bereits im Folgejahr ma\u00dfgeschneiderte Server- und Speichersysteme f\u00fcr Rechenzentren entwickeln. Diese Fertigungsprogramme erm\u00f6glichten Novarion fortan, hochflexible, anwendungsoptimierte Computersysteme f\u00fcr die Industrie zu entwickeln, anzupassen und zu produzieren.<\/p>\n<p>Zwischen 2013 und 2018 hat Novarion mit den neuen Industriemarken QUANTON\u00ae f\u00fcr Serversysteme, TACYON\u00ae f\u00fcr Midrange und PLATINSTOR\u00ae f\u00fcr High-End-Speichersysteme sein Gesch\u00e4ft auf alle Rechenzentrumsbetreiber ausgeweitet.[\/vc_column_text][\/vc_column][\/vc_row][vc_row row_height_percent=&#8220;0&#8243; override_padding=&#8220;yes&#8220; h_padding=&#8220;2&#8243; top_padding=&#8220;4&#8243; bottom_padding=&#8220;4&#8243; overlay_alpha=&#8220;50&#8243; gutter_size=&#8220;4&#8243; column_width_percent=&#8220;100&#8243; shift_y=&#8220;0&#8243; z_index=&#8220;0&#8243;][vc_column column_width_percent=&#8220;100&#8243; position_vertical=&#8220;middle&#8220; gutter_size=&#8220;3&#8243; overlay_alpha=&#8220;50&#8243; shift_x=&#8220;0&#8243; shift_y=&#8220;0&#8243; shift_y_down=&#8220;0&#8243; z_index=&#8220;0&#8243; medium_width=&#8220;0&#8243; mobile_width=&#8220;0&#8243; width=&#8220;1\/2&#8243;][vc_column_text]<\/p>\n<h4><strong>Das Geheimnis des Erfolgs<\/strong><\/h4>\n<p>Durch den Aufbau eines effizienten Vertriebsinnendienstes konnte eine Datenbank mit derzeit 30.000 potenziellen Kunden in der DACH-Region aufgebaut werden.<br \/>\nMit einem f\u00fcnfk\u00f6pfigen Vertriebsteam sowie mehr als 50 Systemh\u00e4usern als Handelspartner ist der st\u00e4ndige Austausch mit Interessenten und Kunden \u00fcber das selbst entwickelte CRM-System gew\u00e4hrleistet.<\/p>\n<p>Aufgrund der hohen Anforderungen an die Leistungs- und Wettbewerbsf\u00e4higkeit sowie der regulatorischen Anforderungen (z.B. DSGVO) nutzen Unternehmen ab einer gewissen Gr\u00f6\u00dfe und Komplexit\u00e4t trotz des gro\u00dfen Cloud-Angebots auch eigene EDV-Infrastrukturen.<br \/>\nGenau hier wurde Novarion mit seinen hochindividuellen, industrietauglichen, hardware- und software-integrierten Computing-L\u00f6sungen f\u00fcr Rechenzentrumsbetreiber sukzessive attraktiver, bis das Unternehmen schlie\u00dflich seine drei Kundensegmente Industrie, Beh\u00f6rden und Wissenschaft eroberte.[\/vc_column_text][\/vc_column][vc_column column_width_percent=&#8220;100&#8243; position_vertical=&#8220;middle&#8220; gutter_size=&#8220;3&#8243; overlay_alpha=&#8220;50&#8243; shift_x=&#8220;0&#8243; shift_y=&#8220;0&#8243; shift_y_down=&#8220;0&#8243; z_index=&#8220;0&#8243; medium_width=&#8220;0&#8243; mobile_width=&#8220;0&#8243; width=&#8220;1\/2&#8243;][vc_custom_heading][\/vc_custom_heading][vc_single_image media=&#8220;90771&#8243; media_width_percent=&#8220;83&#8243; alignment=&#8220;right&#8220;][\/vc_column][\/vc_row][vc_row row_height_percent=&#8220;0&#8243; override_padding=&#8220;yes&#8220; h_padding=&#8220;2&#8243; top_padding=&#8220;4&#8243; bottom_padding=&#8220;4&#8243; overlay_alpha=&#8220;50&#8243; gutter_size=&#8220;4&#8243; column_width_percent=&#8220;100&#8243; shift_y=&#8220;0&#8243; z_index=&#8220;0&#8243;][vc_column column_width_percent=&#8220;100&#8243; position_vertical=&#8220;middle&#8220; gutter_size=&#8220;3&#8243; overlay_alpha=&#8220;50&#8243; shift_x=&#8220;0&#8243; shift_y=&#8220;0&#8243; shift_y_down=&#8220;0&#8243; z_index=&#8220;0&#8243; medium_width=&#8220;0&#8243; mobile_width=&#8220;0&#8243; width=&#8220;1\/2&#8243;][vc_custom_heading][\/vc_custom_heading][vc_single_image media=&#8220;90775&#8243; media_width_percent=&#8220;100&#8243;][\/vc_column][vc_column column_width_percent=&#8220;100&#8243; position_vertical=&#8220;middle&#8220; gutter_size=&#8220;3&#8243; overlay_alpha=&#8220;50&#8243; shift_x=&#8220;0&#8243; shift_y=&#8220;0&#8243; shift_y_down=&#8220;0&#8243; z_index=&#8220;0&#8243; medium_width=&#8220;0&#8243; mobile_width=&#8220;0&#8243; width=&#8220;1\/2&#8243;][vc_column_text]<\/p>\n<h4><strong>Ein internationales Unternehmen<\/strong><\/h4>\n<p>Seit mehr als 15 Jahren ist Novarion am Markt f\u00fcr den Aufbau hochspezialisierter IT-Infrastrukturen bekannt und hat sich in dieser Zeit einen au\u00dfergew\u00f6hnlich guten Namen im Bereich der Server- und Speichersysteme gemacht.<\/p>\n<p>Das Unternehmen mit Hauptsitz in Wien und weiteren Niederlassungen in M\u00fcnchen und Kalifornien entwickelt und produziert ma\u00dfgeschneiderte Hightech-Computersysteme f\u00fcr wissenschaftliche Rechenzentren, Industrie (mit Schwerpunkt Industrie 4.0), Beh\u00f6rden, Forschungseinrichtungen sowie Finanzdienstleister und Konzerne.<\/p>\n<p>Novarion Systems ist einer der technologisch f\u00fchrenden Computerhersteller. Wir sind in der Lage, unseren Kunden in verschiedenen Industriezweigen sowie wissenschaftlichen und staatlichen Organisationen hochmoderne integrierte Systeme zu liefern.[\/vc_column_text][\/vc_column][\/vc_row][vc_row][vc_column width=&#8220;1\/1&#8243;][vc_column_text]<\/p>\n<h4><strong>QMware<\/strong><\/h4>\n<p>Die QMware wurde im September 2020 gegr\u00fcndet und ist ein Joint Venture zwischen der Novarion Systems GmbH und der Terra Quantum AG. Hinter diesen beiden Firmen stehen Georg Gesek, CEO von Novarion, und Markus Pflitsch, Gr\u00fcnder von Terrra Quantum.<\/p>\n<p>Ihr Hauptaugenmerk liegt auf der Bew\u00e4ltigung der Herausforderungen des 21. Jahrhunderts durch die Kombination von Quantencomputing und Datensicherheit. Durch die Entwicklung einzigartiger Systeme und die enge Zusammenarbeit mit seinen Kunden garantiert QMware qualitativ hochwertige L\u00f6sungen, die Ihr Portfolio aufwerten.<\/p>\n<p>Neugierig geworden? Erfahren Sie mehr unter <a href=\"https:\/\/qm-ware.com\/\">https:\/\/qm-ware.com\/<\/a>[\/vc_column_text][\/vc_column][\/vc_row][vc_row row_height_percent=&#8220;40&#8243; back_color=&#8220;color-160314&#8243; back_image=&#8220;84789&#8243; back_position=&#8220;center center&#8220; parallax=&#8220;yes&#8220; kburns=&#8220;yes&#8220; overlay_color=&#8220;color-160314&#8243; overlay_alpha=&#8220;80&#8243; gutter_size=&#8220;3&#8243; column_width_percent=&#8220;100&#8243; shift_y=&#8220;0&#8243; z_index=&#8220;0&#8243; bottom_divider=&#8220;tilt&#8220;][vc_column column_width_percent=&#8220;100&#8243; position_vertical=&#8220;middle&#8220; align_horizontal=&#8220;align_center&#8220; gutter_size=&#8220;3&#8243; overlay_alpha=&#8220;50&#8243; shift_x=&#8220;0&#8243; shift_y=&#8220;0&#8243; shift_y_down=&#8220;0&#8243; z_index=&#8220;0&#8243; medium_width=&#8220;0&#8243; mobile_width=&#8220;0&#8243; width=&#8220;1\/1&#8243;][vc_custom_heading heading_semantic=&#8220;h3&#8243; text_size=&#8220;&#8220; text_color=&#8220;color-xsdn&#8220;]<\/p>\n<h2><span style=\"color: #ffffff;\">Unsere Mission<\/span><\/h2>\n<p>[\/vc_custom_heading][vc_column_text]<\/p>\n<h6><span style=\"color: #ffffff;\">Novarion setzt alles daran, durch die Herstellung von hochmodernen Computern die Zukunft der Gesellschaft zu verbessern, angefangen von energieeffizienten Systemen bis hin zu k\u00fcnstlicher Intelligenz.<\/span><\/h6>\n<p>[\/vc_column_text][\/vc_column][\/vc_row][vc_row row_height_percent=&#8220;0&#8243; override_padding=&#8220;yes&#8220; h_padding=&#8220;2&#8243; top_padding=&#8220;4&#8243; bottom_padding=&#8220;4&#8243; overlay_alpha=&#8220;50&#8243; gutter_size=&#8220;3&#8243; column_width_percent=&#8220;100&#8243; shift_y=&#8220;0&#8243; z_index=&#8220;1&#8243; top_divider=&#8220;gradient&#8220; bottom_divider=&#8220;gradient&#8220;][vc_column column_width_percent=&#8220;100&#8243; align_horizontal=&#8220;align_center&#8220; gutter_size=&#8220;4&#8243; overlay_alpha=&#8220;50&#8243; shift_x=&#8220;0&#8243; shift_y=&#8220;0&#8243; shift_y_down=&#8220;0&#8243; z_index=&#8220;0&#8243; medium_width=&#8220;0&#8243; mobile_width=&#8220;0&#8243; width=&#8220;1\/1&#8243;][vc_custom_heading heading_semantic=&#8220;h3&#8243; text_font=&#8220;font-312258&#8243; text_size=&#8220;fontsize-338686&#8243;]Was macht Novarion einzigartig?[\/vc_custom_heading][vc_row_inner row_inner_height_percent=&#8220;0&#8243; overlay_alpha=&#8220;50&#8243; equal_height=&#8220;yes&#8220; gutter_size=&#8220;4&#8243; shift_y=&#8220;0&#8243; z_index=&#8220;0&#8243; limit_content=&#8220;&#8220;][vc_column_inner column_width_percent=&#8220;100&#8243; gutter_size=&#8220;3&#8243; overlay_alpha=&#8220;50&#8243; shift_x=&#8220;0&#8243; shift_y=&#8220;0&#8243; shift_y_down=&#8220;0&#8243; z_index=&#8220;0&#8243; medium_width=&#8220;3&#8243; mobile_width=&#8220;0&#8243; radius=&#8220;sm&#8220; width=&#8220;1\/2&#8243;][vc_icon position=&#8220;left&#8220; icon=&#8220;fa fa-leaf3&#8243; icon_color=&#8220;accent&#8220; size=&#8220;fa-4x&#8220; heading_semantic=&#8220;h4&#8243; text_font=&#8220;font-312258&#8243; text_size=&#8220;fontsize-338686&#8243; title=&#8220;# 1 Nachhaltigkeit&#8220; link=&#8220;|||&#8220;]Novarions Produkte punkten durch \u00fcberdurchschnittlich lange Lebensdauer- das spart Ressourcen.[\/vc_icon][\/vc_column_inner][vc_column_inner column_width_percent=&#8220;100&#8243; gutter_size=&#8220;3&#8243; overlay_alpha=&#8220;50&#8243; shift_x=&#8220;0&#8243; shift_y=&#8220;0&#8243; shift_y_down=&#8220;0&#8243; z_index=&#8220;0&#8243; medium_width=&#8220;3&#8243; mobile_width=&#8220;0&#8243; radius=&#8220;sm&#8220; width=&#8220;1\/2&#8243;][vc_icon position=&#8220;left&#8220; icon=&#8220;fa fa-rocket2&#8243; icon_color=&#8220;accent&#8220; size=&#8220;fa-4x&#8220; heading_semantic=&#8220;h4&#8243; text_font=&#8220;font-312258&#8243; text_size=&#8220;fontsize-338686&#8243; title=&#8220;# 2 Das umfangreichste Build-to-order System&#8220; link=&#8220;|||&#8220;]Unsere individuell gefertigten Produkte sind schnell geliefert und innerhalb k\u00fcrzester Zeit, auf Ihren Arbeitsplatz angepasst, eingebaut[\/vc_icon][\/vc_column_inner][\/vc_row_inner][vc_row_inner row_inner_height_percent=&#8220;0&#8243; overlay_alpha=&#8220;50&#8243; equal_height=&#8220;yes&#8220; gutter_size=&#8220;4&#8243; shift_y=&#8220;0&#8243; z_index=&#8220;0&#8243; limit_content=&#8220;&#8220;][vc_column_inner column_width_percent=&#8220;100&#8243; gutter_size=&#8220;3&#8243; overlay_alpha=&#8220;50&#8243; shift_x=&#8220;0&#8243; shift_y=&#8220;0&#8243; shift_y_down=&#8220;0&#8243; z_index=&#8220;0&#8243; medium_width=&#8220;3&#8243; mobile_width=&#8220;0&#8243; radius=&#8220;sm&#8220; width=&#8220;1\/2&#8243;][vc_icon position=&#8220;left&#8220; icon=&#8220;fa fa-pricetags&#8220; icon_color=&#8220;accent&#8220; size=&#8220;fa-4x&#8220; heading_semantic=&#8220;h4&#8243; text_font=&#8220;font-312258&#8243; text_size=&#8220;fontsize-338686&#8243; title=&#8220;# 3 Bestes Preis-Leistungs-Verh\u00e4ltnis am Markt&#8220; link=&#8220;|||&#8220;]NOVARION bietet mit \u00fcber 10 Giga-FLOPS (floating point operations per second) pro Euro das beste Preis-\/Leistungsverh\u00e4ltnis. Die Marktnorm liegt bei 1-5 Giga-FLOPS pro Euro. Das Gleiche gilt f\u00fcr die Datenspeicherung: 1 TB superschneller NVMe-Flash-Speicher kostet bei NOVARION derzeit nur 20 % der \u00fcblichen Preise f\u00fcr Endkunden.[\/vc_icon][\/vc_column_inner][vc_column_inner column_width_percent=&#8220;100&#8243; gutter_size=&#8220;3&#8243; overlay_alpha=&#8220;50&#8243; shift_x=&#8220;0&#8243; shift_y=&#8220;0&#8243; shift_y_down=&#8220;0&#8243; z_index=&#8220;0&#8243; medium_width=&#8220;3&#8243; mobile_width=&#8220;0&#8243; radius=&#8220;sm&#8220; width=&#8220;1\/2&#8243;][vc_icon position=&#8220;left&#8220; icon=&#8220;fa fa-trophy2&#8243; icon_color=&#8220;accent&#8220; size=&#8220;fa-4x&#8220; heading_semantic=&#8220;h4&#8243; text_font=&#8220;font-312258&#8243; text_size=&#8220;fontsize-338686&#8243; title=&#8220;# 4 Branchenf\u00fchrende Technologien&#8220; link=&#8220;|||&#8220;]Der QUANTON\u00ae Pulsar von NOVARION bietet die h\u00f6chste Dichte an Rechenleistung bei geringstem Stromverbrauch. PlatinStor\u00ae-Systeme \u00fcbertreffen herk\u00f6mmliche Datenspeichersysteme um das 5- bis 10-fache an Leistung (IOPS).[\/vc_icon][\/vc_column_inner][\/vc_row_inner][\/vc_column][\/vc_row]<\/p>\n<\/div>","protected":false},"excerpt":{"rendered":"<p>Create a classic grid layout with 70+ custom options.<\/p>\n","protected":false},"author":6,"featured_media":0,"parent":86697,"menu_order":0,"comment_status":"open","ping_status":"closed","template":"","meta":{"footnotes":""},"class_list":["post-85511","page","type-page","status-publish","hentry"],"_links":{"self":[{"href":"https:\/\/www.novarion.systems\/de\/wp-json\/wp\/v2\/pages\/85511","targetHints":{"allow":["GET"]}}],"collection":[{"href":"https:\/\/www.novarion.systems\/de\/wp-json\/wp\/v2\/pages"}],"about":[{"href":"https:\/\/www.novarion.systems\/de\/wp-json\/wp\/v2\/types\/page"}],"author":[{"embeddable":true,"href":"https:\/\/www.novarion.systems\/de\/wp-json\/wp\/v2\/users\/6"}],"replies":[{"embeddable":true,"href":"https:\/\/www.novarion.systems\/de\/wp-json\/wp\/v2\/comments?post=85511"}],"version-history":[{"count":0,"href":"https:\/\/www.novarion.systems\/de\/wp-json\/wp\/v2\/pages\/85511\/revisions"}],"up":[{"embeddable":true,"href":"https:\/\/www.novarion.systems\/de\/wp-json\/wp\/v2\/pages\/86697"}],"wp:attachment":[{"href":"https:\/\/www.novarion.systems\/de\/wp-json\/wp\/v2\/media?parent=85511"}],"curies":[{"name":"wp","href":"https:\/\/api.w.org\/{rel}","templated":true}]}}