{"id":85532,"date":"2021-05-12T07:08:37","date_gmt":"2021-05-12T07:08:37","guid":{"rendered":"http:\/\/prod.novarion.systems\/nutzungsbedingungen\/"},"modified":"2021-09-07T15:40:18","modified_gmt":"2021-09-07T15:40:18","slug":"nutzungsbedingungen","status":"publish","type":"page","link":"https:\/\/www.novarion.systems\/de\/nutzungsbedingungen\/","title":{"rendered":"Nutzungsbedingungen"},"content":{"rendered":"<div class=\"wpb-content-wrapper\"><p>[vc_row][vc_column width=&#8220;1\/1&#8243;][uncode_breadcrumbs][\/vc_column][\/vc_row][vc_row row_height_percent=&#8220;0&#8243; overlay_alpha=&#8220;50&#8243; gutter_size=&#8220;4&#8243; column_width_percent=&#8220;100&#8243; shift_y=&#8220;0&#8243; z_index=&#8220;0&#8243;][vc_column width=&#8220;1\/1&#8243;][vc_column_text]<strong>Bedingungen zur Nutzung der Website<\/strong><\/p>\n<ol>\n<li><strong> Allgemeine Bedingungen<\/strong><\/li>\n<li>Anwendungsbereich<br \/>\nDiese Nutzungsbedingungen (&#8222;Bedingungen&#8220;) regeln die Nutzung von Webseiten unter der Domain machines.live und den auf den Webseiten enthaltenen Informationen (nachfolgend insgesamt &#8222;Informationen&#8220;), die von der Novarion Systems GmbH (&#8222;Novarion&#8220;) zum Abruf und zur Nutzung im Internet bereit gehalten werden. Eine Nutzung der Informationen ist ausschlie\u00dflich nach Ma\u00dfgabe und im Rahmen der nachfolgenden Bestimmungen zul\u00e4ssig Diese Bedingungen k\u00f6nnen nach n\u00e4herer Bestimmung im Einzelfall durch weitere Bedingungen erg\u00e4nzt, modifiziert oder ersetzt werden. Die Nutzung erfolgt stets zu den bei Beginn der jeweiligen Nutzung geltenden Bedingungen; die aktuellen Bedingungen kann der Nutzer jeweils \u00fcber den entsprechenden Hyperlink abrufen. Durch die Aufnahme der Nutzung stimmt der Nutzer der Geltung dieser Bedingungen zu. Ist der Nutzer mit der Geltung dieser Bedingungen nicht einverstanden, so darf er die Informationen nicht nutzen. Falls Novarion es dem Nutzer erm\u00f6glicht, Software \u00fcber Webseiten von Novarion auf sein System herunterzuladen und\/oder unter Nutzung der Systeme von Novarion selbst Informationen zu empfangen und\/oder zu verbreiten, insbesondere durch die Nutzung der Novarion Transaktionsplattform (nachfolgend insgesamt \u201eZusatzdienste\u201d), gelten erg\u00e4nzend und vorrangig zu diesen Allgemeinen Bedingungen die nachfolgend unter II. aufgef\u00fchrten besonderen Bedingungen f\u00fcr Zusatzdienste.<\/li>\n<li>Nutzungszweck<br \/>\nDie Informationen dienen allein der Information unserer Lieferanten, Kunden und anderer Dritter. Sie enthalten keinerlei verbindliche Garantien, Gew\u00e4hrleistungen oder Zusicherungen. Novarion \u00fcbernimmt keine Haftung f\u00fcr Richtigkeit, Vollst\u00e4ndigkeit, Qualit\u00e4t und Zuverl\u00e4ssigkeit der Informationen sowie f\u00fcr Ergebnisse, die durch die Nutzung der Informationen erzielt werden k\u00f6nnen, Zusicherungen oder sonstige Aussagen, auf die wesentliche Entscheidungen &#8211; z. B. zum Erwerb oder Einsatz eines bestimmten Produktes &#8211; gest\u00fctzt werden sollten. Verbindliche Aussagen k\u00f6nnen nur im Einzelfall auf eine konkrete Anfrage hin getroffen werden. Novarion hat die Informationen auf den Webseiten nach bestem Wissen zusammengestellt. Sie k\u00f6nnen sich jedoch jederzeit \u00e4ndern, insbesondere um einer technischen bzw. wirtschaftlichen Weiterentwicklung oder ge\u00e4nderten Einsatz- und Rahmenbedingungen, auch preislich-kommerzieller Art, Rechnung zu tragen, ohne dass es einer Ank\u00fcndigung oder eines Hinweises auf die \u00c4nderung bedarf.<br \/>\nDie Bereitstellung der Informationen erfolgt, soweit dies nicht im Einzelfall abweichend bestimmt ist, unentgeltlich. Novarion beh\u00e4lt sich vor, jederzeit und ohne Vorank\u00fcndigung die Art und den Umfang der bereitgestellten Informationen, sonstigen Leistungen und Erlaubnisse zu \u00e4ndern, die Nutzung zuk\u00fcnftig nur gegen Entgelt zuzulassen oder das Angebot insgesamt einzustellen. Soweit \u00fcber die Webseiten Waren oder andere Leistungen bestellt werden k\u00f6nnen, ist &#8211; soweit nicht ausdr\u00fccklich etwas anderes bestimmt ist &#8211; nicht Novarion selbst der Anbieter, sondern der im Zusammenhang mit dem Waren- oder Leistungsangebot genannte Dritte. Daher kommt ein Vertrag nicht mit Novarion, sondern mit dem anbietenden Dritten zustande. In diesem Fall \u00fcbernimmt Novarion keinerlei Verpflichtungen, insbesondere leistet Novarion keinerlei Gew\u00e4hr f\u00fcr diese Leistungen, weder daf\u00fcr, dass sie zur Verf\u00fcgung stehen noch daf\u00fcr, dass Art, Anzahl und G\u00fcte der Leistungen der Bestellung, der Vorstellung oder sonstigen Anspr\u00fcchen und Spezifikationen des Nutzers entsprechen.<\/li>\n<li>Urheber- und Nutzungsrechte<br \/>\nS\u00e4mtliche Informationen auf den Webseiten von Novarion sind in der Regel zugunsten von Novarion oder Dritten durch nationale Bestimmungen und zwischenstaatliche \u00fcbereinkommen rechtlich, insbesondere urheberrechtlich, gesch\u00fctzt. Die Verwertung, insbesondere die Vervielf\u00e4ltigung, Verbreitung, Auff\u00fchrung, Vorf\u00fchrung, Sendung, Zug\u00e4nglichmachung und sonstige Wiedergabe sowie Bearbeitungen und Umgestaltungen sind nur mit ausdr\u00fccklicher vorheriger schriftlicher Zustimmung von Novarion oder dem betroffenen Dritten zul\u00e4ssig. Insbesondere d\u00fcrfen Informationen nicht ganz oder teilweise auf Webseiten Dritter ver\u00f6ffentlicht werden.<br \/>\nSoweit dies nicht im Einzelfall abweichend geregelt ist, r\u00e4umt Novarion dem Nutzer das einfache, jederzeit widerrufliche, nicht ausschlie\u00dfliche, nicht \u00fcbertragbare Recht zur Nutzung der Informationen f\u00fcr eigene, nicht kommerzielle Zwecke ein. Etwaige Urheberrechts- und vergleichbare Vermerke sind unver\u00e4ndert zu \u00fcbernehmen.<\/li>\n<li>Registrierung<br \/>\nDie Nutzung einzelner oder aller Webseiten kann Novarion von einer vorherigen Registrierung abh\u00e4ngig machen. Auf eine Registrierung durch Novarion besteht kein Anspruch. Novarion beh\u00e4lt sich insbesondere vor, auch bisher frei zug\u00e4ngliche Webseiten einer Registrierungspflicht zu unterwerfen. Soweit dies nach Inhalt und Zweck der betroffenen Seiten m\u00f6glich und sinnvoll ist, wird Novarion die anonyme bzw. pseudonyme Nutzung der Seiten erm\u00f6glichen. Sind personenbezogene Daten anzugeben, so ist der Nutzer verpflichtet, vollst\u00e4ndige und zutreffende Angaben zu machen und die Daten bei Ver\u00e4nderungen online oder, soweit eine Online-\u00e4nderungsm\u00f6glichkeit nicht besteht, durch schriftliche Mitteilung an Novarion zu aktualisieren.<br \/>\nGestattet Novarion dem Nutzer auf Antrag die Nutzung, so \u00fcberl\u00e4sst Novarion dem Nutzer eine Zugangskennung und ein Passwort (\u201eZugangsdaten\u201d). Die Zugangsdaten sind vom Nutzer geheim zu halten und d\u00fcrfen nicht an Dritte weitergegeben werden. Hat der Nutzer Grund zu der Annahme, dass seine Zugangsdaten Dritten vollst\u00e4ndig oder teilweise bekannt geworden sein k\u00f6nnten, so ist er verpflichtet, Novarion unverz\u00fcglich schriftlich \u2212 ggf. vorab per e-Mail \u2212 davon zu unterrichten (\u201eSperrmitteilung\u201d); Novarion wird die Zugangsdaten dann baldm\u00f6glichst sperren. Handlungen oder Unterlassungen Dritter, die unter Nutzung seiner Zugangsdaten bis zum Ablauf einer f\u00fcr die Sperrung erforderlichen angemessenen Zeit nach Eingang der Sperrmitteilung bei Novarion erfolgen, werden dem Nutzer zugerechnet, soweit er nicht nachweist, dass er die Handlung oder Unterlassung nicht zu vertreten hat, und dass sie auch im Falle der geh\u00f6rigen Beachtung der erforderlichen Sorgfalt, insbes. der Geheimhaltungsverpflichtungen, geschehen w\u00e4re.<br \/>\nNovarion ist jederzeit berechtigt, die Zugangsberechtigung durch Sperrung der Zugangsdaten zu widerrufen, ohne dass es der Angabe von Gr\u00fcnden bedarf, insbesondere wenn der Nutzer zur Registrierung falsche Angaben gemacht, gegen diese Bedingungen oder gegen seine Sorgfaltspflichten im Umgang mit den Zugangsdaten versto\u00dfen hat.<\/li>\n<li>Datenschutz<br \/>\nDem Nutzer ist bekannt, dass die von ihm \u00fcbermittelten personenbezogenen Daten im Rahmen der datenschutzrechtlichen Bestimmungen, insbesondere des Bundesdatenschutzgesetzes und des Teledienstedatenschutzgesetzes, erhoben, verarbeitet und genutzt werden. Novarion verpflichtet sich, die bei der Registrierung und bei der Nutzung erhobenen, verarbeiteten und gespeicherten Daten lediglich innerhalb unternehmensintern zu nutzen und nicht an au\u00dfenstehende Dritte weiterzugeben, sofern hierzu keine gesetzlich oder beh\u00f6rdlich angeordnete Verpflichtung besteht oder der Nutzer einer solchen Verwendung ausdr\u00fccklich zugestimmt hat. Soweit dies zur Abwicklung von online geschlossenen Vertr\u00e4gen erforderlich ist, d\u00fcrfen die bei der Registrierung erhobenen Nutzerdaten jedoch an die jeweiligen Vertragspartner und Dritte weitergeleitet werden.<\/li>\n<li>Hyperlinks<br \/>\nAuf den Webseiten von Novarion k\u00f6nnen Hyperlinks (Verkn\u00fcpfungen) zu anderen Webseiten oder Dokumenten enthalten sein, die von Dritten bereitgehalten werden. Novarion haftet nicht f\u00fcr die Verf\u00fcgbarkeit, Vollst\u00e4ndigkeit oder Fehlerfreiheit dieser Webseiten und Dokumente. Novarion macht sich insbesondere diese Inhalte Dritter nicht zu Eigen, da Novarion die verlinkten Informationen nicht kontrolliert und f\u00fcr die dort bereit gehaltenen Inhalte und Informationen auch nicht verantwortlich ist. Der Nutzer wird selbst Ma\u00dfnahmen zum Schutz vor Viren und anderen destruktiven Daten treffen. Die Seiten Dritter k\u00f6nnen wie die Webseiten von Novarion urheberrechtlich oder durch andere Vorschriften gesch\u00fctzt sein und unterliegen unter Umst\u00e4nden gesonderten Nutzungsbedingungen.<\/li>\n<li>Haftung<br \/>\nAufgrund der Unverbindlichkeit der Informationen (siehe dazu insbesondere Ziffer I 2) ist jede Haftung f\u00fcr die Richtigkeit der Informationen ausgeschlossen.<br \/>\nNovarion haftet auch nicht f\u00fcr Sch\u00e4den, gleich aus welchem Rechtsgrund, die sich aus der Nutzung, der Unm\u00f6glichkeit der Nutzung oder etwaigen Hard- oder Softwarefehlern der Webseiten ergeben. Das Herunterladen oder der sonstige Erhalt von Informationen und Daten bei der Nutzung der Webseiten geschieht auf eigene Gefahr. Novarion \u00fcbernimmt keine Haftung f\u00fcr die Daten und Informationen, insbesondere nicht hinsichtlich deren Benutzbarkeit, Richtigkeit, Vollst\u00e4ndigkeit und Virenfreiheit.<br \/>\nDie Nutzung erfolgt in der alleinigen Verantwortung des Nutzers. Die Haftung von Novarion f\u00fcr jegliche Sch\u00e4den, die sich aus der Nutzung der Webseiten ergeben, insbesondere f\u00fcr Betriebsunterbrechung, entgangenen Gewinn, Verlust von Informationen und Daten sowie Mangelfolgesch\u00e4den, ist ausgeschlossen, soweit nicht in F\u00e4llen des Vorsatzes, der groben Fahrl\u00e4ssigkeit, bei Beschaffenheitsgarantien oder wegen Verletzung wesentlicher Vertragspflichten zwingend gehaftet wird. Der Schadenersatz wegen Verletzung wesentlicher Vertragspflichten ist jedoch begrenzt auf den vertragstypischen, vorhersehbaren Schaden, soweit nicht Vorsatz oder grobe Fahrl\u00e4ssigkeit vorliegt.<br \/>\nDie Haftung nach dem Produkthaftungsgesetz bleibt von den vorstehenden Regeln unber\u00fchrt.<br \/>\nDie Haftung von Novarion ist ferner ausgeschlossen f\u00fcr Sch\u00e4den, die durch Viren, Trojanische Pferde, Hoax-Viren oder vergleichbare Programmierungen verursacht werden, sowie f\u00fcr Programme, Programmteile oder Codes, durch die eine \u00e4hnliche Beeintr\u00e4chtigung, Zerst\u00f6rung oder Stilllegung von Systemen oder Teilen derselben herbeigef\u00fchrt wird. Der Nutzer wird selbst Ma\u00dfnahmen zum Schutz vor Viren und anderen destruktiven Daten treffen.<br \/>\nDie Haftung von Novarion f\u00fcr die fehlerhafte \u00dcbermittlung von Bestellungen, Manipulation dieser Bestelldaten durch Dritte, insbesondere durch unerlaubten Zugriff auf die Netzwerke und Systeme von Novarion, oder Nicht\u00fcbermittlung von Bestellungen ist ausgeschlossen.<br \/>\nSoweit Novarion Telekommunikationsdienstleistungen erbringt, ist die Haftung von Novarion f\u00fcr Verm\u00f6genssch\u00e4den, die nicht vors\u00e4tzlich verursacht wurden, auf EUR 12.000 im Einzelfall begrenzt. Der Haftungsh\u00f6chstbetrag wird anteilig gemindert, wenn die Gesamtsumme der Haftungsanspr\u00fcche aller Gesch\u00e4digten wegen eines Schadensereignisses einen Betrag von EUR 10.000.000 \u00fcberschreitet.<\/li>\n<li>Rechtswahl, Gerichtsstand<br \/>\nAuf diese Nutzungsbedingungen und die Nutzung von Informationen findet ausschlie\u00dflich \u00f6sterreichisches Recht ohne Bestimmungen, die auf andere Rechtsordnungen weiter verweisen, Anwendung. Die Anwendung des \u00dcbereinkommens \u00fcber den internationalen Warenkauf (\u201eUN-Kaufrecht\u201d) wird ausgeschlossen. Gerichtsstand ist Wien, soweit der Nutzer Kaufmann, juristische Person des \u00f6ffentlichen Rechts oder \u00f6ffentlich-rechtliches Sonderverm\u00f6gen ist oder keinen allgemeinen Gerichtsstand in \u00d6sterreich hat.<\/li>\n<li>Sonstige Bestimmungen<br \/>\nSofern f\u00fcr Erkl\u00e4rungen und Handlungen ein Datum oder eine Uhrzeit ma\u00dfgeblich ist, gelten das Datum und die Uhrzeit des Novarion-Servers, sofern nicht der Nutzer nachweist, dass zu einem anderen Zeitpunkt die Erkl\u00e4rung abgegeben oder die Handlung vorgenommen worden ist.<\/li>\n<\/ol>\n<p>&nbsp;<\/p>\n<ol>\n<li><strong> Besondere Bedingungen f\u00fcr Zusatzdienste<\/strong><\/li>\n<li>Anwendungsbereich<br \/>\nDiese besonderen Bedingungen f\u00fcr Software und Informationen des Nutzers gelten in allen F\u00e4llen, in denen Novarion dem Nutzer erm\u00f6glicht, Software \u00fcber Webseiten von Novarion auf sein System herunterzuladen und\/oder unter Nutzung der Systeme von Novarion selbst Informationen zu empfangen und\/oder zu verbreiten, insbesondere durch die Nutzung der Novarion Transaktionsplattform (nachfolgend insgesamt \u201eZusatzdienste\u201d).<br \/>\nDie vorstehenden Allgemeinen Bedingungen finden auf Zusatzdienste ohne Einschr\u00e4nkung Anwendung, soweit nicht die nachfolgenden Bedingungen von ihnen abweichende Regelungen treffen.<\/li>\n<li>Urheberrecht<br \/>\nSoweit Novarion auf den Webseiten die M\u00f6glichkeit zum Herunterladen von Software er\u00f6ffnet, gelten die daf\u00fcr im Einzelfall vorgesehenen gesonderten Bestimmungen; fehlen solche Bestimmungen, so gilt: Novarion r\u00e4umt dem Nutzer das Recht ein, durch Herunterladen auf einem Computersystem eine (1) Kopie der Software zu erstellen, sie zu installieren und ausschlie\u00dflich f\u00fcr pers\u00f6nliche, nicht kommerzielle Zwecke zu nutzen. Der Nutzer ist nicht berechtigt, ohne vorherige schriftliche Zustimmung von Novarion die Software zu verwerten, insbesondere zu vervielf\u00e4ltigen, zu bearbeiten, zur\u00fcckzuentwickeln oder an Dritte weiterzugeben. Die Einr\u00e4umung dieses einfachen Nutzungsrechtes erfolgt wie vorhanden, unter Ausschluss jeder M\u00e4ngelhaftung und sonstiger Haftung.<br \/>\nDas Urheberrecht f\u00fcr Beitr\u00e4ge von Teilnehmern, zum Beispiel in Katalogen, Foren, auf Schwarzen Brettern und dergleichen, verbleibt beim jeweiligen Nutzer. Novarion ist jedoch berechtigt, den Beitrag dauerhaft auf den Webseiten von Novarion zu pr\u00e4sentieren, zu verbreiten, zum Abruf durch Dritte bereitzuhalten oder bei Werbung aller Art f\u00fcr Novarion auf jede Weise in allen Medien zu nutzen.<\/li>\n<li>Informationen des Nutzers<br \/>\nSoweit Novarion dem Nutzer die M\u00f6glichkeit er\u00f6ffnet, selbst Informationen bereitzustellen oder zus\u00e4tzliche Leistungen in Anspruch zu nehmen, erfolgt dies im Rahmen angemessener technischer und betrieblicher Mittel und es gelten erg\u00e4nzend folgende Bestimmungen:<\/li>\n<\/ol>\n<ul>\n<li>Der Nutzer ist verpflichtet, nur solche Informationen (unter Einschluss von Software und anderen Daten) zu \u00fcbermitteln, die nicht vertraulich, nicht zugunsten Dritter gesch\u00fctzt sind und keinen sch\u00e4dlichen Code (z.B. Viren, trojanische Pferde und dergleichen) beinhalten. Die Informationen m\u00fcssen frei nutzbar sein, insbesondere d\u00fcrfen keine Rechte Dritter bestehen.<\/li>\n<li>Der Nutzer haftet daf\u00fcr, dass die von ihm geladenen, gespeicherten, verbreiteten und\/oder ver\u00f6ffentlichten Inhalte nicht gegen geltendes Recht, insbesondere gesetzliche oder beh\u00f6rdliche Verbote, oder gegen die guten Sitten versto\u00dfen.<\/li>\n<li>Der Teilnehmer darf insbesondere keine Inhalte laden, speichern, verbreiten und\/oder ver\u00f6ffentlichen, die Rechte Dritter verletzen oder beeintr\u00e4chtigen k\u00f6nnen, die illegal, volksverhetzend, pornographisch, f\u00fcr Minderj\u00e4hrige ungeeignet oder anst\u00f6\u00dfig sind oder f\u00fcr diese gehalten werden k\u00f6nnen.<\/li>\n<li>Der Nutzer darf keine Werbung, Viren oder unaufgeforderte E-Mail-Sendungen (sogenannten \u201eSpam\u201d) verbreiten oder zur Teilnahme an Gewinnspielen, Schneeballsystemen, Kettenbrief-, Pyramidenspiel- und vergleichbaren Aktionen auffordern.<\/li>\n<li>Im Falle von vorwerfbaren Verst\u00f6\u00dfen stellt der Nutzer Novarion von etwaigen Anspr\u00fcchen Dritter in vollem Umfang frei.<\/li>\n<li>Novarion ist berechtigt, jederzeit ohne Ank\u00fcndigung und ohne Angabe von Gr\u00fcnden vom Nutzer eingestellte Informationen zu sperren oder zu l\u00f6schen.<\/li>\n<\/ul>\n<ol start=\"4\">\n<li>Systemnutzung<br \/>\nGestattet Novarion dem Nutzer die Nutzung von informationstechnischen Systemen von Novarion, z.B. dem Novarion Transaktionsplattform, so ist der Nutzer verpflichtet, unter Beachtung etwaiger technischer Vorgaben durch Novarion sich die f\u00fcr den Zugriff auf das Novarion-System erforderlichen Voraussetzungen (z.B. Computer, Internet-Zugang, Browser) selbst zu beschaffen, zu unterhalten und die daraus resultierenden Kosten zu tragen. Der Nutzer hat die im Einzelfall vorgegebenen Beschr\u00e4nkungen (z.B. hinsichtlich der Zahl und L\u00e4nge von Nachrichten, des Speicherplatzes und dergleichen) zu beachten. F\u00fcr die Nachrichten gilt insbesondere Ziffer II 3 entsprechend. Novarion ist nicht verpflichtet, Unterst\u00fctzung (Support) bei der oder zur Erm\u00f6glichung der Nutzung von Zusatzleistungen zu erbringen.<br \/>\nNovarion beh\u00e4lt sich vor, den vom Nutzer eingestellten oder an Dritte \u00fcbermittelten Informationen (unter Einschluss von SMS-Nachrichten und E-Mails) werbende Hinweise auf die Nutzung von Novarion-Systemen oder auf Novarion-Produkte und Leistungen anzuf\u00fcgen. Der Nutzer ist nicht berechtigt, derartige Hinweise zu entfernen oder zu unterdr\u00fccken.<br \/>\nDie Systeme d\u00fcrfen nicht mittels Scripts oder Software in automatisierter oder halbautomatisierter Weise, insbesondere zum Massenversand, sondern nur nach Ma\u00dfgabe der jeweiligen Nutzungsanleitung genutzt werden. Soweit die Angabe von pers\u00f6nlichen Informationen vorgeschrieben ist (z.B. als Absenderangabe oder als Impressum), wird der Nutzer diese Angaben wahrheitsgem\u00e4\u00df und vollst\u00e4ndig machen.<br \/>\nEin Anspruch auf Verf\u00fcgbarkeit oder Aufrechterhaltung des Systems oder der Zusatzdienste, insbesondere der Novarion Transaktionsplattform, besteht nicht. Novarion \u00fcbernimmt keine Gew\u00e4hr f\u00fcr den umgehenden Versand, die unverz\u00f6gerte \u00dcbermittlung, die Zustellbarkeit und den Zugang von Nachrichten beim Empf\u00e4nger.<\/li>\n<li>Rechtswahl, Gerichtsstand<br \/>\nAuf diese Nutzungsbedingungen und die Nutzung von Informationen findet ausschlie\u00dflich \u00f6sterreichisches Recht ohne Bestimmungen, die auf andere Rechtsordnungen weiter verweisen, Anwendung. Die Anwendung des \u00dcbereinkommens \u00fcber den internationalen Warenkauf (&#8222;UN-Kaufrecht&#8220;) wird ausgeschlossen. Gerichtsstand ist Wien, soweit der Nutzer Kaufmann, juristische Person des \u00f6ffentlichen Rechts oder \u00f6ffentlich-rechtliches Sonderverm\u00f6gen ist oder keinen allgemeinen Gerichtsstand in \u00d6sterreich hat.<\/li>\n<\/ol>\n<p><strong>Anschrift:<\/strong><br \/>\nNovarion Systems GmbH<br \/>\nKranichberggasse 6<br \/>\nA-1120 Wien<\/p>\n<p>Tel.: +43 (0) 1 5441159-0<br \/>\nFax.: +43 (0) 1 5441159-1110<br \/>\nEmail: office@novarion.com<\/p>\n<p>Stand: J\u00e4nner 2020[\/vc_column_text][\/vc_column][\/vc_row]<\/p>\n<\/div>","protected":false},"excerpt":{"rendered":"<p>Create a classic grid layout with 70+ custom options.<\/p>\n","protected":false},"author":6,"featured_media":0,"parent":0,"menu_order":0,"comment_status":"open","ping_status":"closed","template":"","meta":{"footnotes":""},"class_list":["post-85532","page","type-page","status-publish","hentry"],"_links":{"self":[{"href":"https:\/\/www.novarion.systems\/de\/wp-json\/wp\/v2\/pages\/85532","targetHints":{"allow":["GET"]}}],"collection":[{"href":"https:\/\/www.novarion.systems\/de\/wp-json\/wp\/v2\/pages"}],"about":[{"href":"https:\/\/www.novarion.systems\/de\/wp-json\/wp\/v2\/types\/page"}],"author":[{"embeddable":true,"href":"https:\/\/www.novarion.systems\/de\/wp-json\/wp\/v2\/users\/6"}],"replies":[{"embeddable":true,"href":"https:\/\/www.novarion.systems\/de\/wp-json\/wp\/v2\/comments?post=85532"}],"version-history":[{"count":0,"href":"https:\/\/www.novarion.systems\/de\/wp-json\/wp\/v2\/pages\/85532\/revisions"}],"wp:attachment":[{"href":"https:\/\/www.novarion.systems\/de\/wp-json\/wp\/v2\/media?parent=85532"}],"curies":[{"name":"wp","href":"https:\/\/api.w.org\/{rel}","templated":true}]}}