{"id":85543,"date":"2021-04-16T07:24:35","date_gmt":"2021-04-16T07:24:35","guid":{"rendered":"http:\/\/prod.novarion.systems\/logistik-automotive\/"},"modified":"2025-02-07T12:34:57","modified_gmt":"2025-02-07T12:34:57","slug":"logistik-automotive","status":"publish","type":"page","link":"https:\/\/www.novarion.systems\/de\/industrie\/logistik-automotive\/","title":{"rendered":"Logistik &amp; Automotive"},"content":{"rendered":"<div class=\"wpb-content-wrapper\"><p>[vc_row][vc_column width=&#8220;1\/1&#8243;][uncode_breadcrumbs][\/vc_column][\/vc_row][vc_row row_height_percent=&#8220;0&#8243; override_padding=&#8220;yes&#8220; h_padding=&#8220;2&#8243; top_padding=&#8220;2&#8243; bottom_padding=&#8220;3&#8243; overlay_alpha=&#8220;50&#8243; gutter_size=&#8220;4&#8243; column_width_percent=&#8220;100&#8243; shift_y=&#8220;0&#8243; z_index=&#8220;0&#8243; content_parallax=&#8220;0&#8243; uncode_shortcode_id=&#8220;555503&#8243;][vc_column column_width_percent=&#8220;100&#8243; position_vertical=&#8220;middle&#8220; gutter_size=&#8220;3&#8243; overlay_alpha=&#8220;50&#8243; shift_x=&#8220;0&#8243; shift_y=&#8220;0&#8243; shift_y_down=&#8220;0&#8243; z_index=&#8220;0&#8243; medium_width=&#8220;0&#8243; mobile_width=&#8220;0&#8243; width=&#8220;1\/2&#8243;][vc_single_image media=&#8220;89063&#8243; media_width_percent=&#8220;100&#8243; media_ratio=&#8220;four-three&#8220; shape=&#8220;img-round&#8220; radius=&#8220;hg&#8220; uncode_shortcode_id=&#8220;854786&#8243;][\/vc_column][vc_column column_width_percent=&#8220;100&#8243; position_horizontal=&#8220;left&#8220; position_vertical=&#8220;middle&#8220; gutter_size=&#8220;3&#8243; overlay_alpha=&#8220;50&#8243; shift_x=&#8220;0&#8243; shift_y=&#8220;0&#8243; shift_y_down=&#8220;0&#8243; z_index=&#8220;0&#8243; medium_width=&#8220;0&#8243; mobile_width=&#8220;0&#8243; width=&#8220;1\/2&#8243;][vc_column_text]Die heutigen globalen Lieferketten sind nicht weniger interaktiv als die Finanzwelt, aber die Physik und ihre unflexiblen Regeln kommen ins Spiel. IoT-Netzwerke liefern riesige Datenmengen, und klassische Computerarchitekturen sind mit unvorhersehbaren IO-gesteuerten Aufgaben und Benutzerverhalten \u00fcberfordert. Dar\u00fcber hinaus ist die Sicherheit von Menschen und G\u00fctern von gr\u00f6\u00dfter Bedeutung, und die Zeitverz\u00f6gerungen durch langsame Computer k\u00f6nnen nicht toleriert werden.<br \/>\nDies sind gro\u00dfe Hindernisse f\u00fcr den offensichtlichen Fortschritt durch neue Technologien wie autonome Fahrzeuge oder Drohnen und automatisiertes Routing, von denen die gesamte Branche profitieren w\u00fcrde, ganz zu schweigen von den positiven Auswirkungen auf die Umwelt.  <\/p>\n<p>Die Transaktionsleistung des hybriden Quantencomputers von Novarion, der auch in Cloud- und Edge-Varianten erh\u00e4ltlich ist, bringt Sie und Ihr Unternehmen in eine neue \u00c4ra der M\u00f6glichkeiten in der Logistik. Autonome Fahrzeuge oder Verkehrssteuerung und -optimierung in Echtzeit werden die Art und Weise, wie wir pendeln und leben, ver\u00e4ndern. L\u00f6sen Sie schon heute Optimierungsprobleme (Traveling Salesman Problem) mit unseren Quantenverschl\u00fcsselungsalgorithmen oder Computer Vision auf der Basis von Quanten-Maschinenlernen![\/vc_column_text][\/vc_column][\/vc_row][vc_row][vc_column column_width_percent=&#8220;100&#8243; position_vertical=&#8220;middle&#8220; gutter_size=&#8220;3&#8243; overlay_alpha=&#8220;50&#8243; shift_x=&#8220;0&#8243; shift_y=&#8220;0&#8243; shift_y_down=&#8220;0&#8243; z_index=&#8220;0&#8243; medium_width=&#8220;0&#8243; mobile_width=&#8220;0&#8243; width=&#8220;1\/2&#8243; uncode_shortcode_id=&#8220;116178&#8243;][vc_custom_heading heading_semantic=&#8220;h4&#8243; text_size=&#8220;h4&#8243; uncode_shortcode_id=&#8220;336386&#8243;]Logistik &amp; Automotive mit KI[\/vc_custom_heading][vc_column_text uncode_shortcode_id=&#8220;166884&#8243;]Novarion bringt <strong>k\u00fcnstliche Intelligenz und High-Performance Computing in Logistik &amp; Automobilindustrie<\/strong> und erm\u00f6glicht autonomes Fahren, intelligente Lieferketten und optimierte Flottenmanagement-Systeme.[\/vc_column_text][uncode_list uncode_shortcode_id=&#8220;103185&#8243;]<strong>Use Cases:<\/strong><\/p>\n<ul>\n<li><strong>Autonome Fahrzeuge &amp; Simulation:<\/strong> AI-gest\u00fctzte Simulationen verk\u00fcrzen die Entwicklungszeit neuer Fahrzeuge.<\/li>\n<li><strong>KI in der Lagerlogistik:<\/strong> Automatisierte Lagersysteme mit Bilderkennung und Robotik steigern Effizienz.<\/li>\n<li><strong>Optimierte Routenplanung:<\/strong> Echtzeit-Analysen minimieren Transportkosten und CO\u2082-Emissionen.<\/li>\n<\/ul>\n<p>[\/uncode_list][\/vc_column][vc_column column_width_percent=&#8220;100&#8243; position_vertical=&#8220;middle&#8220; gutter_size=&#8220;3&#8243; overlay_alpha=&#8220;50&#8243; shift_x=&#8220;0&#8243; shift_y=&#8220;0&#8243; shift_y_down=&#8220;0&#8243; z_index=&#8220;0&#8243; medium_width=&#8220;0&#8243; mobile_width=&#8220;0&#8243; width=&#8220;1\/2&#8243; uncode_shortcode_id=&#8220;605096&#8243;][vc_single_image media=&#8220;97959&#8243; media_width_percent=&#8220;100&#8243; shape=&#8220;img-round&#8220; radius=&#8220;hg&#8220; uncode_shortcode_id=&#8220;570365&#8243;][\/vc_column][\/vc_row]<\/p>\n<\/div>","protected":false},"excerpt":{"rendered":"<p>Erstellen Sie ein klassisches Rasterlayout mit \u00fcber 70 benutzerdefinierten Optionen.<\/p>\n","protected":false},"author":6,"featured_media":0,"parent":86694,"menu_order":0,"comment_status":"open","ping_status":"closed","template":"","meta":{"footnotes":""},"class_list":["post-85543","page","type-page","status-publish","hentry"],"_links":{"self":[{"href":"https:\/\/www.novarion.systems\/de\/wp-json\/wp\/v2\/pages\/85543","targetHints":{"allow":["GET"]}}],"collection":[{"href":"https:\/\/www.novarion.systems\/de\/wp-json\/wp\/v2\/pages"}],"about":[{"href":"https:\/\/www.novarion.systems\/de\/wp-json\/wp\/v2\/types\/page"}],"author":[{"embeddable":true,"href":"https:\/\/www.novarion.systems\/de\/wp-json\/wp\/v2\/users\/6"}],"replies":[{"embeddable":true,"href":"https:\/\/www.novarion.systems\/de\/wp-json\/wp\/v2\/comments?post=85543"}],"version-history":[{"count":0,"href":"https:\/\/www.novarion.systems\/de\/wp-json\/wp\/v2\/pages\/85543\/revisions"}],"up":[{"embeddable":true,"href":"https:\/\/www.novarion.systems\/de\/wp-json\/wp\/v2\/pages\/86694"}],"wp:attachment":[{"href":"https:\/\/www.novarion.systems\/de\/wp-json\/wp\/v2\/media?parent=85543"}],"curies":[{"name":"wp","href":"https:\/\/api.w.org\/{rel}","templated":true}]}}