{"id":85547,"date":"2021-05-12T07:10:45","date_gmt":"2021-05-12T07:10:45","guid":{"rendered":"http:\/\/prod.novarion.systems\/impressum\/"},"modified":"2021-09-07T15:38:45","modified_gmt":"2021-09-07T15:38:45","slug":"impressum","status":"publish","type":"page","link":"https:\/\/www.novarion.systems\/de\/impressum\/","title":{"rendered":"Impressum"},"content":{"rendered":"<div class=\"wpb-content-wrapper\"><p>[vc_row][vc_column width=&#8220;1\/1&#8243;][uncode_breadcrumbs][\/vc_column][\/vc_row][vc_row row_height_percent=&#8220;0&#8243; overlay_alpha=&#8220;50&#8243; gutter_size=&#8220;4&#8243; column_width_percent=&#8220;100&#8243; shift_y=&#8220;0&#8243; z_index=&#8220;0&#8243;][vc_column width=&#8220;1\/1&#8243;][vc_column_text]<strong>Informationen gem\u00e4\u00df \u00a7 5 ECG und \u00a7 25 Mediengesetz<\/strong><\/p>\n<p><strong>Inhaber der Website:<\/strong><\/p>\n<p>Novarion Systems GmbH<\/p>\n<p>Kranichberggasse 6<br \/>\n1120 Wien<\/p>\n<p>Tel.: +43 1 5441159 &#8211; 0<br \/>\nFax: +43 1 5441159 &#8211; 1110<\/p>\n<p><strong>Firmenbuchnummer:<\/strong>\u00a0243742w<\/p>\n<p><strong>UID:<\/strong>\u00a0AT U57614068<\/p>\n<p><strong>URLs:<\/strong>\u00a0\u00a0<a href=\"http:\/\/prod.novarion.systems\/\">novarion.systems<\/a>\u00a0\u00a0<a href=\"https:\/\/machines.live\/\">machines.live<\/a>\u00a0\u00a0<a href=\"http:\/\/www.novarion.com\/\">www.novarion.com<\/a>\u00a0\u00a0<a href=\"http:\/\/www.novarion.eu\/\">www.novarion.eu<\/a>\u00a0\u00a0<a href=\"http:\/\/www.novarion.at\/\">www.novarion.at<\/a><\/p>\n<p><strong>E-Mail:<\/strong>\u00a0<a href=\"mailto:office@novarion.com\">office@novarion.com<\/a><\/p>\n<p><strong>Firmengericht:<\/strong>\u00a0Handelsgericht Wien<\/p>\n<p><strong>Beh\u00f6rde gem. ECG:<\/strong>\u00a0Magistratisches Bezirksamt des V. Bezirkes<\/p>\n<p><strong>Firmendaten gem. ECG:<\/strong>\u00a0<a href=\"http:\/\/firmen.wko.at\/Web\/DetailsInfos.aspx?FirmaID=b94f564c-83af-4721-ab11-7e8145da82e6&amp;StandortID=150&amp;StandortName=Wien&amp;Branche=974&amp;CategoryID=0&amp;AspxAutoDetectCookieSupport=1\">Informationsseite der WKO<\/a><\/p>\n<p><strong>Anzuwendendes Recht:<\/strong>\u00a0eCommerce-Gesetz (ECG), Mediengesetz, Telekommunikationsgesetz (TKG 2003), Datenschutzgesetz (DSchG 2000), (abrufbar unter\u00a0<a href=\"http:\/\/www.ris.bka.gv.at\/\">www.ris.bka.gv.at<\/a>)<\/p>\n<p><strong>Grundlegende Richtung:<\/strong>\u00a0(\u00a7 25 Abs 4 Mediengesetz) Die Websites sind Online-Medien, welche der Kommunikation zwischen der Firma Novarion ihren Kunden sowie Interessenten dienen.<\/p>\n<p><strong>Disclaimer &amp; Allgemeine Nutzungsbedingungen<\/strong><br \/>\nJede Nutzung der genannten Websites bzw. der darauf angebotenen Bilder, Texte und sonstigen Inhalte unterliegt den nachstehenden Bedingungen:<\/p>\n<p><strong>Haftungsausschluss<\/strong><br \/>\nDie abrufbaren Inhalte werden mit gr\u00f6\u00dftm\u00f6glicher Sorgfalt erstellt und laufend aktualisiert; die Seitenbetreiberin \u00fcbernimmt jedoch keine Verantwortung hinsichtlich der Vollst\u00e4ndigkeit und Korrektheit der bereitgestellten Inhalte bzw. f\u00fcr die Richtigkeit der dargestellten Ansichten. Es wird ausdr\u00fccklich darauf hingewiesen, dass die auf der Website ver\u00f6ffentlichten Inhalte und Informationen selbst keine wie immer geartete Beratung darstellen. F\u00fcr Sch\u00e4den, gleich ob materieller oder immaterieller Natur, die durch die Nutzung der auf diesen Websites dargestellten Informationen entstehen, ist, auch wenn letztgenannte fehlerhaft oder unvollst\u00e4ndig sind, eine Haftung soweit gesetzlich zul\u00e4ssig g\u00e4nzlich ausgeschlossen. Die Seitenbetreiberin haftet auch nicht f\u00fcr allf\u00e4llige rechtswidrige Inhalte externer Websites, auf welche mit direkten oder indirekten Hyperlinks verwiesen wird. Die Verantwortung f\u00fcr derartige externe Informationen tr\u00e4gt ausschlie\u00dflich der Anbieter der jeweiligen Website.<\/p>\n<p><strong>Datenschutz<\/strong><br \/>\nDer Seitenbetreiberin verpflichtet sich, die von Nutzern preisgegebenen personenbezogenen Daten ausschlie\u00dflich nach den geltenden europ\u00e4ischen und \u00f6sterreichischen Datenschutzbestimmungen zu verarbeiten. Mit der Nutzung der Websites wird dabei die Zustimmung erteilt, dass die bereitgestellten personenbezogenen Daten (zB. Name, Adresse, Verbindungsdaten, IP-Adressen, Serverlogs) iSd Datenschutzgesetzes 2000 verwendet werden k\u00f6nnen. Diese Zustimmung zur Verwendung und Verarbeitung personenbezogener Daten kann von den Nutzern jederzeit und frei widerrufen.<\/p>\n<p><strong>Urheberrechte<\/strong><br \/>\nDie Inhalte dieser Websites sind urheberrechtlich gesch\u00fctzt, der Seitenbetreiberin gestattet jedoch ausdr\u00fccklich die Nutzung der Informationen f\u00fcr den privaten, nicht-kommerziellen Gebrauch. Jegliche Nutzung f\u00fcr \u00f6ffentliche oder kommerzielle Zwecke (insbesondere etwa auf anderen Websites oder vernetzten Rechnern) bedarf der vorherigen, schriftlichen Zustimmung der Seitenbetreiberin. F\u00fcr den Fall der Verletzung von Urheberrechten beh\u00e4lt sich der Seitenbetreiber auch die Geltendmachung von Nutzungsentgelten, Unterlassungs- und Schadensersatzanspr\u00fcchen vor.<\/p>\n<p><strong>Sonstiges<\/strong><br \/>\nF\u00fcr alle Streitigkeiten, welche aus der Nutzung der Websites \/ der darauf ver\u00f6ffentlichten Inhalte resultieren, werden die \u00f6rtliche Zust\u00e4ndigkeit des BG Innere Stadt (Wien) und die Anwendung des Rechts der Republik \u00d6sterreich vereinbart.[\/vc_column_text][\/vc_column][\/vc_row]<\/p>\n<\/div>","protected":false},"excerpt":{"rendered":"<p>Create a classic grid layout with 70+ custom options.<\/p>\n","protected":false},"author":6,"featured_media":0,"parent":0,"menu_order":0,"comment_status":"open","ping_status":"closed","template":"","meta":{"footnotes":""},"class_list":["post-85547","page","type-page","status-publish","hentry"],"_links":{"self":[{"href":"https:\/\/www.novarion.systems\/de\/wp-json\/wp\/v2\/pages\/85547","targetHints":{"allow":["GET"]}}],"collection":[{"href":"https:\/\/www.novarion.systems\/de\/wp-json\/wp\/v2\/pages"}],"about":[{"href":"https:\/\/www.novarion.systems\/de\/wp-json\/wp\/v2\/types\/page"}],"author":[{"embeddable":true,"href":"https:\/\/www.novarion.systems\/de\/wp-json\/wp\/v2\/users\/6"}],"replies":[{"embeddable":true,"href":"https:\/\/www.novarion.systems\/de\/wp-json\/wp\/v2\/comments?post=85547"}],"version-history":[{"count":0,"href":"https:\/\/www.novarion.systems\/de\/wp-json\/wp\/v2\/pages\/85547\/revisions"}],"wp:attachment":[{"href":"https:\/\/www.novarion.systems\/de\/wp-json\/wp\/v2\/media?parent=85547"}],"curies":[{"name":"wp","href":"https:\/\/api.w.org\/{rel}","templated":true}]}}