{"id":85821,"date":"2021-04-13T11:47:20","date_gmt":"2021-04-13T11:47:20","guid":{"rendered":"http:\/\/prod.novarion.systems\/quantum-computing\/"},"modified":"2024-07-16T09:10:14","modified_gmt":"2024-07-16T09:10:14","slug":"quantum-computing","status":"publish","type":"page","link":"https:\/\/www.novarion.systems\/de\/quantum-computing\/","title":{"rendered":"Quantum Computing"},"content":{"rendered":"<div class=\"wpb-content-wrapper\"><p>[vc_row][vc_column width=&#8220;1\/1&#8243;][uncode_breadcrumbs][\/vc_column][\/vc_row][vc_row row_height_percent=&#8220;0&#8243; override_padding=&#8220;yes&#8220; h_padding=&#8220;2&#8243; top_padding=&#8220;2&#8243; bottom_padding=&#8220;4&#8243; overlay_alpha=&#8220;50&#8243; equal_height=&#8220;yes&#8220; gutter_size=&#8220;4&#8243; column_width_percent=&#8220;100&#8243; shift_y=&#8220;0&#8243; z_index=&#8220;0&#8243; el_class=&#8220;icon-box-row odd&#8220; css=&#8220;.vc_custom_1629713571993{padding-top: 40px !important;padding-bottom: 40px !important;}&#8220;][vc_column column_width_percent=&#8220;100&#8243; position_vertical=&#8220;middle&#8220; align_horizontal=&#8220;align_center&#8220; gutter_size=&#8220;3&#8243; overlay_alpha=&#8220;50&#8243; shift_x=&#8220;0&#8243; shift_y=&#8220;0&#8243; shift_y_down=&#8220;0&#8243; z_index=&#8220;0&#8243; align_medium=&#8220;align_left_tablet&#8220; medium_width=&#8220;0&#8243; align_mobile=&#8220;align_left_mobile&#8220; mobile_width=&#8220;0&#8243; width=&#8220;1\/2&#8243;][vc_single_image media=&#8220;89101&#8243; media_width_percent=&#8220;100&#8243; alignment=&#8220;center&#8220;][\/vc_column][vc_column column_width_percent=&#8220;100&#8243; position_vertical=&#8220;middle&#8220; gutter_size=&#8220;3&#8243; overlay_alpha=&#8220;50&#8243; shift_x=&#8220;0&#8243; shift_y=&#8220;0&#8243; shift_y_down=&#8220;0&#8243; z_index=&#8220;0&#8243; medium_width=&#8220;0&#8243; mobile_width=&#8220;0&#8243; width=&#8220;1\/2&#8243;][vc_custom_heading heading_semantic=&#8220;h3&#8243; text_size=&#8220;h3&#8243;]Hybrid Quantum Computing[\/vc_custom_heading][vc_column_text]Als Teil einer der fortschrittlichsten Quantum-IT-Technologiegruppen sind wir begeistert und stolz darauf, diese Technologie zu entwickeln und unseren Kunden zu erm\u00f6glichen, Hybrid Quantum Computing schon heute zu nutzen, um ihre ehrgeizigen Ziele zu erreichen.<\/p>\n<p>Informieren Sie sich jetzt \u00fcber die Hybrid Cloud, Quantensicherheit und andere damit verbundene Dienstleistungen, die Novarion und seine Unternehmensgruppe Ihnen anbieten k\u00f6nnen![\/vc_column_text][vc_button border_width=&#8220;0&#8243; link=&#8220;url:%2Fde%2Fquantum-computing%2Fhybrid-quantum-computing%2F|title:Hybrid%20Quantum%20Computing&#8220; uncode_shortcode_id=&#8220;979440&#8243;]Mehr Erfahren[\/vc_button][\/vc_column][\/vc_row][vc_row row_height_percent=&#8220;0&#8243; override_padding=&#8220;yes&#8220; h_padding=&#8220;2&#8243; top_padding=&#8220;4&#8243; bottom_padding=&#8220;4&#8243; back_color=&#8220;color-156877&#8243; overlay_alpha=&#8220;50&#8243; equal_height=&#8220;yes&#8220; gutter_size=&#8220;4&#8243; column_width_percent=&#8220;100&#8243; shift_y=&#8220;0&#8243; z_index=&#8220;0&#8243; el_class=&#8220;icon-box-row even&#8220; css=&#8220;.vc_custom_1629713588032{padding-top: 40px !important;padding-bottom: 40px !important;}&#8220;][vc_column column_width_percent=&#8220;100&#8243; position_vertical=&#8220;middle&#8220; gutter_size=&#8220;3&#8243; overlay_alpha=&#8220;50&#8243; shift_x=&#8220;0&#8243; shift_y=&#8220;0&#8243; shift_y_down=&#8220;0&#8243; z_index=&#8220;0&#8243; medium_width=&#8220;0&#8243; mobile_width=&#8220;0&#8243; width=&#8220;1\/2&#8243;][vc_custom_heading heading_semantic=&#8220;h3&#8243; text_size=&#8220;h3&#8243;]Hybrid Cloud Computing[\/vc_custom_heading][vc_column_text]Mit dem Hybrid Quantum Computing bietet Novarion den weltweit ersten Cloud Computing Service an.<\/p>\n<p>Bereitgestellt in einer privaten Cloud, gehosted in Europa, wird ein GDPR konformer Zugang ausschlie\u00dflich f\u00fcr unsere Kunden bereitgestellt.<\/p>\n<p>Ihre Daten und IP-Adressen werden anonym behandelt und nicht an Dritte weitergegeben. Der Service wird von Novarions-Tochterfirma QMware zur Verf\u00fcgung gestellt.[\/vc_column_text][vc_button border_width=&#8220;0&#8243; link=&#8220;url:%2Fde%2Fquantum-computing%2Fhybrid-cloud-computing%2F|title:Hybrid%20Cloud%20Computing&#8220; uncode_shortcode_id=&#8220;957146&#8243;]Mehr Erfahren[\/vc_button][\/vc_column][vc_column column_width_percent=&#8220;100&#8243; position_vertical=&#8220;middle&#8220; align_horizontal=&#8220;align_center&#8220; gutter_size=&#8220;3&#8243; overlay_alpha=&#8220;50&#8243; shift_x=&#8220;0&#8243; shift_y=&#8220;0&#8243; shift_y_down=&#8220;0&#8243; z_index=&#8220;0&#8243; medium_width=&#8220;0&#8243; mobile_width=&#8220;0&#8243; width=&#8220;1\/2&#8243;][vc_single_image media=&#8220;89120&#8243; media_width_percent=&#8220;87&#8243; media_ratio=&#8220;three-two&#8220; alignment=&#8220;right&#8220;][\/vc_column][\/vc_row][vc_row row_height_percent=&#8220;0&#8243; override_padding=&#8220;yes&#8220; h_padding=&#8220;2&#8243; top_padding=&#8220;4&#8243; bottom_padding=&#8220;4&#8243; overlay_alpha=&#8220;50&#8243; equal_height=&#8220;yes&#8220; gutter_size=&#8220;4&#8243; column_width_percent=&#8220;100&#8243; shift_y=&#8220;0&#8243; z_index=&#8220;0&#8243; el_class=&#8220;icon-box-row odd&#8220; css=&#8220;.vc_custom_1629713601143{padding-top: 40px !important;padding-bottom: 40px !important;}&#8220;][vc_column column_width_percent=&#8220;100&#8243; position_vertical=&#8220;middle&#8220; align_horizontal=&#8220;align_center&#8220; gutter_size=&#8220;3&#8243; overlay_alpha=&#8220;50&#8243; shift_x=&#8220;0&#8243; shift_y=&#8220;0&#8243; shift_y_down=&#8220;0&#8243; z_index=&#8220;0&#8243; medium_width=&#8220;0&#8243; mobile_width=&#8220;0&#8243; width=&#8220;1\/2&#8243;][vc_single_image media=&#8220;89117&#8243; media_width_percent=&#8220;100&#8243; alignment=&#8220;center&#8220;][\/vc_column][vc_column column_width_percent=&#8220;100&#8243; position_vertical=&#8220;middle&#8220; gutter_size=&#8220;3&#8243; overlay_alpha=&#8220;50&#8243; shift_x=&#8220;0&#8243; shift_y=&#8220;0&#8243; shift_y_down=&#8220;0&#8243; z_index=&#8220;0&#8243; medium_width=&#8220;0&#8243; mobile_width=&#8220;0&#8243; width=&#8220;1\/2&#8243;][vc_custom_heading heading_semantic=&#8220;h3&#8243; text_size=&#8220;h3&#8243;]Quantum Security[\/vc_custom_heading][vc_column_text]Auch wenn Quantencomputer aktuell noch nicht in der Lage sind die derzeitigen Sicherheitsprotokolle zu umgehen, wird sich dies in naher Zukunft \u00e4ndern. \u201ePost Quantum Secure\u201c ist der Leitfaden, an dem sich unsere zuk\u00fcnftige Kommunikation orientieren muss.<\/p>\n<p>Novarion und seine Muttergesellschaft Terraquantum bedienen den Markt schon heute mit Post-Quantum Hard- und Softwarel\u00f6sungen.<\/p>\n<p>Sichern Sie Ihre zuk\u00fcnftige Kommunikation noch heute![\/vc_column_text][vc_button border_width=&#8220;0&#8243; link=&#8220;url:%2Fde%2Fquantum-computing%2Fquantum-security%2F|title:Quantum%20Security&#8220; uncode_shortcode_id=&#8220;182011&#8243;]Mehr Erfahren[\/vc_button][\/vc_column][\/vc_row][vc_row row_height_percent=&#8220;0&#8243; override_padding=&#8220;yes&#8220; h_padding=&#8220;2&#8243; top_padding=&#8220;4&#8243; bottom_padding=&#8220;4&#8243; back_color=&#8220;color-156877&#8243; overlay_alpha=&#8220;50&#8243; equal_height=&#8220;yes&#8220; gutter_size=&#8220;4&#8243; column_width_percent=&#8220;100&#8243; shift_y=&#8220;0&#8243; z_index=&#8220;0&#8243; el_class=&#8220;icon-box-row even&#8220; css=&#8220;.vc_custom_1630056294959{padding-top: 40px !important;padding-bottom: 40px !important;}&#8220;][vc_column column_width_percent=&#8220;100&#8243; position_vertical=&#8220;middle&#8220; gutter_size=&#8220;3&#8243; overlay_alpha=&#8220;50&#8243; shift_x=&#8220;0&#8243; shift_y=&#8220;0&#8243; shift_y_down=&#8220;0&#8243; z_index=&#8220;0&#8243; medium_width=&#8220;0&#8243; mobile_width=&#8220;0&#8243; width=&#8220;1\/2&#8243;][vc_custom_heading heading_semantic=&#8220;h3&#8243; text_size=&#8220;h3&#8243;]Quantum Keynotes[\/vc_custom_heading][vc_column_text]<a href=\"mailto:Georg.Gesek@novarion.com\">Georg Gesek<\/a> aka \u201eQuanten George\u201c, Gr\u00fcnder und Gesch\u00e4ftsf\u00fchrer von Novarion, beherrscht es, Quanteninformationstechnologie in greifbare N\u00e4he zu bringen.<\/p>\n<p>Buchen Sie Ihn noch heute als Speaker f\u00fcr Ihre Keynote-Pr\u00e4sentation![\/vc_column_text][vc_button border_width=&#8220;0&#8243; link=&#8220;url:%2Fde%2Fquantum-computing%2Fquantum-keynotes%2F|title:Quantum%20Keynotes&#8220; uncode_shortcode_id=&#8220;158784&#8243;]Mehr Erfahren[\/vc_button][\/vc_column][vc_column column_width_percent=&#8220;100&#8243; position_vertical=&#8220;middle&#8220; align_horizontal=&#8220;align_center&#8220; gutter_size=&#8220;3&#8243; overlay_alpha=&#8220;50&#8243; shift_x=&#8220;0&#8243; shift_y=&#8220;0&#8243; shift_y_down=&#8220;0&#8243; z_index=&#8220;0&#8243; medium_width=&#8220;0&#8243; mobile_width=&#8220;0&#8243; width=&#8220;1\/2&#8243;][vc_single_image media=&#8220;89109&#8243; media_width_percent=&#8220;91&#8243; alignment=&#8220;right&#8220;][\/vc_column][\/vc_row][vc_row row_height_percent=&#8220;0&#8243; override_padding=&#8220;yes&#8220; h_padding=&#8220;2&#8243; top_padding=&#8220;4&#8243; bottom_padding=&#8220;4&#8243; overlay_alpha=&#8220;50&#8243; equal_height=&#8220;yes&#8220; gutter_size=&#8220;4&#8243; column_width_percent=&#8220;100&#8243; shift_y=&#8220;0&#8243; z_index=&#8220;0&#8243; el_class=&#8220;icon-box-row odd&#8220; css=&#8220;.vc_custom_1629713601143{padding-top: 40px !important;padding-bottom: 40px !important;}&#8220;][vc_column column_width_percent=&#8220;100&#8243; position_vertical=&#8220;middle&#8220; align_horizontal=&#8220;align_center&#8220; gutter_size=&#8220;3&#8243; overlay_alpha=&#8220;50&#8243; shift_x=&#8220;0&#8243; shift_y=&#8220;0&#8243; shift_y_down=&#8220;0&#8243; z_index=&#8220;0&#8243; medium_width=&#8220;0&#8243; mobile_width=&#8220;0&#8243; width=&#8220;1\/2&#8243;][vc_single_image media=&#8220;89112&#8243; media_width_percent=&#8220;80&#8243;][\/vc_column][vc_column column_width_percent=&#8220;100&#8243; position_vertical=&#8220;middle&#8220; gutter_size=&#8220;3&#8243; overlay_alpha=&#8220;50&#8243; shift_x=&#8220;0&#8243; shift_y=&#8220;0&#8243; shift_y_down=&#8220;0&#8243; z_index=&#8220;0&#8243; medium_width=&#8220;0&#8243; mobile_width=&#8220;0&#8243; width=&#8220;1\/2&#8243;][vc_custom_heading heading_semantic=&#8220;h3&#8243; text_size=&#8220;h3&#8243;]Quantum Education[\/vc_custom_heading][vc_column_text]Durch umfangreiches Know-How ist Novarion der Spitzenreiter im Bereich der Quantentechnlogie.<\/p>\n<p>Wir wissen, dass in naher Zukunft eine Menge an neuen Herausforderungen im Bereich der Informatik auf uns zukommen werden und bieten daher Weiterbildungen an.<\/p>\n<p>Buchen Sie noch heute ein Seminar bei uns![\/vc_column_text][vc_button border_width=&#8220;0&#8243; link=&#8220;url:%2Fde%2Fquantum-computing%2Fquantum-education%2F|title:Quantum%20Education&#8220; uncode_shortcode_id=&#8220;125658&#8243;]Mehr Erfahren[\/vc_button][\/vc_column][\/vc_row]<\/p>\n<\/div>","protected":false},"excerpt":{"rendered":"<p>Create a classic grid layout with 70+ custom options.<\/p>\n","protected":false},"author":6,"featured_media":0,"parent":0,"menu_order":0,"comment_status":"closed","ping_status":"closed","template":"","meta":{"footnotes":""},"class_list":["post-85821","page","type-page","status-publish","hentry"],"_links":{"self":[{"href":"https:\/\/www.novarion.systems\/de\/wp-json\/wp\/v2\/pages\/85821","targetHints":{"allow":["GET"]}}],"collection":[{"href":"https:\/\/www.novarion.systems\/de\/wp-json\/wp\/v2\/pages"}],"about":[{"href":"https:\/\/www.novarion.systems\/de\/wp-json\/wp\/v2\/types\/page"}],"author":[{"embeddable":true,"href":"https:\/\/www.novarion.systems\/de\/wp-json\/wp\/v2\/users\/6"}],"replies":[{"embeddable":true,"href":"https:\/\/www.novarion.systems\/de\/wp-json\/wp\/v2\/comments?post=85821"}],"version-history":[{"count":0,"href":"https:\/\/www.novarion.systems\/de\/wp-json\/wp\/v2\/pages\/85821\/revisions"}],"wp:attachment":[{"href":"https:\/\/www.novarion.systems\/de\/wp-json\/wp\/v2\/media?parent=85821"}],"curies":[{"name":"wp","href":"https:\/\/api.w.org\/{rel}","templated":true}]}}