{"id":85826,"date":"2021-05-21T10:49:37","date_gmt":"2021-05-21T10:49:37","guid":{"rendered":"http:\/\/prod.novarion.systems\/quantum-computing\/hybrid-quantum-computing\/"},"modified":"2021-09-08T13:08:21","modified_gmt":"2021-09-08T13:08:21","slug":"hybrid-quantum-computing","status":"publish","type":"page","link":"https:\/\/www.novarion.systems\/de\/quantum-computing\/hybrid-quantum-computing\/","title":{"rendered":"Hybrid Quantum Computing"},"content":{"rendered":"<div class=\"wpb-content-wrapper\"><p>[vc_row][vc_column width=&#8220;1\/1&#8243;][uncode_breadcrumbs][\/vc_column][\/vc_row][vc_row row_height_percent=&#8220;0&#8243; override_padding=&#8220;yes&#8220; h_padding=&#8220;2&#8243; top_padding=&#8220;4&#8243; bottom_padding=&#8220;2&#8243; overlay_alpha=&#8220;50&#8243; gutter_size=&#8220;4&#8243; column_width_percent=&#8220;100&#8243; shift_y=&#8220;0&#8243; z_index=&#8220;0&#8243;][vc_column column_width_percent=&#8220;100&#8243; position_vertical=&#8220;middle&#8220; gutter_size=&#8220;3&#8243; overlay_alpha=&#8220;50&#8243; shift_x=&#8220;0&#8243; shift_y=&#8220;0&#8243; shift_y_down=&#8220;0&#8243; z_index=&#8220;0&#8243; medium_width=&#8220;0&#8243; mobile_width=&#8220;0&#8243; width=&#8220;1\/2&#8243;][vc_single_image media=&#8220;89153&#8243; media_width_percent=&#8220;85&#8243;][\/vc_column][vc_column column_width_percent=&#8220;100&#8243; position_vertical=&#8220;middle&#8220; gutter_size=&#8220;3&#8243; overlay_alpha=&#8220;50&#8243; shift_x=&#8220;0&#8243; shift_y=&#8220;0&#8243; shift_y_down=&#8220;0&#8243; z_index=&#8220;0&#8243; medium_width=&#8220;0&#8243; mobile_width=&#8220;0&#8243; width=&#8220;1\/2&#8243;][vc_custom_heading heading_semantic=&#8220;h3&#8243; text_size=&#8220;&#8220;]Wodurch zeichnet sich Hybrid Quantum Computing aus?[\/vc_custom_heading][vc_column_text]<\/p>\n<p class=\"Textbody\">M\u00f6chte man Quanten verstehen und diese auch nutzen, braucht es einen Quantencomputer oder die M\u00f6glichkeit diesen simulieren zu k\u00f6nnen. Unsere Technologie bietet schon jetzt die M\u00f6glichkeit rauscharme Quantenprozesse zu darzustellen und ist bestens f\u00fcr zuk\u00fcnftige Aufgaben ger\u00fcstet.<\/p>\n<p class=\"Textbody\">Die Simulation wird durch kosteneffiziente Hardware erm\u00f6glicht, welche in der Lage ist bis zu 40 Qubits zu simulieren.<\/p>\n<p class=\"Textbody\"><b>Der Anwendungsbereich des Quantensimulators ist umfangreich:<\/b><\/p>\n<p class=\"Textbody\">Unser Quantensimulator \u00f6ffnet T\u00fcr und Tor in die Welt der Quanten. Mit unserer Technologie kann das komplette Spektrum der Quantentheorie ausgesch\u00f6pft werden. Die Simulation bietet eine effiziente M\u00f6glichkeit Quantenbeschleunigung zu beobachten und die Quantenhardware zu verstehen.<\/p>\n<p class=\"Textbody\">In unserem Fokus steht die Probleml\u00f6sung komplexer Aufgaben, die in enger Zusammenarbeit mit unseren Kunden stetig verbessert und an die pers\u00f6nlichen Anforderungen angepasst wird. Da wir schon heute in der Lage sind komplexe Aufgabenstellungen im Bereich der Quantentechnologie mit unseren Algorithmen zu bew\u00e4ltigen, stehen die Prognosen f\u00fcr zuk\u00fcnftig anfallende Problemstellungen gut. Schon bald werden wir in der Lage sein noch komplexere Themengebiete zu bew\u00e4ltigen.<\/p>\n<p class=\"Textbody\">Der Software-Stack von Qmware bietet sowohl eine native hybride Quantenmaschine, als auch die M\u00f6glichkeit f\u00fcr Drittanbieter Hardware oder Anwedungen basierend auf anderen Softwareumgebungen zu integrieren.<\/p>\n<p>[\/vc_column_text][\/vc_column][\/vc_row][vc_row row_height_percent=&#8220;0&#8243; override_padding=&#8220;yes&#8220; h_padding=&#8220;2&#8243; top_padding=&#8220;2&#8243; bottom_padding=&#8220;4&#8243; overlay_alpha=&#8220;50&#8243; gutter_size=&#8220;4&#8243; column_width_percent=&#8220;100&#8243; shift_y=&#8220;0&#8243; z_index=&#8220;0&#8243;][vc_column column_width_percent=&#8220;100&#8243; position_vertical=&#8220;middle&#8220; gutter_size=&#8220;3&#8243; overlay_alpha=&#8220;50&#8243; shift_x=&#8220;0&#8243; shift_y=&#8220;0&#8243; shift_y_down=&#8220;0&#8243; z_index=&#8220;0&#8243; medium_width=&#8220;0&#8243; mobile_width=&#8220;0&#8243; width=&#8220;1\/2&#8243;][vc_column_text]<\/p>\n<p class=\"Textbody\">\n<p class=\"Textbody\">Unser Quantensimulator ist ein unverzichtbares Werkzeug f\u00fcr Entwickler von Quantensoftware. Sowohl industrielle Softwareentwickler als auch akademische Forscher k\u00f6nnen Ihre Hypothesen, Ideen und Algorithmen direkt in unserer Cloud testen. Die Ausf\u00fchrung komplexer Quantenalgorythmen auf unserem Simulator schlie\u00dft die L\u00fccke zwischen Quantentheorie und praktischer Anwendung. Wir bieten auch Schnittstellen- und Softwareunterst\u00fctzung f\u00fcr die Ausf\u00fchrung von Code an, die perfekte Umgebung f\u00fcr modernste technologische Entwicklungsabl\u00e4ufe.<\/p>\n<p class=\"Textbody\">Unser Quantensimulator kann als Benchmark f\u00fcr aktuelle und zuk\u00fcnftige Quantenger\u00e4te verwendet werden. Pr\u00e4zise Simulationen, welche auf einem Quantensimulator implementiert sind, erf\u00fcllen alle Anforderungen an ein perfektes Quantumger\u00e4t. Daher ist der Quantensimulator ein praktisches Cloud-basiertes Werkzeug, welches die Wirksamkeit aktueller supraleitender oder ionenbasierter Qubit-Register absch\u00e4tzen kann.<\/p>\n<p>[\/vc_column_text][\/vc_column][vc_column column_width_percent=&#8220;100&#8243; position_vertical=&#8220;middle&#8220; gutter_size=&#8220;3&#8243; overlay_alpha=&#8220;50&#8243; shift_x=&#8220;0&#8243; shift_y=&#8220;0&#8243; shift_y_down=&#8220;0&#8243; z_index=&#8220;0&#8243; medium_width=&#8220;0&#8243; mobile_width=&#8220;0&#8243; width=&#8220;1\/2&#8243;][vc_single_image media=&#8220;85352&#8243; media_width_percent=&#8220;100&#8243; alignment=&#8220;center&#8220; el_class=&#8220;dropshadow-image&#8220;][\/vc_column][\/vc_row]<\/p>\n<\/div>","protected":false},"excerpt":{"rendered":"<p>Create a classic grid layout with 70+ custom options.<\/p>\n","protected":false},"author":6,"featured_media":0,"parent":85821,"menu_order":0,"comment_status":"open","ping_status":"closed","template":"","meta":{"footnotes":""},"class_list":["post-85826","page","type-page","status-publish","hentry"],"_links":{"self":[{"href":"https:\/\/www.novarion.systems\/de\/wp-json\/wp\/v2\/pages\/85826","targetHints":{"allow":["GET"]}}],"collection":[{"href":"https:\/\/www.novarion.systems\/de\/wp-json\/wp\/v2\/pages"}],"about":[{"href":"https:\/\/www.novarion.systems\/de\/wp-json\/wp\/v2\/types\/page"}],"author":[{"embeddable":true,"href":"https:\/\/www.novarion.systems\/de\/wp-json\/wp\/v2\/users\/6"}],"replies":[{"embeddable":true,"href":"https:\/\/www.novarion.systems\/de\/wp-json\/wp\/v2\/comments?post=85826"}],"version-history":[{"count":0,"href":"https:\/\/www.novarion.systems\/de\/wp-json\/wp\/v2\/pages\/85826\/revisions"}],"up":[{"embeddable":true,"href":"https:\/\/www.novarion.systems\/de\/wp-json\/wp\/v2\/pages\/85821"}],"wp:attachment":[{"href":"https:\/\/www.novarion.systems\/de\/wp-json\/wp\/v2\/media?parent=85826"}],"curies":[{"name":"wp","href":"https:\/\/api.w.org\/{rel}","templated":true}]}}