{"id":86243,"date":"2021-06-22T11:48:05","date_gmt":"2021-06-22T11:48:05","guid":{"rendered":"http:\/\/prod.novarion.systems\/industrie\/umwelttechnologien\/"},"modified":"2025-02-07T12:12:54","modified_gmt":"2025-02-07T12:12:54","slug":"umwelttechnologien","status":"publish","type":"page","link":"https:\/\/www.novarion.systems\/de\/industrie\/umwelttechnologien\/","title":{"rendered":"Energie- und Umwelttechnologien"},"content":{"rendered":"<div class=\"wpb-content-wrapper\"><p>[vc_row][vc_column width=&#8220;1\/1&#8243;][uncode_breadcrumbs][\/vc_column][\/vc_row][vc_row row_height_percent=&#8220;0&#8243; override_padding=&#8220;yes&#8220; h_padding=&#8220;2&#8243; top_padding=&#8220;2&#8243; bottom_padding=&#8220;3&#8243; overlay_alpha=&#8220;50&#8243; gutter_size=&#8220;4&#8243; column_width_percent=&#8220;100&#8243; shift_y=&#8220;0&#8243; z_index=&#8220;0&#8243; content_parallax=&#8220;0&#8243; uncode_shortcode_id=&#8220;129709&#8243;][vc_column column_width_percent=&#8220;100&#8243; position_vertical=&#8220;middle&#8220; gutter_size=&#8220;3&#8243; overlay_alpha=&#8220;50&#8243; shift_x=&#8220;0&#8243; shift_y=&#8220;0&#8243; shift_y_down=&#8220;0&#8243; z_index=&#8220;0&#8243; medium_width=&#8220;0&#8243; mobile_width=&#8220;0&#8243; width=&#8220;1\/2&#8243;][vc_single_image media=&#8220;89311&#8243; media_width_percent=&#8220;100&#8243; media_ratio=&#8220;three-two&#8220; shape=&#8220;img-round&#8220; radius=&#8220;hg&#8220; uncode_shortcode_id=&#8220;129970&#8243;][\/vc_column][vc_column column_width_percent=&#8220;100&#8243; position_horizontal=&#8220;left&#8220; position_vertical=&#8220;middle&#8220; gutter_size=&#8220;3&#8243; overlay_alpha=&#8220;50&#8243; shift_x=&#8220;0&#8243; shift_y=&#8220;0&#8243; shift_y_down=&#8220;0&#8243; z_index=&#8220;0&#8243; medium_width=&#8220;0&#8243; mobile_width=&#8220;0&#8243; width=&#8220;1\/2&#8243;][vc_column_text]Unser \u00d6kosystem ist sowohl lokal als auch global. Alles ist miteinander verbunden, und die Effizienz unserer Produktions- und Verteilungssysteme, wie z. B. des Energienetzes, h\u00e4ngt in hohem Ma\u00dfe von komplexen rationalen Entscheidungen ab, die oft schnell und pr\u00e4zise getroffen werden m\u00fcssen. Die Art und Weise, wie wir mit unserer globalen Umwelt, dem Klima und den nat\u00fcrlichen Ressourcen umgehen, ist entscheidend f\u00fcr die Zukunft unserer Spezies.<\/p>\n<p>Novarion ist stolz darauf, kommerzielle Organisationen und Nichtregierungsorganisationen mit dem leistungsf\u00e4higsten hybriden Quantencomputing zu unterst\u00fctzen. Wenden Sie sich an unsere Experten, um den \u00f6kologischen Fu\u00dfabdruck Ihres Projekts zu bewerten, und lassen Sie uns den Weg zu einer nachhaltigen Wirtschaft und Zukunft f\u00fcr kommende Generationen erheblich beschleunigen. Unser hybrides Quantencomputing ist mit einer hohen Simulationsleistung ausgestattet und unsere Experten helfen unseren Partnern, private und staatliche F\u00f6rdermittel f\u00fcr gemeinsame Projekte zu erhalten.[\/vc_column_text][\/vc_column][\/vc_row][vc_row][vc_column column_width_percent=&#8220;100&#8243; position_vertical=&#8220;middle&#8220; gutter_size=&#8220;3&#8243; overlay_alpha=&#8220;50&#8243; shift_x=&#8220;0&#8243; shift_y=&#8220;0&#8243; shift_y_down=&#8220;0&#8243; z_index=&#8220;0&#8243; medium_width=&#8220;0&#8243; mobile_width=&#8220;0&#8243; width=&#8220;2\/3&#8243; uncode_shortcode_id=&#8220;116178&#8243;][vc_custom_heading heading_semantic=&#8220;h4&#8243; text_size=&#8220;h4&#8243; uncode_shortcode_id=&#8220;831742&#8243;]Energie- und Umwelttechnologien mit KI[\/vc_custom_heading][vc_column_text uncode_shortcode_id=&#8220;112139&#8243;]Intelligente Netze, nachhaltige Ressourcennutzung und pr\u00e4zise Klimamodelle \u2013 mit Novarion treiben Unternehmen die <strong>Energiewende<\/strong> voran.[\/vc_column_text][uncode_list uncode_shortcode_id=&#8220;860915&#8243;]<strong>Use Cases:<\/strong><\/p>\n<ul>\n<li><strong>Intelligente Netzsteuerung:<\/strong> AI optimiert Energieverteilung f\u00fcr mehr Effizienz.<\/li>\n<li><strong>Predictive Maintenance f\u00fcr Wind- &amp; Solarparks:<\/strong> Fr\u00fcherkennung von Defekten reduziert Wartungskosten.<\/li>\n<li><strong>Klimamodellierung: <\/strong>HPC-Simulationen erm\u00f6glichen pr\u00e4zisere Wetterprognosen.<\/li>\n<\/ul>\n<p>[\/uncode_list][\/vc_column][vc_column column_width_percent=&#8220;100&#8243; position_vertical=&#8220;middle&#8220; gutter_size=&#8220;3&#8243; overlay_alpha=&#8220;50&#8243; shift_x=&#8220;0&#8243; shift_y=&#8220;0&#8243; shift_y_down=&#8220;0&#8243; z_index=&#8220;0&#8243; medium_width=&#8220;0&#8243; mobile_width=&#8220;0&#8243; width=&#8220;1\/3&#8243; uncode_shortcode_id=&#8220;605096&#8243;][vc_single_image media=&#8220;97952&#8243; media_width_percent=&#8220;100&#8243; shape=&#8220;img-round&#8220; radius=&#8220;hg&#8220; uncode_shortcode_id=&#8220;210832&#8243;][\/vc_column][\/vc_row]<\/p>\n<\/div>","protected":false},"excerpt":{"rendered":"<p>Erstellen Sie ein klassisches Rasterlayout mit \u00fcber 70 benutzerdefinierten Optionen.<\/p>\n","protected":false},"author":6,"featured_media":0,"parent":86694,"menu_order":0,"comment_status":"open","ping_status":"closed","template":"","meta":{"footnotes":""},"class_list":["post-86243","page","type-page","status-publish","hentry"],"_links":{"self":[{"href":"https:\/\/www.novarion.systems\/de\/wp-json\/wp\/v2\/pages\/86243","targetHints":{"allow":["GET"]}}],"collection":[{"href":"https:\/\/www.novarion.systems\/de\/wp-json\/wp\/v2\/pages"}],"about":[{"href":"https:\/\/www.novarion.systems\/de\/wp-json\/wp\/v2\/types\/page"}],"author":[{"embeddable":true,"href":"https:\/\/www.novarion.systems\/de\/wp-json\/wp\/v2\/users\/6"}],"replies":[{"embeddable":true,"href":"https:\/\/www.novarion.systems\/de\/wp-json\/wp\/v2\/comments?post=86243"}],"version-history":[{"count":0,"href":"https:\/\/www.novarion.systems\/de\/wp-json\/wp\/v2\/pages\/86243\/revisions"}],"up":[{"embeddable":true,"href":"https:\/\/www.novarion.systems\/de\/wp-json\/wp\/v2\/pages\/86694"}],"wp:attachment":[{"href":"https:\/\/www.novarion.systems\/de\/wp-json\/wp\/v2\/media?parent=86243"}],"curies":[{"name":"wp","href":"https:\/\/api.w.org\/{rel}","templated":true}]}}