{"id":86247,"date":"2021-06-22T11:51:05","date_gmt":"2021-06-22T11:51:05","guid":{"rendered":"http:\/\/prod.novarion.systems\/industrie\/gesundheitswesen\/"},"modified":"2025-02-07T12:37:48","modified_gmt":"2025-02-07T12:37:48","slug":"gesundheitswesen","status":"publish","type":"page","link":"https:\/\/www.novarion.systems\/de\/industrie\/gesundheitswesen\/","title":{"rendered":"Einzelhandel &amp; Gesundheitswesen"},"content":{"rendered":"<div class=\"wpb-content-wrapper\"><p>[vc_row][vc_column width=&#8220;1\/1&#8243;][uncode_breadcrumbs][\/vc_column][\/vc_row][vc_row row_height_percent=&#8220;53&#8243; override_padding=&#8220;yes&#8220; h_padding=&#8220;2&#8243; top_padding=&#8220;2&#8243; bottom_padding=&#8220;3&#8243; overlay_alpha=&#8220;74&#8243; gutter_size=&#8220;4&#8243; column_width_percent=&#8220;100&#8243; shift_y=&#8220;0&#8243; z_index=&#8220;0&#8243; content_parallax=&#8220;0&#8243; uncode_shortcode_id=&#8220;190266&#8243;][vc_column column_width_percent=&#8220;100&#8243; position_vertical=&#8220;middle&#8220; gutter_size=&#8220;3&#8243; overlay_alpha=&#8220;50&#8243; shift_x=&#8220;0&#8243; shift_y=&#8220;0&#8243; shift_y_down=&#8220;0&#8243; z_index=&#8220;0&#8243; medium_width=&#8220;0&#8243; mobile_width=&#8220;0&#8243; width=&#8220;1\/2&#8243;][vc_single_image media=&#8220;86222&#8243; media_width_percent=&#8220;100&#8243; shape=&#8220;img-round&#8220; radius=&#8220;hg&#8220; uncode_shortcode_id=&#8220;150199&#8243;][\/vc_column][vc_column column_width_percent=&#8220;100&#8243; position_horizontal=&#8220;left&#8220; position_vertical=&#8220;middle&#8220; gutter_size=&#8220;4&#8243; overlay_alpha=&#8220;60&#8243; shift_x=&#8220;0&#8243; shift_y=&#8220;0&#8243; shift_y_down=&#8220;0&#8243; z_index=&#8220;0&#8243; medium_width=&#8220;0&#8243; mobile_width=&#8220;0&#8243; width=&#8220;1\/2&#8243;][vc_column_text]Nat\u00fcrlich kann ein hybrider Quantencomputer auch gut f\u00fcr die Simulation von Quantensystemen selbst eingesetzt werden, was nicht nur in der Teilchenphysik, wie sie von CERN durchgef\u00fchrt wird, sondern auch bei vielen Arten von Molekularsimulationen geschieht. Die Anwendungen reichen von der Materialwissenschaft bis zur medizinischen Analyse von Medikamenten.<\/p>\n<p>&nbsp;<\/p>\n<p>Eine, der St\u00e4rken unseres hybriden Quantencomputers ist der riesige zentrale Speicher der schnellsten Art zur Erstellung gro\u00dfer analytischer Modelle und Simulationen. Diese neuen M\u00f6glichkeiten werden die Mikrobiologie und die Entwicklung intelligenter Materialien in nie dagewesene H\u00f6hen f\u00fchren.[\/vc_column_text][\/vc_column][\/vc_row][vc_row][vc_column column_width_percent=&#8220;100&#8243; position_vertical=&#8220;middle&#8220; gutter_size=&#8220;3&#8243; overlay_alpha=&#8220;50&#8243; shift_x=&#8220;0&#8243; shift_y=&#8220;0&#8243; shift_y_down=&#8220;0&#8243; z_index=&#8220;0&#8243; medium_width=&#8220;0&#8243; mobile_width=&#8220;0&#8243; width=&#8220;2\/3&#8243; uncode_shortcode_id=&#8220;116178&#8243;][vc_custom_heading heading_semantic=&#8220;h4&#8243; text_size=&#8220;h4&#8243; uncode_shortcode_id=&#8220;190495&#8243;]Einzelhandel &amp; Gesundheitswesen mit KI[\/vc_custom_heading][vc_column_text uncode_shortcode_id=&#8220;282731&#8243;]Von <strong>personalisierten Einkaufserlebnissen bis hin zur Pr\u00e4zisionsmedizin<\/strong> \u2013 Novarions Computing-L\u00f6sungen treiben Innovationen in Handel und Gesundheitswesen voran.[\/vc_column_text][uncode_list uncode_shortcode_id=&#8220;387314&#8243;]<strong>Use Cases:<\/strong><\/p>\n<ul>\n<li><strong>Smart Retail:<\/strong> AI analysiert Kundenverhalten in Echtzeit und passt Angebote individuell an.<\/li>\n<li><strong>KI in der Medizin:<\/strong> Deep Learning hilft bei der Diagnostik und Bildanalyse.<\/li>\n<li><strong>Predictive Analytics f\u00fcr Lagerbest\u00e4nde:<\/strong> Automatische Bestellvorschl\u00e4ge reduzieren Engp\u00e4sse.<\/li>\n<\/ul>\n<p>[\/uncode_list][\/vc_column][vc_column column_width_percent=&#8220;100&#8243; position_vertical=&#8220;middle&#8220; gutter_size=&#8220;3&#8243; overlay_alpha=&#8220;50&#8243; shift_x=&#8220;0&#8243; shift_y=&#8220;0&#8243; shift_y_down=&#8220;0&#8243; z_index=&#8220;0&#8243; medium_width=&#8220;0&#8243; mobile_width=&#8220;0&#8243; width=&#8220;1\/3&#8243; uncode_shortcode_id=&#8220;605096&#8243;][vc_single_image media=&#8220;97967&#8243; media_width_percent=&#8220;100&#8243; shape=&#8220;img-round&#8220; radius=&#8220;hg&#8220; uncode_shortcode_id=&#8220;526838&#8243;][\/vc_column][\/vc_row]<\/p>\n<\/div>","protected":false},"excerpt":{"rendered":"<p>Erstellen Sie ein klassisches Rasterlayout mit \u00fcber 70 benutzerdefinierten Optionen.<\/p>\n","protected":false},"author":6,"featured_media":0,"parent":86694,"menu_order":0,"comment_status":"open","ping_status":"closed","template":"","meta":{"footnotes":""},"class_list":["post-86247","page","type-page","status-publish","hentry"],"_links":{"self":[{"href":"https:\/\/www.novarion.systems\/de\/wp-json\/wp\/v2\/pages\/86247","targetHints":{"allow":["GET"]}}],"collection":[{"href":"https:\/\/www.novarion.systems\/de\/wp-json\/wp\/v2\/pages"}],"about":[{"href":"https:\/\/www.novarion.systems\/de\/wp-json\/wp\/v2\/types\/page"}],"author":[{"embeddable":true,"href":"https:\/\/www.novarion.systems\/de\/wp-json\/wp\/v2\/users\/6"}],"replies":[{"embeddable":true,"href":"https:\/\/www.novarion.systems\/de\/wp-json\/wp\/v2\/comments?post=86247"}],"version-history":[{"count":0,"href":"https:\/\/www.novarion.systems\/de\/wp-json\/wp\/v2\/pages\/86247\/revisions"}],"up":[{"embeddable":true,"href":"https:\/\/www.novarion.systems\/de\/wp-json\/wp\/v2\/pages\/86694"}],"wp:attachment":[{"href":"https:\/\/www.novarion.systems\/de\/wp-json\/wp\/v2\/media?parent=86247"}],"curies":[{"name":"wp","href":"https:\/\/api.w.org\/{rel}","templated":true}]}}