{"id":86293,"date":"2021-06-22T16:01:03","date_gmt":"2021-06-22T16:01:03","guid":{"rendered":"http:\/\/prod.novarion.systems\/quantum-computing\/hybrid-security\/"},"modified":"2021-09-08T13:10:33","modified_gmt":"2021-09-08T13:10:33","slug":"quantum-security","status":"publish","type":"page","link":"https:\/\/www.novarion.systems\/de\/quantum-computing\/quantum-security\/","title":{"rendered":"Quantum Security"},"content":{"rendered":"<div class=\"wpb-content-wrapper\"><p>[vc_row][vc_column width=&#8220;1\/1&#8243;][uncode_breadcrumbs][\/vc_column][\/vc_row][vc_row row_height_percent=&#8220;0&#8243; override_padding=&#8220;yes&#8220; h_padding=&#8220;2&#8243; top_padding=&#8220;4&#8243; bottom_padding=&#8220;4&#8243; overlay_alpha=&#8220;50&#8243; gutter_size=&#8220;3&#8243; column_width_percent=&#8220;100&#8243; shift_y=&#8220;0&#8243; z_index=&#8220;0&#8243;][vc_column width=&#8220;1\/2&#8243;][vc_single_image media=&#8220;89206&#8243; media_width_percent=&#8220;87&#8243; media_ratio=&#8220;one-one&#8220;][\/vc_column][vc_column column_width_percent=&#8220;100&#8243; position_vertical=&#8220;middle&#8220; gutter_size=&#8220;3&#8243; overlay_alpha=&#8220;50&#8243; shift_x=&#8220;0&#8243; shift_y=&#8220;0&#8243; shift_y_down=&#8220;0&#8243; z_index=&#8220;0&#8243; medium_width=&#8220;0&#8243; mobile_width=&#8220;0&#8243; width=&#8220;1\/2&#8243;][vc_custom_heading heading_semantic=&#8220;h3&#8243; text_size=&#8220;&#8220;]Was ist QKD?[\/vc_custom_heading][vc_column_text]<\/p>\n<p class=\"Textbody\">Mit dem Aufkommen der Quantentechnologie wird die klassische Kryptographie obsolet. Quantencomputer erm\u00f6glichen es die bestehenden Algorythmen f\u00fcr Datensicherheit zu umgehen und dadurch wird es notwedig neue Wege zum Schutz Ihrer wertvollen Informationen zu finden.<\/p>\n<p class=\"Textbody\">Dadurch ist der Bereich der Quantenkryptographie entstanden.<\/p>\n<p class=\"Textbody\">Die Quantenverschl\u00fcsselung (QKD) erm\u00f6glicht es zwei Parteien einen geheimen Schl\u00fcssel zu teilen, welcher zum Ver- und Entschl\u00fcsseln von Nachrichten verwendet wird. Die hohe Zuverl\u00e4ssigkeit von QKD wird durch grundlegenden Quantengesetze gew\u00e4hrleistet. Praktische Implementierungen von QKD-Protokollen verwenden in der Regel Lichtpulse zur Verscl\u00fcsselung von Quantenzust\u00e4nden.<\/p>\n<p>[\/vc_column_text][\/vc_column][\/vc_row][vc_row row_height_percent=&#8220;0&#8243; override_padding=&#8220;yes&#8220; h_padding=&#8220;2&#8243; top_padding=&#8220;4&#8243; bottom_padding=&#8220;2&#8243; overlay_alpha=&#8220;100&#8243; gutter_size=&#8220;3&#8243; column_width_percent=&#8220;100&#8243; shift_y=&#8220;0&#8243; z_index=&#8220;0&#8243; row_height_use_pixel=&#8220;&#8220;][vc_column column_width_use_pixel=&#8220;yes&#8220; gutter_size=&#8220;3&#8243; overlay_alpha=&#8220;50&#8243; shift_x=&#8220;0&#8243; shift_y=&#8220;0&#8243; medium_width=&#8220;0&#8243; zoom_width=&#8220;0&#8243; zoom_height=&#8220;0&#8243; column_width_pixel=&#8220;800&#8243; width=&#8220;1\/2&#8243;][vc_custom_heading heading_semantic=&#8220;h4&#8243; text_size=&#8220;h4&#8243;]\u00d6STERREICH WIRKT MIT[\/vc_custom_heading][vc_column_text]<\/p>\n<p class=\"Textbody\">Trotz seines gro\u00dfen Sicherheitsvorteils hat QKD aufgrund der Kosten, Flexibilit\u00e4t und Interoperabilit\u00e4tsproblemen mit bestehenden klassischen Telekommunikationsnetzen noch keine weitverbreitete Nutzung, Kommerzialisierung oder Einf\u00fchrung erreicht.<\/p>\n<p class=\"Textbody\">AUSTRO-Q bef\u00e4sst sich mit diesen Unzul\u00e4nglichkeiten und zielt darauf ab, eine Grundlage f\u00fcr den allgegenw\u00e4rtigen Einsatz von QKD zu schaffen.<\/p>\n<p class=\"Textbody\">Um dieses Ziel zu erreichen wird das Projekt mit der Verbesserungen von Komponenten befassen, die Systemleistung erh\u00f6hen, die Systemarchitektur modifizieren und die Kosten senken.<\/p>\n<p class=\"Textbody\">Austro-Q wird ein kosteng\u00fcnstiges QKD-System optimieren und entwickeln. In Punkt-zu-Mehrpunkt-Netzen wird die kostspielige Infrastruktur auf der Empf\u00e4ngerseite gemeinsam genutzt, w\u00e4hrend jeder Nutzer seinen eigenen kompakten Sender verwaltet.<\/p>\n<p>[\/vc_column_text][\/vc_column][vc_column width=&#8220;1\/2&#8243;][vc_single_image media=&#8220;87499&#8243; media_width_percent=&#8220;65&#8243; alignment=&#8220;center&#8220;][\/vc_column][\/vc_row][vc_row row_height_percent=&#8220;0&#8243; override_padding=&#8220;yes&#8220; h_padding=&#8220;2&#8243; top_padding=&#8220;2&#8243; bottom_padding=&#8220;4&#8243; overlay_alpha=&#8220;100&#8243; gutter_size=&#8220;3&#8243; column_width_percent=&#8220;100&#8243; shift_y=&#8220;0&#8243; z_index=&#8220;0&#8243; row_height_use_pixel=&#8220;&#8220;][vc_column column_width_percent=&#8220;100&#8243; gutter_size=&#8220;3&#8243; overlay_alpha=&#8220;50&#8243; shift_x=&#8220;0&#8243; shift_y=&#8220;0&#8243; shift_y_down=&#8220;0&#8243; z_index=&#8220;0&#8243; medium_width=&#8220;0&#8243; mobile_width=&#8220;0&#8243; zoom_width=&#8220;0&#8243; zoom_height=&#8220;0&#8243;][vc_column_text]<\/p>\n<p class=\"Textbody\">Um einen nahtlosen Betrieb des QKD-Netzes zu gew\u00e4hrleisten und die Integration des Sicherheitsschl\u00fcssels in die klassische Verschl\u00fcsselung zu erm\u00f6glichen, wird AUSTRO-Q eine softwaredefinierte Netzorchestrierung entwickeln. Eine sichere Schl\u00fcsselverteilung zwischen allen Netzknoten wird garantiert und die Datenverschl\u00fcsselung auf der Anwendungsschicht verwaltet.<\/p>\n<p class=\"Textbody\">AUSTRO-Q wird die Verbesserung der Schl\u00fcsselrate und der \u00dcbertragungsdistanz im Zusammenspiel mit dem kosteng\u00fcnstigen QKD-System evaluieren.<\/p>\n<p class=\"Textbody\">Durch die Beteiligung der Industriepartner Novarion Systems GmbH und X-Net Services GmbH wird die kommerzielle Verwertung der erzielten Ergebnisse entlang der gesamten Wertsch\u00f6pfungskette f\u00fcr QKD sichergestellt. In Anbetracht der gro\u00dfen Investitionen Europas in die Quantenkommunikation soll mit diesem Projekt der Grundstein f\u00fcr ein QKD-Produkt aus \u00d6sterreich gelegt werden.<\/p>\n<p>[\/vc_column_text][\/vc_column][\/vc_row]<\/p>\n<\/div>","protected":false},"excerpt":{"rendered":"<p>Create a classic grid layout with 70+ custom options.<\/p>\n","protected":false},"author":6,"featured_media":0,"parent":85821,"menu_order":0,"comment_status":"open","ping_status":"closed","template":"","meta":{"footnotes":""},"class_list":["post-86293","page","type-page","status-publish","hentry"],"_links":{"self":[{"href":"https:\/\/www.novarion.systems\/de\/wp-json\/wp\/v2\/pages\/86293","targetHints":{"allow":["GET"]}}],"collection":[{"href":"https:\/\/www.novarion.systems\/de\/wp-json\/wp\/v2\/pages"}],"about":[{"href":"https:\/\/www.novarion.systems\/de\/wp-json\/wp\/v2\/types\/page"}],"author":[{"embeddable":true,"href":"https:\/\/www.novarion.systems\/de\/wp-json\/wp\/v2\/users\/6"}],"replies":[{"embeddable":true,"href":"https:\/\/www.novarion.systems\/de\/wp-json\/wp\/v2\/comments?post=86293"}],"version-history":[{"count":0,"href":"https:\/\/www.novarion.systems\/de\/wp-json\/wp\/v2\/pages\/86293\/revisions"}],"up":[{"embeddable":true,"href":"https:\/\/www.novarion.systems\/de\/wp-json\/wp\/v2\/pages\/85821"}],"wp:attachment":[{"href":"https:\/\/www.novarion.systems\/de\/wp-json\/wp\/v2\/media?parent=86293"}],"curies":[{"name":"wp","href":"https:\/\/api.w.org\/{rel}","templated":true}]}}