{"id":86295,"date":"2021-10-18T10:36:14","date_gmt":"2021-10-18T10:36:14","guid":{"rendered":"http:\/\/prod.novarion.systems\/quantum-computing\/quantum-education\/"},"modified":"2026-02-23T15:13:31","modified_gmt":"2026-02-23T15:13:31","slug":"quantum-education","status":"publish","type":"page","link":"https:\/\/www.novarion.systems\/de\/quantum-computing\/quantum-education\/","title":{"rendered":"Quantum Education"},"content":{"rendered":"<div class=\"wpb-content-wrapper\"><p>[vc_row][vc_column width=&#8220;1\/1&#8243;][uncode_breadcrumbs][\/vc_column][\/vc_row][vc_row row_height_percent=&#8220;0&#8243; override_padding=&#8220;yes&#8220; h_padding=&#8220;2&#8243; top_padding=&#8220;4&#8243; bottom_padding=&#8220;2&#8243; overlay_alpha=&#8220;50&#8243; gutter_size=&#8220;4&#8243; column_width_percent=&#8220;100&#8243; shift_y=&#8220;0&#8243; z_index=&#8220;0&#8243;][vc_column column_width_percent=&#8220;100&#8243; position_vertical=&#8220;middle&#8220; gutter_size=&#8220;3&#8243; overlay_alpha=&#8220;50&#8243; shift_x=&#8220;0&#8243; shift_y=&#8220;0&#8243; shift_y_down=&#8220;0&#8243; z_index=&#8220;0&#8243; medium_width=&#8220;0&#8243; mobile_width=&#8220;0&#8243; width=&#8220;1\/2&#8243;][vc_single_image media=&#8220;87446&#8243; media_width_percent=&#8220;90&#8243; media_ratio=&#8220;sixteen-nine&#8220; alignment=&#8220;center&#8220;][\/vc_column][vc_column column_width_percent=&#8220;100&#8243; position_vertical=&#8220;middle&#8220; gutter_size=&#8220;3&#8243; overlay_alpha=&#8220;50&#8243; shift_x=&#8220;0&#8243; shift_y=&#8220;0&#8243; shift_y_down=&#8220;0&#8243; z_index=&#8220;0&#8243; medium_width=&#8220;0&#8243; mobile_width=&#8220;0&#8243; width=&#8220;1\/2&#8243;][vc_custom_heading heading_semantic=&#8220;h3&#8243; text_size=&#8220;&#8220;]Erste Schritte[\/vc_custom_heading][vc_column_text uncode_shortcode_id=&#8220;133499&#8243;]Sind Sie daran interessiert tiefer in die Welt der Quantenalgorithmen einzutauchen?<\/p>\n<p>Dann sind unsere Webinare der richtige Ort f\u00fcr Sie.[\/vc_column_text][\/vc_column][\/vc_row][vc_row row_height_percent=&#8220;0&#8243; override_padding=&#8220;yes&#8220; h_padding=&#8220;2&#8243; top_padding=&#8220;4&#8243; bottom_padding=&#8220;4&#8243; overlay_alpha=&#8220;50&#8243; gutter_size=&#8220;4&#8243; column_width_percent=&#8220;100&#8243; shift_y=&#8220;0&#8243; z_index=&#8220;0&#8243;][vc_column column_width_percent=&#8220;100&#8243; position_vertical=&#8220;middle&#8220; gutter_size=&#8220;3&#8243; overlay_alpha=&#8220;50&#8243; shift_x=&#8220;0&#8243; shift_y=&#8220;0&#8243; shift_y_down=&#8220;0&#8243; z_index=&#8220;0&#8243; medium_width=&#8220;0&#8243; mobile_width=&#8220;0&#8243; width=&#8220;1\/2&#8243;][vc_custom_heading heading_semantic=&#8220;h3&#8243; text_size=&#8220;&#8220;]Tagesordnung der Schulung &#8211; TAG 1[\/vc_custom_heading][vc_column_text uncode_shortcode_id=&#8220;528917&#8243;]<\/p>\n<h5>1. KURZER \u00dcBERBLICK \u00dcBER DIE LINEARE ALGEBRA<\/h5>\n<ul>\n<li style=\"list-style-type: none;\">\n<ul>\n<li>Lineare Algebra<\/li>\n<li>Matrizen und Vektoren<\/li>\n<li>Grundlegende Matrixoperationen<\/li>\n<li>Innere Vektor \/ Matrix-Produkte<\/li>\n<li>Tensorprodukt<\/li>\n<li>Operationen mit mehreren Bits<\/li>\n<li>Dirac-Notation (kurz)<\/li>\n<\/ul>\n<\/li>\n<\/ul>\n<h5>2. EINF\u00dcHRUNG IN QUANTENMECHANISCHE KONZEPTE<\/h5>\n<ul>\n<li style=\"list-style-type: none;\">\n<ul>\n<li>Qbits und \u00dcberlagerung (Superposition)<\/li>\n<li>Einzelne Qbit-Transformation \/ Gatter<\/li>\n<li>X-Gatter, Hadamard-Gatter<\/li>\n<li>Unit Circle State Machine (Zustandsautomat am Einheitskreis)<\/li>\n<\/ul>\n<\/li>\n<\/ul>\n<p style=\"padding-left: 40px;\"><strong>Einf\u00fchrung in QC unter Bezugnahme auf \u201eDas Problem von Deutsch\u201c<\/strong><\/p>\n<ul>\n<li style=\"list-style-type: none;\">\n<ul>\n<li style=\"list-style-type: none;\">\n<ul>\n<li>Herleitung einer mathematischen L\u00f6sung mit Hilfe der Unit Circle State Machine<\/li>\n<li>Einf\u00fchrung in QMware\u2019s Quantum Cloud Qognite<\/li>\n<li>Implementieren eines ersten Quantenalgorithmus mit QMware\u2019s &lt;basiq&gt;<\/li>\n<\/ul>\n<\/li>\n<\/ul>\n<\/li>\n<\/ul>\n<h5>3. VERSCHR\u00c4NKUNG UND TELEPORTATION<\/h5>\n<h5>4. KURZE EINF\u00dcHRUNG IN PAULI\/VON-NEUMANN-MESSUNGEN<\/h5>\n<h5>5. EINF\u00dcHRUNG IN DEN \u201eGROVER\u2019S SEARCH ALGORITHM\u201c<\/h5>\n<ul>\n<li style=\"list-style-type: none;\">\n<ul>\n<li>Grundlegende Idee von Grovers Algorithmus<\/li>\n<li>Mathematische L\u00f6sung<\/li>\n<li>Einf\u00fchrung in &lt;basiq&gt; SDK von QMware<\/li>\n<li>Zufallszahlengenerator<\/li>\n<li>Implementierung von Grover in &lt;basiq&gt;<\/li>\n<li>Implementierung eines Test-Frameworks f\u00fcr Grover in &lt;basiq&gt;<\/li>\n<\/ul>\n<\/li>\n<\/ul>\n<p>[\/vc_column_text][\/vc_column][vc_column width=&#8220;1\/2&#8243;][vc_custom_heading heading_semantic=&#8220;h3&#8243; text_size=&#8220;&#8220; uncode_shortcode_id=&#8220;150954&#8243;]Tagesordnung der Schulung &#8211; TAG 2 &amp; 3[\/vc_custom_heading][vc_column_text uncode_shortcode_id=&#8220;479851&#8243;]<\/p>\n<h5>1. REKAPITULATION: GROVER-SUCHE IN QMWARE<\/h5>\n<p style=\"padding-left: 40px;\">Was ist die aktuelle praktische Relevanz von Algorithmen wie Grover oder Shor und wie k\u00f6nnte sich das in Zukunft \u00e4ndern?<\/p>\n<h5>2. \u00dcBERBLICK \u00dcBER VERSCHIEDENE PROBLEME BEI DER MESSUNG VON QUANTENZUST\u00c4NDEN<\/h5>\n<h5>3. EINE EINF\u00dcHRUNG IN DIE BAUSTEINE<\/h5>\n<ul>\n<li style=\"list-style-type: none;\">\n<ul>\n<li>Quantum-Fourier-Transformation<\/li>\n<li>Quantum-Phasenabsch\u00e4tzung<\/li>\n<\/ul>\n<\/li>\n<\/ul>\n<h5>4. VORSTELLUNG VON ALGORITHMEN UND VIELVERSPRECHENDEN ANS\u00c4TZEN, DIE MIT HEUTE VERF\u00dcGBARER HARDWARE IMPLEMENTIERT WERDEN K\u00d6NNEN<\/h5>\n<ul>\n<li style=\"list-style-type: none;\">\n<ul>\n<li>HHL (L\u00f6sen linearer Gleichungssysteme)<\/li>\n<\/ul>\n<\/li>\n<\/ul>\n<p style=\"padding-left: 40px;\"><strong>Variationale Quantenalgorithmen<\/strong><\/p>\n<ul>\n<li style=\"list-style-type: none;\">\n<ul>\n<li style=\"list-style-type: none;\">\n<ul>\n<li>VQE (Variational Quantum Eigensolver)<\/li>\n<li>VQLS (Variational Quantum Linear Solver)<\/li>\n<li>QAOA (Quantum Aproximation Optimization Algorithm)<\/li>\n<\/ul>\n<\/li>\n<\/ul>\n<\/li>\n<\/ul>\n<h5>5. AUSBLICK: ALGORITHMEN DES MASCHINELLEN LERNENS IN KOMBINATION MIT QUANTENALGORITHMEN<\/h5>\n<h5>6. AUSBLICK AUF AKTUELLE ARBEITEN UNSERER EXPERTEN ZU PROBLEMEN AUS DER FINANZWELT<\/h5>\n<ul>\n<li style=\"list-style-type: none;\">\n<ul>\n<li>QuEnc Algorithmus<\/li>\n<\/ul>\n<\/li>\n<\/ul>\n<p>[\/vc_column_text][\/vc_column][\/vc_row][vc_row row_height_percent=&#8220;0&#8243; back_color=&#8220;color-160314&#8243; overlay_alpha=&#8220;50&#8243; gutter_size=&#8220;3&#8243; column_width_percent=&#8220;100&#8243; shift_y=&#8220;0&#8243; z_index=&#8220;0&#8243; bottom_divider=&#8220;tilt&#8220; css=&#8220;.vc_custom_1628516465767{padding-top: 50px !important;padding-bottom: 50px !important;}&#8220;][vc_column column_width_percent=&#8220;100&#8243; align_horizontal=&#8220;align_center&#8220; gutter_size=&#8220;3&#8243; overlay_alpha=&#8220;50&#8243; shift_x=&#8220;0&#8243; shift_y=&#8220;0&#8243; shift_y_down=&#8220;0&#8243; z_index=&#8220;0&#8243; medium_width=&#8220;0&#8243; mobile_width=&#8220;0&#8243; width=&#8220;1\/1&#8243;][vc_custom_heading text_color=&#8220;color-xsdn&#8220; heading_semantic=&#8220;p&#8220; text_size=&#8220;h5&#8243; uncode_shortcode_id=&#8220;100821&#8243; text_color_type=&#8220;uncode-palette&#8220;]<\/p>\n<h4><span style=\"color: #ffffff;\">Sie m\u00f6chten in die Welt der Quantenalgorithmen eintauchen?<\/span><\/h4>\n<h4><span style=\"color: #ffffff;\">Dann ist unser 2-t\u00e4giges Webinar der richtige Ort f\u00fcr Sie.<\/span><\/h4>\n<p>[\/vc_custom_heading][\/vc_column][\/vc_row][vc_row row_height_percent=&#8220;0&#8243; override_padding=&#8220;yes&#8220; h_padding=&#8220;2&#8243; top_padding=&#8220;4&#8243; bottom_padding=&#8220;4&#8243; overlay_alpha=&#8220;50&#8243; gutter_size=&#8220;4&#8243; column_width_percent=&#8220;100&#8243; shift_y=&#8220;0&#8243; z_index=&#8220;0&#8243;][vc_column column_width_percent=&#8220;100&#8243; position_vertical=&#8220;middle&#8220; gutter_size=&#8220;3&#8243; overlay_alpha=&#8220;50&#8243; shift_x=&#8220;0&#8243; shift_y=&#8220;0&#8243; shift_y_down=&#8220;0&#8243; z_index=&#8220;0&#8243; medium_width=&#8220;0&#8243; mobile_width=&#8220;0&#8243; width=&#8220;1\/2&#8243;][vc_custom_heading heading_semantic=&#8220;h3&#8243; text_size=&#8220;&#8220;]Wer profitiert von den Webinaren?[\/vc_custom_heading][vc_column_text]Sie interessieren sich f\u00fcr die Forschung und Entwicklung von Quantentechnologien und haben in Ihrem Unternehmen ein eigenes Team oder eine Abteilung, die sich ausschlie\u00dflich damit befasst, oder \u00fcberlegen dies zu tun? Wir freuen uns \u00fcber diese gro\u00dfe Investition in die Zukunft Ihres Unternehmens und m\u00f6chten Sie dabei aktiv unterst\u00fctzen. Gemeinsam mit QSS bieten wir Quantenalgorithmus-Schulungen in Form von Webinaren an.<\/p>\n<p>In diesen Webinaren werden Sie und Ihr Team in die Grundlagen der Quantenalgorithmen eingef\u00fchrt, um ein allgemeines und gemeinsames Verst\u00e4ndnis f\u00fcr diese noch neuen Technologien zu erlangen. Sie erhalten auch einen \u00dcberblick \u00fcber die Fachbegriffe. Nach der Einf\u00fchrung werden Sie und Ihr Team die ersten Algorithmen mit verschiedenen Ans\u00e4tzen anhand von Beispielen testen.[\/vc_column_text][\/vc_column][vc_column column_width_percent=&#8220;100&#8243; position_vertical=&#8220;middle&#8220; gutter_size=&#8220;3&#8243; overlay_alpha=&#8220;50&#8243; shift_x=&#8220;0&#8243; shift_y=&#8220;0&#8243; shift_y_down=&#8220;0&#8243; z_index=&#8220;0&#8243; medium_width=&#8220;0&#8243; mobile_width=&#8220;0&#8243; width=&#8220;1\/2&#8243;][vc_single_image media=&#8220;87442&#8243; media_width_percent=&#8220;100&#8243;][\/vc_column][\/vc_row][vc_row row_height_percent=&#8220;0&#8243; override_padding=&#8220;yes&#8220; h_padding=&#8220;2&#8243; top_padding=&#8220;4&#8243; bottom_padding=&#8220;4&#8243; overlay_alpha=&#8220;50&#8243; gutter_size=&#8220;4&#8243; column_width_percent=&#8220;100&#8243; shift_y=&#8220;0&#8243; z_index=&#8220;0&#8243;][vc_column column_width_percent=&#8220;100&#8243; position_vertical=&#8220;middle&#8220; gutter_size=&#8220;3&#8243; overlay_alpha=&#8220;50&#8243; shift_x=&#8220;0&#8243; shift_y=&#8220;0&#8243; shift_y_down=&#8220;0&#8243; z_index=&#8220;0&#8243; medium_width=&#8220;0&#8243; mobile_width=&#8220;0&#8243; width=&#8220;1\/4&#8243;][vc_single_image media=&#8220;88697&#8243; media_width_percent=&#8220;83&#8243;][\/vc_column][vc_column column_width_percent=&#8220;100&#8243; position_vertical=&#8220;middle&#8220; gutter_size=&#8220;3&#8243; overlay_alpha=&#8220;50&#8243; shift_x=&#8220;0&#8243; shift_y=&#8220;0&#8243; shift_y_down=&#8220;0&#8243; z_index=&#8220;0&#8243; medium_width=&#8220;0&#8243; mobile_width=&#8220;0&#8243; width=&#8220;3\/4&#8243;][vc_custom_heading heading_semantic=&#8220;h3&#8243; text_size=&#8220;&#8220; uncode_shortcode_id=&#8220;168509&#8243;]Ihr Referent[\/vc_custom_heading][vc_column_text uncode_shortcode_id=&#8220;871883&#8243; css=&#8220;.vc_custom_1771512128750{margin-top: -0px !important;margin-left: 5px !important;}&#8220;]<strong>Dipl.-Inform. Markus Buchberger<\/strong>[\/vc_column_text][vc_column_text]Ich habe Informatik in M\u00fcnchen studiert und 1992 abgeschlossen. Ich bin Mitgr\u00fcnder von DialogData, einem Softwareunternehmen in M\u00fcnchen. In meiner beruflichen Laufbahn war ich als Softwarearchitekt und Principal Consultant im Bereich Java Enterprise Individual Solutions f\u00fcr mittlere und gro\u00dfe Unternehmenskunden in Europa t\u00e4tig.<\/p>\n<p>Ich habe mich schon immer f\u00fcr Physik interessiert, insbesondere f\u00fcr Quantenphysik, und habe 2015 begonnen, mich mit Quantencomputing zu besch\u00e4ftigen.<br \/>\nSeit 2020 bin ich bei QMware und leite das Schulungs- und Ausbildungsteam. Ich sehe es als mein Privileg an, unsere Kunden mit meiner Leidenschaft f\u00fcr Quantencomputing zu inspirieren.<br \/>\nSuperposition und Verschr\u00e4nkung in den Rechenzentren unserer Kunden zu entfachen, bedeutet, ihr Gesch\u00e4ft auf die n\u00e4chste Stufe zu heben.<br \/>\nUnsere Unternehmens- und Forschungspartner profitieren heute von QMwares einzigartigem Advanced Quantum Inspired Computing.<br \/>\nGleichzeitig werden unsere Kunden mit ihren Anwendungen zukunftssicher f\u00fcr die erstaunlichen Quantentechnologien der Zukunft.[\/vc_column_text][\/vc_column][\/vc_row][vc_row row_height_percent=&#8220;0&#8243; back_color=&#8220;color-160314&#8243; back_image=&#8220;92861&#8243; overlay_color=&#8220;color-160314&#8243; overlay_alpha=&#8220;50&#8243; gutter_size=&#8220;3&#8243; column_width_percent=&#8220;100&#8243; shift_y=&#8220;0&#8243; z_index=&#8220;0&#8243; content_parallax=&#8220;0&#8243; uncode_shortcode_id=&#8220;135315&#8243; back_color_type=&#8220;uncode-palette&#8220; overlay_color_type=&#8220;uncode-palette&#8220;][vc_column width=&#8220;1\/1&#8243;][vc_column_text text_lead=&#8220;yes&#8220; text_color=&#8220;color-xsdn&#8220; uncode_shortcode_id=&#8220;130389&#8243; text_color_type=&#8220;uncode-palette&#8220;]<\/p>\n<h5 style=\"text-align: center;\"><span style=\"color: #ffffff;\"><strong>Quantum-Wissen f\u00fcr Ihre Organisation \u2013 Lassen Sie sich beraten!<\/strong><\/span><\/h5>\n<h5 style=\"text-align: center;\"><span style=\"color: #ffffff;\"><strong>&#8222;Entdecken Sie die M\u00f6glichkeiten der Quanten-Technologie f\u00fcr Forschung, Lehre und Praxis \u2013 wir begleiten Sie auf dem Weg zur Zukunft!&#8220;<\/strong><\/span><\/h5>\n<p>[\/vc_column_text][\/vc_column][\/vc_row][vc_row row_height_percent=&#8220;0&#8243; back_color=&#8220;color-156877&#8243; overlay_alpha=&#8220;50&#8243; gutter_size=&#8220;3&#8243; column_width_percent=&#8220;100&#8243; shift_y=&#8220;0&#8243; z_index=&#8220;0&#8243; content_parallax=&#8220;0&#8243; uncode_shortcode_id=&#8220;158610&#8243; back_color_type=&#8220;uncode-palette&#8220;][vc_column width=&#8220;1\/1&#8243;][vc_column_text uncode_shortcode_id=&#8220;161785&#8243;]Senden Sie Novara eine E-Mail oder fragen Sie sie direkt \u2013 wir freuen uns auf Ihre Anfrage![\/vc_column_text][\/vc_column][\/vc_row][vc_row row_height_percent=&#8220;0&#8243; override_padding=&#8220;yes&#8220; h_padding=&#8220;2&#8243; top_padding=&#8220;2&#8243; bottom_padding=&#8220;4&#8243; back_color=&#8220;color-156877&#8243; overlay_alpha=&#8220;50&#8243; gutter_size=&#8220;3&#8243; column_width_percent=&#8220;100&#8243; shift_y=&#8220;0&#8243; z_index=&#8220;0&#8243; content_parallax=&#8220;0&#8243; uncode_shortcode_id=&#8220;124258&#8243; back_color_type=&#8220;uncode-palette&#8220;][vc_column column_width_percent=&#8220;100&#8243; gutter_size=&#8220;3&#8243; overlay_alpha=&#8220;50&#8243; shift_x=&#8220;0&#8243; shift_y=&#8220;0&#8243; shift_y_down=&#8220;0&#8243; z_index=&#8220;0&#8243; medium_width=&#8220;0&#8243; mobile_width=&#8220;0&#8243; width=&#8220;1\/2&#8243; uncode_shortcode_id=&#8220;706039&#8243; css=&#8220;.vc_custom_1771507590258{padding-left: 10% !important;}&#8220;][vc_row_inner row_inner_height_percent=&#8220;0&#8243; overlay_alpha=&#8220;50&#8243; gutter_size=&#8220;3&#8243; border_color=&#8220;color-160314&#8243; border_style=&#8220;solid&#8220; shift_y=&#8220;0&#8243; z_index=&#8220;0&#8243; uncode_shortcode_id=&#8220;147114&#8243; border_color_type=&#8220;uncode-palette&#8220;][vc_column_inner width=&#8220;1\/3&#8243;][vc_single_image media=&#8220;99943&#8243; media_width_percent=&#8220;75&#8243; media_ratio=&#8220;one-one&#8220; shape=&#8220;img-circle&#8220; uncode_shortcode_id=&#8220;149965&#8243;][\/vc_column_inner][vc_column_inner column_width_percent=&#8220;100&#8243; position_vertical=&#8220;middle&#8220; gutter_size=&#8220;3&#8243; overlay_alpha=&#8220;50&#8243; shift_x=&#8220;0&#8243; shift_y=&#8220;0&#8243; shift_y_down=&#8220;0&#8243; z_index=&#8220;0&#8243; medium_width=&#8220;0&#8243; mobile_width=&#8220;0&#8243; width=&#8220;2\/3&#8243; uncode_shortcode_id=&#8220;118658&#8243;][vc_column_text uncode_shortcode_id=&#8220;443930&#8243;]<strong>Novara<\/strong><br \/>\nVirtual Assitant<br \/>\nE-Mail: <a href=\"mailto:novara@novarion.ai\">novara@novarion.ai<\/a><br \/>\nHP: <a href=\"http:\/\/novarion.ai\" target=\"_blank\" rel=\"noopener\">novarion.ai<\/a>[\/vc_column_text][\/vc_column_inner][\/vc_row_inner][\/vc_column][vc_column column_width_percent=&#8220;100&#8243; gutter_size=&#8220;3&#8243; overlay_alpha=&#8220;50&#8243; border_color=&#8220;color-160314&#8243; border_style=&#8220;solid&#8220; shift_x=&#8220;0&#8243; shift_y=&#8220;0&#8243; shift_y_down=&#8220;0&#8243; z_index=&#8220;0&#8243; medium_width=&#8220;0&#8243; mobile_width=&#8220;0&#8243; width=&#8220;1\/2&#8243; uncode_shortcode_id=&#8220;639282&#8243; css=&#8220;.vc_custom_1771507650475{border-left-width: 1px !important;padding-left: 10% !important;}&#8220; border_color_type=&#8220;uncode-palette&#8220;][vc_row_inner][vc_column_inner width=&#8220;1\/3&#8243;][\/vc_column_inner][vc_column_inner column_width_percent=&#8220;100&#8243; position_vertical=&#8220;middle&#8220; gutter_size=&#8220;3&#8243; overlay_alpha=&#8220;50&#8243; shift_x=&#8220;0&#8243; shift_y=&#8220;0&#8243; shift_y_down=&#8220;0&#8243; z_index=&#8220;0&#8243; medium_width=&#8220;0&#8243; mobile_width=&#8220;0&#8243; width=&#8220;2\/3&#8243; uncode_shortcode_id=&#8220;165594&#8243;][\/vc_column_inner][\/vc_row_inner][\/vc_column][\/vc_row]<\/p>\n<\/div>","protected":false},"excerpt":{"rendered":"<p>Erstellen Sie ein klassisches Rasterlayout mit \u00fcber 70 benutzerdefinierten Optionen.<\/p>\n","protected":false},"author":6,"featured_media":0,"parent":85821,"menu_order":0,"comment_status":"open","ping_status":"closed","template":"","meta":{"footnotes":""},"class_list":["post-86295","page","type-page","status-publish","hentry"],"_links":{"self":[{"href":"https:\/\/www.novarion.systems\/de\/wp-json\/wp\/v2\/pages\/86295","targetHints":{"allow":["GET"]}}],"collection":[{"href":"https:\/\/www.novarion.systems\/de\/wp-json\/wp\/v2\/pages"}],"about":[{"href":"https:\/\/www.novarion.systems\/de\/wp-json\/wp\/v2\/types\/page"}],"author":[{"embeddable":true,"href":"https:\/\/www.novarion.systems\/de\/wp-json\/wp\/v2\/users\/6"}],"replies":[{"embeddable":true,"href":"https:\/\/www.novarion.systems\/de\/wp-json\/wp\/v2\/comments?post=86295"}],"version-history":[{"count":12,"href":"https:\/\/www.novarion.systems\/de\/wp-json\/wp\/v2\/pages\/86295\/revisions"}],"predecessor-version":[{"id":100308,"href":"https:\/\/www.novarion.systems\/de\/wp-json\/wp\/v2\/pages\/86295\/revisions\/100308"}],"up":[{"embeddable":true,"href":"https:\/\/www.novarion.systems\/de\/wp-json\/wp\/v2\/pages\/85821"}],"wp:attachment":[{"href":"https:\/\/www.novarion.systems\/de\/wp-json\/wp\/v2\/media?parent=86295"}],"curies":[{"name":"wp","href":"https:\/\/api.w.org\/{rel}","templated":true}]}}