{"id":89759,"date":"2021-08-19T08:01:00","date_gmt":"2021-08-19T08:01:00","guid":{"rendered":"http:\/\/prod.novarion.systems\/support\/check-serial\/"},"modified":"2026-02-23T15:21:08","modified_gmt":"2026-02-23T15:21:08","slug":"garantieueberpruefung","status":"publish","type":"page","link":"https:\/\/www.novarion.systems\/de\/support\/garantieueberpruefung\/","title":{"rendered":"Garantie \u00fcberpr\u00fcfen"},"content":{"rendered":"<div class=\"wpb-content-wrapper\"><p>[vc_row][vc_column width=&#8220;1\/1&#8243;][uncode_breadcrumbs][\/vc_column][\/vc_row][vc_row][vc_column width=&#8220;1\/1&#8243;][vc_custom_heading uncode_shortcode_id=&#8220;183001&#8243;]Ihre Garantieanfrage \u2013 Einfach &amp; Pers\u00f6nlich![\/vc_custom_heading][vc_column_text uncode_shortcode_id=&#8220;179616&#8243;]Sie m\u00f6chten den Garantiestatus Ihres NOVARION Produkts pr\u00fcfen?<br \/>\nKein Problem \u2013 unser Service-Team hilft Ihnen gerne![\/vc_column_text][vc_column_text uncode_shortcode_id=&#8220;131342&#8243;]<strong>So funktioniert\u2019s:<\/strong><\/p>\n<ol>\n<li><strong>Senden Sie uns einfach eine E-Mail an <a href=\"mailto:support@novarion.ai\">support@novarion.ai<\/a><\/strong><br \/>\nBetreff: Garantiepr\u00fcfung<br \/>\n<strong>Bitte geben Sie an:<\/strong><\/p>\n<ul>\n<li>Seriennummer Ihres Ger\u00e4ts<\/li>\n<li>(Optional) Rechnungsnummer oder Kundennummer<\/li>\n<li>Kurze Beschreibung Ihres Anliegens<\/li>\n<\/ul>\n<\/li>\n<li>Unser Team pr\u00fcft f\u00fcr Sie umgehend den Garantiestatus und meldet sich schnellstm\u00f6glich mit den Details!<\/li>\n<\/ol>\n<p>[\/vc_column_text][\/vc_column][\/vc_row][vc_row row_height_percent=&#8220;0&#8243; back_color=&#8220;color-160314&#8243; back_image=&#8220;92863&#8243; overlay_color=&#8220;color-160314&#8243; overlay_alpha=&#8220;50&#8243; gutter_size=&#8220;3&#8243; column_width_percent=&#8220;100&#8243; shift_y=&#8220;0&#8243; z_index=&#8220;0&#8243; content_parallax=&#8220;0&#8243; uncode_shortcode_id=&#8220;175337&#8243; back_color_type=&#8220;uncode-palette&#8220; overlay_color_type=&#8220;uncode-palette&#8220;][vc_column width=&#8220;1\/1&#8243;][vc_column_text text_lead=&#8220;yes&#8220; text_color=&#8220;color-xsdn&#8220; uncode_shortcode_id=&#8220;368513&#8243; text_color_type=&#8220;uncode-palette&#8220;]<\/p>\n<h5 style=\"text-align: center;\"><span style=\"color: #ffffff;\"><strong>Ihre Anfrage und Daten werden selbstverst\u00e4ndlich vertraulich behandelt.<\/strong><\/span><\/h5>\n<p>[\/vc_column_text][\/vc_column][\/vc_row][vc_row row_height_percent=&#8220;0&#8243; back_color=&#8220;color-156877&#8243; overlay_alpha=&#8220;50&#8243; gutter_size=&#8220;3&#8243; column_width_percent=&#8220;100&#8243; shift_y=&#8220;0&#8243; z_index=&#8220;0&#8243; content_parallax=&#8220;0&#8243; uncode_shortcode_id=&#8220;158610&#8243; back_color_type=&#8220;uncode-palette&#8220;][vc_column width=&#8220;1\/1&#8243;][vc_column_text uncode_shortcode_id=&#8220;184159&#8243;]Senden Sie Novara eine E-Mail oder fragen Sie sie direkt \u2013 sie wird Ihnen gerne sofort weiterhelfen.[\/vc_column_text][\/vc_column][\/vc_row][vc_row row_height_percent=&#8220;0&#8243; override_padding=&#8220;yes&#8220; h_padding=&#8220;2&#8243; top_padding=&#8220;3&#8243; bottom_padding=&#8220;3&#8243; back_color=&#8220;color-156877&#8243; overlay_alpha=&#8220;50&#8243; gutter_size=&#8220;3&#8243; column_width_percent=&#8220;100&#8243; shift_y=&#8220;0&#8243; z_index=&#8220;0&#8243; content_parallax=&#8220;0&#8243; uncode_shortcode_id=&#8220;865879&#8243; back_color_type=&#8220;uncode-palette&#8220;][vc_column column_width_percent=&#8220;100&#8243; gutter_size=&#8220;3&#8243; overlay_alpha=&#8220;50&#8243; shift_x=&#8220;0&#8243; shift_y=&#8220;0&#8243; shift_y_down=&#8220;0&#8243; z_index=&#8220;0&#8243; medium_width=&#8220;0&#8243; mobile_width=&#8220;0&#8243; width=&#8220;1\/2&#8243; uncode_shortcode_id=&#8220;706039&#8243; css=&#8220;.vc_custom_1771507590258{padding-left: 10% !important;}&#8220;][vc_row_inner][vc_column_inner width=&#8220;1\/3&#8243;][vc_single_image media=&#8220;99943&#8243; media_width_percent=&#8220;75&#8243; media_ratio=&#8220;one-one&#8220; shape=&#8220;img-circle&#8220; uncode_shortcode_id=&#8220;149965&#8243;][\/vc_column_inner][vc_column_inner column_width_percent=&#8220;100&#8243; position_vertical=&#8220;middle&#8220; gutter_size=&#8220;3&#8243; overlay_alpha=&#8220;50&#8243; shift_x=&#8220;0&#8243; shift_y=&#8220;0&#8243; shift_y_down=&#8220;0&#8243; z_index=&#8220;0&#8243; medium_width=&#8220;0&#8243; mobile_width=&#8220;0&#8243; width=&#8220;2\/3&#8243; uncode_shortcode_id=&#8220;118658&#8243;][vc_column_text uncode_shortcode_id=&#8220;247308&#8243;]<strong>Novara<\/strong><br \/>\nVirtual Assitant<br \/>\nE-Mail: <a href=\"mailto:support@novarion.ai\">support@novarion.ai<\/a><br \/>\nHP: <a href=\"http:\/\/novarion.ai\" target=\"_blank\" rel=\"noopener\">novarion.ai<\/a>[\/vc_column_text][\/vc_column_inner][\/vc_row_inner][\/vc_column][vc_column column_width_percent=&#8220;100&#8243; gutter_size=&#8220;3&#8243; overlay_alpha=&#8220;50&#8243; border_color=&#8220;color-160314&#8243; border_style=&#8220;solid&#8220; shift_x=&#8220;0&#8243; shift_y=&#8220;0&#8243; shift_y_down=&#8220;0&#8243; z_index=&#8220;0&#8243; medium_width=&#8220;0&#8243; mobile_width=&#8220;0&#8243; width=&#8220;1\/2&#8243; uncode_shortcode_id=&#8220;639282&#8243; css=&#8220;.vc_custom_1771507650475{border-left-width: 1px !important;padding-left: 10% !important;}&#8220; border_color_type=&#8220;uncode-palette&#8220;][vc_row_inner][vc_column_inner width=&#8220;1\/3&#8243;][\/vc_column_inner][vc_column_inner column_width_percent=&#8220;100&#8243; position_vertical=&#8220;middle&#8220; gutter_size=&#8220;3&#8243; overlay_alpha=&#8220;50&#8243; shift_x=&#8220;0&#8243; shift_y=&#8220;0&#8243; shift_y_down=&#8220;0&#8243; z_index=&#8220;0&#8243; medium_width=&#8220;0&#8243; mobile_width=&#8220;0&#8243; width=&#8220;2\/3&#8243; uncode_shortcode_id=&#8220;165594&#8243;][\/vc_column_inner][\/vc_row_inner][\/vc_column][\/vc_row]<\/p>\n<\/div>","protected":false},"excerpt":{"rendered":"<p>Erstellen Sie ein klassisches Rasterlayout mit \u00fcber 70 benutzerdefinierten Optionen.<\/p>\n","protected":false},"author":12,"featured_media":0,"parent":93305,"menu_order":0,"comment_status":"open","ping_status":"closed","template":"","meta":{"footnotes":""},"class_list":["post-89759","page","type-page","status-publish","hentry"],"_links":{"self":[{"href":"https:\/\/www.novarion.systems\/de\/wp-json\/wp\/v2\/pages\/89759","targetHints":{"allow":["GET"]}}],"collection":[{"href":"https:\/\/www.novarion.systems\/de\/wp-json\/wp\/v2\/pages"}],"about":[{"href":"https:\/\/www.novarion.systems\/de\/wp-json\/wp\/v2\/types\/page"}],"author":[{"embeddable":true,"href":"https:\/\/www.novarion.systems\/de\/wp-json\/wp\/v2\/users\/12"}],"replies":[{"embeddable":true,"href":"https:\/\/www.novarion.systems\/de\/wp-json\/wp\/v2\/comments?post=89759"}],"version-history":[{"count":5,"href":"https:\/\/www.novarion.systems\/de\/wp-json\/wp\/v2\/pages\/89759\/revisions"}],"predecessor-version":[{"id":100312,"href":"https:\/\/www.novarion.systems\/de\/wp-json\/wp\/v2\/pages\/89759\/revisions\/100312"}],"up":[{"embeddable":true,"href":"https:\/\/www.novarion.systems\/de\/wp-json\/wp\/v2\/pages\/93305"}],"wp:attachment":[{"href":"https:\/\/www.novarion.systems\/de\/wp-json\/wp\/v2\/media?parent=89759"}],"curies":[{"name":"wp","href":"https:\/\/api.w.org\/{rel}","templated":true}]}}