{"id":93204,"date":"2021-04-15T12:08:52","date_gmt":"2021-04-15T12:08:52","guid":{"rendered":"http:\/\/prod.novarion.systems\/quantum-computing\/quantum-keynotes\/"},"modified":"2026-02-23T15:10:32","modified_gmt":"2026-02-23T15:10:32","slug":"quantum-keynotes","status":"publish","type":"page","link":"https:\/\/www.novarion.systems\/de\/quantum-computing\/quantum-keynotes\/","title":{"rendered":"Quantum Keynotes"},"content":{"rendered":"<div class=\"wpb-content-wrapper\"><p>[vc_row][vc_column width=&#8220;1\/1&#8243;][uncode_breadcrumbs][\/vc_column][\/vc_row][vc_row row_height_percent=&#8220;0&#8243; override_padding=&#8220;yes&#8220; h_padding=&#8220;2&#8243; top_padding=&#8220;4&#8243; bottom_padding=&#8220;4&#8243; overlay_alpha=&#8220;50&#8243; gutter_size=&#8220;4&#8243; column_width_percent=&#8220;100&#8243; shift_y=&#8220;0&#8243; z_index=&#8220;0&#8243;][vc_column column_width_percent=&#8220;100&#8243; position_vertical=&#8220;middle&#8220; gutter_size=&#8220;3&#8243; overlay_alpha=&#8220;50&#8243; shift_x=&#8220;0&#8243; shift_y=&#8220;0&#8243; shift_y_down=&#8220;0&#8243; z_index=&#8220;0&#8243; medium_width=&#8220;0&#8243; mobile_width=&#8220;0&#8243; width=&#8220;1\/3&#8243;][vc_single_image media=&#8220;89227&#8243; media_width_percent=&#8220;90&#8243;][\/vc_column][vc_column column_width_percent=&#8220;100&#8243; position_vertical=&#8220;middle&#8220; gutter_size=&#8220;4&#8243; overlay_alpha=&#8220;50&#8243; shift_x=&#8220;0&#8243; shift_y=&#8220;0&#8243; shift_y_down=&#8220;0&#8243; z_index=&#8220;0&#8243; medium_width=&#8220;0&#8243; mobile_width=&#8220;0&#8243; width=&#8220;2\/3&#8243;][vc_custom_heading heading_semantic=&#8220;h3&#8243; text_size=&#8220;&#8220; uncode_shortcode_id=&#8220;132986&#8243;]Georg Gesek \u2013 Visionary Leader in Quantum Technologies &amp; Datacenter Innovation[\/vc_custom_heading][vc_column_text uncode_shortcode_id=&#8220;139261&#8243;]<span lang=\"EN-US\">Georg Gesek ist Gr\u00fcnder und CEO von Novarion Systems, einem f\u00fchrenden Hersteller von fortschrittlicher Rechenzentrums-Hardware und agentenbasierten KI-L\u00f6sungen f\u00fcr Unternehmen. Mit mehr als zwei Jahrzehnten Pionierarbeit in den Bereichen Hochleistungsrechner, sichere IT-Infrastrukturen und Quantentechnologien gilt Georg Gesek als Vordenker an der Schnittstelle zwischen Quantenph\u00e4nomenen und angewandter Digitalwissenschaft. <\/span><\/p>\n<p><span lang=\"EN-US\">Als aktiver Partner in bedeutenden europ\u00e4ischen Forschungsinitiativen \u2013 darunter QuantERA und OPENQKD \u2013 arbeitet Georg mit f\u00fchrenden Experten aus Industrie und Wissenschaft zusammen, um die praktische Umsetzung von Quantenkommunikations- und Sicherheitsl\u00f6sungen voranzutreiben. Zu seinen \u00f6ffentlichen Auftritten z\u00e4hlen zahlreiche Keynote-Vortr\u00e4ge und technische Tutorials auf internationalen Spitzenkonferenzen zu den Themen Quanten-Software-Engineering, quantensichere Kommunikation und workflowbasierte Ausf\u00fchrung von Quantenalgorithmen. <\/span><\/p>\n<p><span lang=\"EN-US\">Georgs Keynotes vereinen fundiertes Fachwissen in den Bereichen Systemarchitektur, Hardware-Engineering und Kommerzialisierung modernster Quantentechnologien und liefern umsetzbare Erkenntnisse f\u00fcr Unternehmen, die sich darauf vorbereiten, Quanten-IT in Cloud-, Edge- und HPC-Umgebungen zu nutzen. Er ist bekannt f\u00fcr seine F\u00e4higkeit, theoretische Durchbr\u00fcche mit klaren industriellen Anwendungen zu verbinden und so Quantentechnologien f\u00fcr Entscheidungstr\u00e4ger in Unternehmen zug\u00e4nglich und wirkungsvoll zu machen. <\/span>[\/vc_column_text][\/vc_column][\/vc_row][vc_row row_height_percent=&#8220;0&#8243; back_color=&#8220;color-160314&#8243; back_image=&#8220;92863&#8243; overlay_color=&#8220;color-160314&#8243; overlay_alpha=&#8220;50&#8243; gutter_size=&#8220;3&#8243; column_width_percent=&#8220;100&#8243; shift_y=&#8220;0&#8243; z_index=&#8220;0&#8243; content_parallax=&#8220;0&#8243; uncode_shortcode_id=&#8220;175337&#8243; back_color_type=&#8220;uncode-palette&#8220; overlay_color_type=&#8220;uncode-palette&#8220;][vc_column width=&#8220;1\/1&#8243;][vc_column_text text_lead=&#8220;yes&#8220; text_color=&#8220;color-xsdn&#8220; uncode_shortcode_id=&#8220;126406&#8243; text_color_type=&#8220;uncode-palette&#8220;]<\/p>\n<h5 style=\"text-align: center;\"><strong><span style=\"color: #ffffff;\">Erleben Sie jetzt live die Innovation der Quantenphysik \u2013 vereinbaren Sie einen Vortrag!<\/span><\/strong><\/h5>\n<h5 style=\"text-align: center;\"><strong><span style=\"color: #ffffff;\">\u201eGrenzen \u00fcberwinden, die Zukunft gestalten \u2013 gemeinsam zu neuen Quantenspr\u00fcngen!\u201c<\/span><\/strong><\/h5>\n<p>[\/vc_column_text][\/vc_column][\/vc_row][vc_row row_height_percent=&#8220;0&#8243; back_color=&#8220;color-156877&#8243; overlay_alpha=&#8220;50&#8243; gutter_size=&#8220;3&#8243; column_width_percent=&#8220;100&#8243; shift_y=&#8220;0&#8243; z_index=&#8220;0&#8243; content_parallax=&#8220;0&#8243; uncode_shortcode_id=&#8220;158610&#8243; back_color_type=&#8220;uncode-palette&#8220;][vc_column width=&#8220;1\/1&#8243;][vc_column_text uncode_shortcode_id=&#8220;342147&#8243;]Senden Sie Novara eine E-Mail oder fragen Sie sie direkt \u2013 wir freuen uns auf Ihre Anfrage![\/vc_column_text][\/vc_column][\/vc_row][vc_row row_height_percent=&#8220;0&#8243; override_padding=&#8220;yes&#8220; h_padding=&#8220;2&#8243; top_padding=&#8220;2&#8243; bottom_padding=&#8220;4&#8243; back_color=&#8220;color-156877&#8243; overlay_alpha=&#8220;50&#8243; gutter_size=&#8220;3&#8243; column_width_percent=&#8220;100&#8243; shift_y=&#8220;0&#8243; z_index=&#8220;0&#8243; content_parallax=&#8220;0&#8243; uncode_shortcode_id=&#8220;124258&#8243; back_color_type=&#8220;uncode-palette&#8220;][vc_column column_width_percent=&#8220;100&#8243; gutter_size=&#8220;3&#8243; overlay_alpha=&#8220;50&#8243; shift_x=&#8220;0&#8243; shift_y=&#8220;0&#8243; shift_y_down=&#8220;0&#8243; z_index=&#8220;0&#8243; medium_width=&#8220;0&#8243; mobile_width=&#8220;0&#8243; width=&#8220;1\/2&#8243; uncode_shortcode_id=&#8220;706039&#8243; css=&#8220;.vc_custom_1771507590258{padding-left: 10% !important;}&#8220;][vc_row_inner row_inner_height_percent=&#8220;0&#8243; overlay_alpha=&#8220;50&#8243; gutter_size=&#8220;3&#8243; border_color=&#8220;color-160314&#8243; border_style=&#8220;solid&#8220; shift_y=&#8220;0&#8243; z_index=&#8220;0&#8243; uncode_shortcode_id=&#8220;147114&#8243; border_color_type=&#8220;uncode-palette&#8220;][vc_column_inner width=&#8220;1\/3&#8243;][vc_single_image media=&#8220;99943&#8243; media_width_percent=&#8220;75&#8243; media_ratio=&#8220;one-one&#8220; shape=&#8220;img-circle&#8220; uncode_shortcode_id=&#8220;149965&#8243;][\/vc_column_inner][vc_column_inner column_width_percent=&#8220;100&#8243; position_vertical=&#8220;middle&#8220; gutter_size=&#8220;3&#8243; overlay_alpha=&#8220;50&#8243; shift_x=&#8220;0&#8243; shift_y=&#8220;0&#8243; shift_y_down=&#8220;0&#8243; z_index=&#8220;0&#8243; medium_width=&#8220;0&#8243; mobile_width=&#8220;0&#8243; width=&#8220;2\/3&#8243; uncode_shortcode_id=&#8220;118658&#8243;][vc_column_text uncode_shortcode_id=&#8220;443930&#8243;]<strong>Novara<\/strong><br \/>\nVirtual Assitant<br \/>\nE-Mail: <a href=\"mailto:novara@novarion.ai\">novara@novarion.ai<\/a><br \/>\nHP: <a href=\"http:\/\/novarion.ai\" target=\"_blank\" rel=\"noopener\">novarion.ai<\/a>[\/vc_column_text][\/vc_column_inner][\/vc_row_inner][\/vc_column][vc_column column_width_percent=&#8220;100&#8243; gutter_size=&#8220;3&#8243; overlay_alpha=&#8220;50&#8243; border_color=&#8220;color-160314&#8243; border_style=&#8220;solid&#8220; shift_x=&#8220;0&#8243; shift_y=&#8220;0&#8243; shift_y_down=&#8220;0&#8243; z_index=&#8220;0&#8243; medium_width=&#8220;0&#8243; mobile_width=&#8220;0&#8243; width=&#8220;1\/2&#8243; uncode_shortcode_id=&#8220;639282&#8243; css=&#8220;.vc_custom_1771507650475{border-left-width: 1px !important;padding-left: 10% !important;}&#8220; border_color_type=&#8220;uncode-palette&#8220;][vc_row_inner][vc_column_inner width=&#8220;1\/3&#8243;][\/vc_column_inner][vc_column_inner column_width_percent=&#8220;100&#8243; position_vertical=&#8220;middle&#8220; gutter_size=&#8220;3&#8243; overlay_alpha=&#8220;50&#8243; shift_x=&#8220;0&#8243; shift_y=&#8220;0&#8243; shift_y_down=&#8220;0&#8243; z_index=&#8220;0&#8243; medium_width=&#8220;0&#8243; mobile_width=&#8220;0&#8243; width=&#8220;2\/3&#8243; uncode_shortcode_id=&#8220;165594&#8243;][\/vc_column_inner][\/vc_row_inner][\/vc_column][\/vc_row]<\/p>\n<\/div>","protected":false},"excerpt":{"rendered":"<p>Erstellen Sie ein klassisches Rasterlayout mit \u00fcber 70 benutzerdefinierten Optionen.<\/p>\n","protected":false},"author":6,"featured_media":0,"parent":85821,"menu_order":0,"comment_status":"open","ping_status":"closed","template":"","meta":{"footnotes":""},"class_list":["post-93204","page","type-page","status-publish","hentry"],"_links":{"self":[{"href":"https:\/\/www.novarion.systems\/de\/wp-json\/wp\/v2\/pages\/93204","targetHints":{"allow":["GET"]}}],"collection":[{"href":"https:\/\/www.novarion.systems\/de\/wp-json\/wp\/v2\/pages"}],"about":[{"href":"https:\/\/www.novarion.systems\/de\/wp-json\/wp\/v2\/types\/page"}],"author":[{"embeddable":true,"href":"https:\/\/www.novarion.systems\/de\/wp-json\/wp\/v2\/users\/6"}],"replies":[{"embeddable":true,"href":"https:\/\/www.novarion.systems\/de\/wp-json\/wp\/v2\/comments?post=93204"}],"version-history":[{"count":29,"href":"https:\/\/www.novarion.systems\/de\/wp-json\/wp\/v2\/pages\/93204\/revisions"}],"predecessor-version":[{"id":100304,"href":"https:\/\/www.novarion.systems\/de\/wp-json\/wp\/v2\/pages\/93204\/revisions\/100304"}],"up":[{"embeddable":true,"href":"https:\/\/www.novarion.systems\/de\/wp-json\/wp\/v2\/pages\/85821"}],"wp:attachment":[{"href":"https:\/\/www.novarion.systems\/de\/wp-json\/wp\/v2\/media?parent=93204"}],"curies":[{"name":"wp","href":"https:\/\/api.w.org\/{rel}","templated":true}]}}