{"id":93210,"date":"2021-08-31T08:30:21","date_gmt":"2021-08-31T08:30:21","guid":{"rendered":"http:\/\/prod.novarion.systems\/produkte\/"},"modified":"2025-02-19T13:50:31","modified_gmt":"2025-02-19T13:50:31","slug":"produkte","status":"publish","type":"page","link":"https:\/\/www.novarion.systems\/de\/produkte\/","title":{"rendered":"Produkte"},"content":{"rendered":"<div class=\"wpb-content-wrapper\"><p>[vc_row row_height_percent=&#8220;0&#8243; override_padding=&#8220;yes&#8220; h_padding=&#8220;2&#8243; top_padding=&#8220;4&#8243; bottom_padding=&#8220;2&#8243; overlay_alpha=&#8220;50&#8243; equal_height=&#8220;yes&#8220; gutter_size=&#8220;4&#8243; column_width_percent=&#8220;100&#8243; shift_y=&#8220;0&#8243; z_index=&#8220;0&#8243;][vc_column column_width_use_pixel=&#8220;yes&#8220; position_vertical=&#8220;middle&#8220; align_horizontal=&#8220;align_center&#8220; gutter_size=&#8220;2&#8243; overlay_alpha=&#8220;50&#8243; shift_x=&#8220;0&#8243; shift_y=&#8220;0&#8243; shift_y_down=&#8220;0&#8243; z_index=&#8220;0&#8243; medium_width=&#8220;0&#8243; mobile_width=&#8220;0&#8243; width=&#8220;1\/1&#8243; column_width_pixel=&#8220;900&#8243;][vc_custom_heading heading_semantic=&#8220;h3&#8243; text_font=&#8220;font-312258&#8243; text_size=&#8220;h1&#8243;]Systeme im \u00dcberblick[\/vc_custom_heading][vc_column_text text_lead=&#8220;yes&#8220;]Novarion bietet eine breite Palette von Produkten an, die von Servern f\u00fcr kleinere Unternehmen bis hin zu Systeme f\u00fcr k\u00fcnstliche Intelligenz und hybrides Quantencomputing reichen. Klicken Sie auf die Schaltfl\u00e4che, um mehr \u00fcber unsere Systeme zu erfahren[\/vc_column_text][\/vc_column][\/vc_row][vc_row row_height_percent=&#8220;0&#8243; override_padding=&#8220;yes&#8220; h_padding=&#8220;2&#8243; top_padding=&#8220;2&#8243; bottom_padding=&#8220;2&#8243; overlay_alpha=&#8220;17&#8243; gutter_size=&#8220;3&#8243; column_width_percent=&#8220;100&#8243; shift_y=&#8220;0&#8243; z_index=&#8220;0&#8243; css=&#8220;.vc_custom_1630660541508{padding-bottom: 5.5% !important;}&#8220;][vc_column column_width_percent=&#8220;100&#8243; gutter_size=&#8220;3&#8243; overlay_alpha=&#8220;50&#8243; shadow=&#8220;sm&#8220; shift_x=&#8220;0&#8243; shift_y=&#8220;0&#8243; shift_y_down=&#8220;0&#8243; z_index=&#8220;0&#8243; medium_width=&#8220;0&#8243; mobile_width=&#8220;0&#8243; width=&#8220;1\/3&#8243;][vc_single_image media=&#8220;88190&#8243; media_width_percent=&#8220;100&#8243; shadow=&#8220;yes&#8220; uncode_shortcode_id=&#8220;112509&#8243;][uncode_pricing title=&#8220;Built-to-Order-Server-Systeme&#8220; price=&#8220;| Mit \u00fcber 1500 Basissystemen, die darauf warten, angepasst zu werden, bietet Novarion eine riesige Auswahl an Serversystemen die ihren Einsatz in kleinere Unternehmen bis hin zu Hochleistungsrechnern in Bereichen wie k\u00fcnstliche Intelligenz oder Quantencomputing finden.&#8220; hover_fx=&#8220;outlined&#8220; price_color=&#8220;color-169582&#8243; align=&#8220;left&#8220; body=&#8220;Hochleistungscomputer<br \/>\nSkalierbar<br \/>\nAnpassbar&#8220;][vc_button size=&#8220;btn-lg&#8220; wide=&#8220;yes&#8220; shadow=&#8220;yes&#8220; shadow_weight=&#8220;sm&#8220; border_width=&#8220;0&#8243; link=&#8220;url:https%3A%2F%2Fwww.novarion.systems%2Fde%2Fprodukte%2Fquanton-server-hpc%2F|title:Server&#8220; el_class=&#8220;pricing-table-button&#8220; uncode_shortcode_id=&#8220;211172&#8243;]Mehr Erfahren[\/vc_button][\/vc_column][vc_column column_width_percent=&#8220;100&#8243; gutter_size=&#8220;3&#8243; overlay_alpha=&#8220;50&#8243; shadow=&#8220;sm&#8220; shift_x=&#8220;0&#8243; shift_y=&#8220;0&#8243; shift_y_down=&#8220;0&#8243; z_index=&#8220;0&#8243; medium_width=&#8220;0&#8243; mobile_width=&#8220;0&#8243; width=&#8220;1\/3&#8243;][vc_single_image media=&#8220;88187&#8243; media_width_percent=&#8220;100&#8243;][uncode_pricing title=&#8220;Storage Systems&#8220; price=&#8220;| Egal ob Leistung, Hochverf\u00fcgbarkeit oder beides zusammen. wir sind auf Ihre spezifischen Bed\u00fcrfnisse spezialisiert und erstellen eine optimale Konfiguration ohne Kompromisse. St\u00f6bern Sie in unseren verschiedenen Produkten und erfahren Sie mehr.&#8220; price_color=&#8220;,Default&#8220; align=&#8220;left&#8220; body=&#8220;Blockbasierte Systeme<br \/>\nDateibasierte Systeme<br \/>\nHyperskalierbar&#8220;][vc_button size=&#8220;btn-lg&#8220; wide=&#8220;yes&#8220; shadow=&#8220;yes&#8220; shadow_weight=&#8220;sm&#8220; border_width=&#8220;0&#8243; link=&#8220;url:https%3A%2F%2Fwww.novarion.systems%2Fde%2Fprodukte%2Ftacyon-storage-hci%2F|title:Tacyon%20Storage%20%26%20HCI&#8220; el_class=&#8220;pricing-table-button&#8220; uncode_shortcode_id=&#8220;178527&#8243;]Mehr Erfahren[\/vc_button][\/vc_column][vc_column column_width_percent=&#8220;100&#8243; gutter_size=&#8220;3&#8243; overlay_alpha=&#8220;50&#8243; shadow=&#8220;sm&#8220; shift_x=&#8220;0&#8243; shift_y=&#8220;0&#8243; shift_y_down=&#8220;0&#8243; z_index=&#8220;0&#8243; medium_width=&#8220;0&#8243; mobile_width=&#8220;0&#8243; width=&#8220;1\/3&#8243;][vc_single_image media=&#8220;88185&#8243; media_width_percent=&#8220;100&#8243; uncode_shortcode_id=&#8220;174704&#8243;][uncode_pricing title=&#8220;Appliances&#8220; price=&#8220;|Unsere Ger\u00e4te gew\u00e4hrleisten ein optimales Sicherheits- und Leistungsverh\u00e4ltnis auf der Grundlage Ihrer Spezifikation. Mit der eingebauten Intelligenz garantieren wir maximale Dateneffizienz und die h\u00f6chste Sicherheitsanforderungen. Anschlie\u00dfen und loslegen!&#8220; price_color=&#8220;,Default&#8220; align=&#8220;left&#8220; body=&#8220;Datensicherheit<br \/>\nDeduplizierung<br \/>\nBusiness Innovation&#8220;][vc_button size=&#8220;btn-lg&#8220; wide=&#8220;yes&#8220; shadow=&#8220;yes&#8220; shadow_weight=&#8220;sm&#8220; border_width=&#8220;0&#8243; link=&#8220;url:https%3A%2F%2Fwww.novarion.systems%2Fde%2Fprodukte%2Fplatinstor-storage-cluster%2F|title:PlatinStor%20Storage%20%26%20Cluster&#8220; el_class=&#8220;pricing-table-button&#8220; uncode_shortcode_id=&#8220;169286&#8243;]Mehr Erfahren[\/vc_button][\/vc_column][\/vc_row]<\/p>\n<\/div>","protected":false},"excerpt":{"rendered":"<p>Erstellen Sie ein klassisches Rasterlayout mit \u00fcber 70 benutzerdefinierten Optionen.<\/p>\n","protected":false},"author":6,"featured_media":0,"parent":0,"menu_order":0,"comment_status":"closed","ping_status":"closed","template":"","meta":{"footnotes":""},"class_list":["post-93210","page","type-page","status-publish","hentry"],"_links":{"self":[{"href":"https:\/\/www.novarion.systems\/de\/wp-json\/wp\/v2\/pages\/93210","targetHints":{"allow":["GET"]}}],"collection":[{"href":"https:\/\/www.novarion.systems\/de\/wp-json\/wp\/v2\/pages"}],"about":[{"href":"https:\/\/www.novarion.systems\/de\/wp-json\/wp\/v2\/types\/page"}],"author":[{"embeddable":true,"href":"https:\/\/www.novarion.systems\/de\/wp-json\/wp\/v2\/users\/6"}],"replies":[{"embeddable":true,"href":"https:\/\/www.novarion.systems\/de\/wp-json\/wp\/v2\/comments?post=93210"}],"version-history":[{"count":0,"href":"https:\/\/www.novarion.systems\/de\/wp-json\/wp\/v2\/pages\/93210\/revisions"}],"wp:attachment":[{"href":"https:\/\/www.novarion.systems\/de\/wp-json\/wp\/v2\/media?parent=93210"}],"curies":[{"name":"wp","href":"https:\/\/api.w.org\/{rel}","templated":true}]}}