{"id":93280,"date":"2021-08-11T11:36:44","date_gmt":"2021-08-11T11:36:44","guid":{"rendered":"http:\/\/prod.novarion.systems\/produkte\/storages\/"},"modified":"2026-03-11T13:01:09","modified_gmt":"2026-03-11T13:01:09","slug":"platinstor-storage-cluster","status":"publish","type":"page","link":"https:\/\/www.novarion.systems\/de\/produkte\/platinstor-storage-cluster\/","title":{"rendered":"PlatinStor\u00ae Storage &amp; Cluster"},"content":{"rendered":"<div class=\"wpb-content-wrapper\"><p>[vc_row][vc_column width=&#8220;1\/1&#8243;][uncode_breadcrumbs][\/vc_column][\/vc_row][vc_row unlock_row_content=&#8220;yes&#8220; row_height_percent=&#8220;0&#8243; override_padding=&#8220;yes&#8220; h_padding=&#8220;0&#8243; top_padding=&#8220;0&#8243; bottom_padding=&#8220;0&#8243; overlay_alpha=&#8220;50&#8243; gutter_size=&#8220;3&#8243; column_width_percent=&#8220;100&#8243; shift_y=&#8220;0&#8243; z_index=&#8220;0&#8243;][vc_column column_width_percent=&#8220;100&#8243; gutter_size=&#8220;3&#8243; overlay_alpha=&#8220;50&#8243; shift_x=&#8220;0&#8243; shift_y=&#8220;0&#8243; shift_y_down=&#8220;0&#8243; z_index=&#8220;0&#8243; medium_width=&#8220;0&#8243; mobile_width=&#8220;0&#8243; width=&#8220;1\/1&#8243;][vc_tabs history=&#8220;yes&#8220; width_100=&#8220;yes&#8220; border_100=&#8220;yes&#8220;][vc_tab gutter_size=&#8220;2&#8243; column_padding=&#8220;2&#8243; title=&#8220;DataCore&#8220; tab_id=&#8220;datacore&#8220;][vc_row_inner row_inner_height_percent=&#8220;0&#8243; overlay_alpha=&#8220;50&#8243; gutter_size=&#8220;3&#8243; shift_y=&#8220;0&#8243; z_index=&#8220;0&#8243; css=&#8220;.vc_custom_1629887431598{padding-top: 4.5% !important;padding-right: 12.5% !important;padding-bottom: 7.5% !important;padding-left: 12.5% !important;}&#8220; limit_content=&#8220;&#8220;][vc_column_inner column_width_percent=&#8220;100&#8243; position_vertical=&#8220;middle&#8220; gutter_size=&#8220;3&#8243; expand_height=&#8220;yes&#8220; overlay_alpha=&#8220;50&#8243; shift_x=&#8220;0&#8243; shift_y=&#8220;0&#8243; shift_y_down=&#8220;0&#8243; z_index=&#8220;0&#8243; medium_width=&#8220;0&#8243; mobile_width=&#8220;0&#8243; width=&#8220;1\/2&#8243;][vc_single_image media=&#8220;88271&#8243; media_width_percent=&#8220;71&#8243; alignment=&#8220;center&#8220;][\/vc_column_inner][vc_column_inner column_width_percent=&#8220;100&#8243; position_vertical=&#8220;middle&#8220; gutter_size=&#8220;3&#8243; font_family=&#8220;font-377884&#8243; overlay_alpha=&#8220;50&#8243; shift_x=&#8220;0&#8243; shift_y=&#8220;0&#8243; shift_y_down=&#8220;0&#8243; z_index=&#8220;0&#8243; medium_width=&#8220;0&#8243; mobile_width=&#8220;0&#8243; width=&#8220;1\/2&#8243;][vc_single_image media=&#8220;88556&#8243; media_width_percent=&#8220;37&#8243;][vc_custom_heading heading_semantic=&#8220;h3&#8243; text_font=&#8220;font-762333&#8243; text_size=&#8220;&#8220; subheading=&#8220;Die PlatinStor SC basiert auf einem integrierten Storage-Hypervisor, der die enormen Vorteile der Speichervirtualisierung mit den Anforderungen der Datenspeicherung im gleichen System hervorragend kombiniert. Die daraus resultierende Flexibilit\u00e4t und Sicherheit erm\u00f6glichen ein einfaches Management und trennt die Speicherhardware von den virtuellen Volumes, die von den Servern gesehen werden k\u00f6nnen. Eine Integration bestehender Speichersysteme in Virtualisierungsschichten erm\u00f6glicht ein zentrales Management und die Nutzung der Vorteile der modernen PlatinStor Systeme.&#8220;]HA Enterprise Storage[\/vc_custom_heading][vc_separator sep_color=&#8220;,Default&#8220;][\/vc_column_inner][\/vc_row_inner][vc_row_inner row_inner_height_percent=&#8220;0&#8243; back_color=&#8220;color-156877&#8243; overlay_alpha=&#8220;50&#8243; gutter_size=&#8220;3&#8243; shift_y=&#8220;0&#8243; z_index=&#8220;0&#8243; css=&#8220;.vc_custom_1630313020829{padding-top: 7.5% !important;padding-right: 12.5% !important;padding-left: 12.5% !important;}&#8220; limit_content=&#8220;&#8220;][vc_column_inner column_width_percent=&#8220;100&#8243; align_horizontal=&#8220;align_center&#8220; gutter_size=&#8220;3&#8243; overlay_alpha=&#8220;50&#8243; shift_x=&#8220;0&#8243; shift_y=&#8220;0&#8243; shift_y_down=&#8220;0&#8243; z_index=&#8220;0&#8243; medium_width=&#8220;0&#8243; mobile_width=&#8220;0&#8243; width=&#8220;1\/1&#8243; css=&#8220;.vc_custom_1630398444966{padding-top: 0px !important;padding-bottom: 7.5% !important;}&#8220;][vc_custom_heading heading_semantic=&#8220;h3&#8243; text_font=&#8220;font-312258&#8243; text_size=&#8220;fontsize-338686&#8243;]Storages im \u00dcberblick[\/vc_custom_heading][vc_column_text text_lead=&#8220;yes&#8220;]Um alle Bereiche effektiv abdecken zu k\u00f6nnen, bietet Novarion eine breite Palette an m\u00f6glichen L\u00f6sungen[\/vc_column_text][\/vc_column_inner][\/vc_row_inner][vc_row_inner row_inner_height_percent=&#8220;0&#8243; back_color=&#8220;color-156877&#8243; overlay_alpha=&#8220;50&#8243; gutter_size=&#8220;3&#8243; shift_y=&#8220;0&#8243; z_index=&#8220;0&#8243; css=&#8220;.vc_custom_1630414680274{margin-top: 0px !important;border-top-width: 0px !important;padding-top: 0px !important;padding-right: 12.5% !important;padding-bottom: 7.5% !important;padding-left: 12.5% !important;}&#8220; limit_content=&#8220;&#8220;][vc_column_inner column_width_percent=&#8220;100&#8243; gutter_size=&#8220;3&#8243; font_family=&#8220;font-312258&#8243; overlay_alpha=&#8220;50&#8243; shift_x=&#8220;0&#8243; shift_y=&#8220;0&#8243; shift_y_down=&#8220;0&#8243; z_index=&#8220;0&#8243; medium_width=&#8220;0&#8243; mobile_width=&#8220;0&#8243; width=&#8220;1\/2&#8243;][uncode_pricing title=&#8220;SCALAR&#8220; price=&#8220;| Hochverf\u00fcgbarer Enterprise Storages&#8220; price_color=&#8220;,Default&#8220; align=&#8220;left&#8220; body=&#8220;Bis zu 72 HDD\/SSDs SAS-3 bays<br \/>\nBis zu 32Gbit Fibre Channel<br \/>\nAlle relevanten SAN- und NAS-Protokolle&#8220;][vc_button border_width=&#8220;0&#8243; link=&#8220;url:https%3A%2F%2Fwww.novarion.systems%2Fwp-content%2Fuploads%2F2021%2F10%2FPlatinStor-SC2024.pdf|target:_blank|&#8220; uncode_shortcode_id=&#8220;212210&#8243;]Datenblatt herunterladen[\/vc_button][\/vc_column_inner][vc_column_inner column_width_percent=&#8220;100&#8243; gutter_size=&#8220;3&#8243; overlay_alpha=&#8220;50&#8243; shift_x=&#8220;0&#8243; shift_y=&#8220;0&#8243; shift_y_down=&#8220;0&#8243; z_index=&#8220;0&#8243; medium_width=&#8220;0&#8243; mobile_width=&#8220;0&#8243; width=&#8220;1\/2&#8243;][uncode_pricing title=&#8220;PULSAR&#8220; price=&#8220;| Memory Embedded Computing System&#8220; price_color=&#8220;,Default&#8220; align=&#8220;left&#8220; body=&#8220;Bis zu 32x E1.S (1PB pro Knoten) interne Hot-Swap-Einsch\u00fcbe NVMe<br \/>\nBis zu 32Gbit Fibre Channel<br \/>\nAlle relevanten SAN- und NAS-Protokolle&#8220;][vc_button border_width=&#8220;0&#8243; link=&#8220;url:https%3A%2F%2Fwww.novarion.systems%2Fwp-content%2Fuploads%2F2021%2F10%2FPlatinStor-Pulsar.pdf|target:_blank|&#8220; uncode_shortcode_id=&#8220;373646&#8243;]Datenblatt herunterladen[\/vc_button][\/vc_column_inner][\/vc_row_inner][vc_row_inner row_inner_height_percent=&#8220;0&#8243; overlay_alpha=&#8220;50&#8243; gutter_size=&#8220;3&#8243; shift_y=&#8220;0&#8243; z_index=&#8220;0&#8243; css=&#8220;.vc_custom_1630312803508{padding-top: 5.5% !important;padding-right: 12.5% !important;padding-bottom: 2.5% !important;padding-left: 12.5% !important;}&#8220; limit_content=&#8220;&#8220;][vc_column_inner column_width_percent=&#8220;100&#8243; align_horizontal=&#8220;align_center&#8220; gutter_size=&#8220;3&#8243; overlay_alpha=&#8220;50&#8243; shift_x=&#8220;0&#8243; shift_y=&#8220;0&#8243; shift_y_down=&#8220;0&#8243; z_index=&#8220;0&#8243; medium_width=&#8220;0&#8243; mobile_width=&#8220;0&#8243; width=&#8220;1\/1&#8243; css=&#8220;.vc_custom_1630321199398{padding-top: 0px !important;padding-bottom: 2.5% !important;}&#8220;][vc_custom_heading heading_semantic=&#8220;h3&#8243; text_font=&#8220;font-312258&#8243; text_size=&#8220;fontsize-338686&#8243;]H\u00f6hepunkte von PlatinStor SC[\/vc_custom_heading][\/vc_column_inner][\/vc_row_inner][vc_row_inner row_inner_height_percent=&#8220;0&#8243; overlay_alpha=&#8220;50&#8243; gutter_size=&#8220;3&#8243; shift_y=&#8220;0&#8243; z_index=&#8220;0&#8243; css=&#8220;.vc_custom_1630321323453{padding-top: 2.5% !important;padding-right: 12.5% !important;padding-bottom: 2.5% !important;padding-left: 12.5% !important;}&#8220; limit_content=&#8220;&#8220;][vc_column_inner width=&#8220;1\/3&#8243;][vc_icon position=&#8220;left&#8220; icon=&#8220;fa fa-expeditedssl&#8220; icon_color=&#8220;accent&#8220; size=&#8220;fa-4x&#8220; heading_semantic=&#8220;h4&#8243; text_size=&#8220;&#8220; title=&#8220;Unternehmenssicherheit und Zuverl\u00e4ssigkeit&#8220;]Einzigartige Funktionen wie: Continuous Data Protection, Advanced Snapshots, Enterprise Storage Virtualization, WSAN, Asynchronous Mirroring, Advanced Site Recovery, MPIO und spezielle Service Levels machen PlatinStor SC zu einem der sichersten und zuverl\u00e4ssigsten Speichersysteme der Welt.[\/vc_icon][\/vc_column_inner][vc_column_inner width=&#8220;1\/3&#8243;][vc_icon position=&#8220;left&#8220; icon=&#8220;fa fa-database&#8220; icon_color=&#8220;accent&#8220; size=&#8220;fa-4x&#8220; heading_semantic=&#8220;h4&#8243; text_font=&#8220;font-762333&#8243; text_size=&#8220;&#8220; title=&#8220;Weitreichende Datenreplikation&#8220;]PlatinStor SC Systeme verf\u00fcgen \u00fcber das branchenweit schnellste nicht-fl\u00fcchtige Tiering, das sich perfekt f\u00fcr Datenbanken, Hochleistungscluster und andere leistungshungrige Dienste und Anwendungen eignet.[\/vc_icon][\/vc_column_inner][vc_column_inner width=&#8220;1\/3&#8243;][vc_icon position=&#8220;left&#8220; icon=&#8220;fa fa-profile-male&#8220; icon_color=&#8220;accent&#8220; size=&#8220;fa-4x&#8220; heading_semantic=&#8220;h4&#8243; text_font=&#8220;font-762333&#8243; text_size=&#8220;&#8220; title=&#8220;Einfache Wartung&#8220;]Die PlatinStor SC Management Console bietet eine zentrale Steuerung des gesamten SAN-Grid. E-Mail-Benachrichtigungen und IPMI erm\u00f6glichen eine kontinuierliche \u00dcberwachung, Analyse und Reporting-Tools sorgen f\u00fcr einen effizienteren Betrieb von PlatinStor SC. Neben der grafischen Benutzeroberfl\u00e4che ist auch eine Kommandozeile verf\u00fcgbar.[\/vc_icon][\/vc_column_inner][\/vc_row_inner][vc_row_inner row_inner_height_percent=&#8220;0&#8243; back_color=&#8220;color-156877&#8243; overlay_alpha=&#8220;50&#8243; gutter_size=&#8220;3&#8243; shift_y=&#8220;0&#8243; z_index=&#8220;0&#8243; css=&#8220;.vc_custom_1629891870338{margin-top: 5.5% !important;margin-bottom: 0px !important;border-top-width: 5.5% !important;padding-top: 5.5% !important;padding-right: 12.5% !important;padding-bottom: 2.5% !important;padding-left: 12.5% !important;}&#8220; limit_content=&#8220;&#8220;][vc_column_inner column_width_percent=&#8220;100&#8243; align_horizontal=&#8220;align_center&#8220; gutter_size=&#8220;3&#8243; overlay_alpha=&#8220;50&#8243; shift_x=&#8220;0&#8243; shift_y=&#8220;0&#8243; shift_y_down=&#8220;0&#8243; z_index=&#8220;0&#8243; medium_width=&#8220;0&#8243; mobile_width=&#8220;0&#8243; width=&#8220;1\/1&#8243;][vc_custom_heading heading_semantic=&#8220;h3&#8243; text_font=&#8220;font-312258&#8243; text_size=&#8220;fontsize-338686&#8243;]Zus\u00e4tzliche Merkmale[\/vc_custom_heading][\/vc_column_inner][\/vc_row_inner][vc_row_inner row_inner_height_percent=&#8220;0&#8243; back_color=&#8220;color-156877&#8243; overlay_alpha=&#8220;50&#8243; gutter_size=&#8220;3&#8243; shift_y=&#8220;0&#8243; z_index=&#8220;0&#8243; css=&#8220;.vc_custom_1630415039628{margin-top: 0px !important;border-top-width: 0px !important;padding-top: 2.5% !important;padding-right: 12.5% !important;padding-bottom: 2.5% !important;padding-left: 12.5% !important;}&#8220; limit_content=&#8220;&#8220;][vc_column_inner width=&#8220;1\/4&#8243;][vc_custom_heading heading_semantic=&#8220;h4&#8243; text_font=&#8220;font-762333&#8243; text_size=&#8220;&#8220; sub_reduced=&#8220;yes&#8220; subheading=&#8220;Mehrstufige Cache-Technologie: CISC-Cache, RISC-Cache und SSD-Cache bieten eine un\u00fcbertroffene Leistung.&#8220;]Cascade Cache Technologie[\/vc_custom_heading][\/vc_column_inner][vc_column_inner width=&#8220;1\/4&#8243;][vc_custom_heading heading_semantic=&#8220;h4&#8243; text_font=&#8220;font-762333&#8243; text_size=&#8220;&#8220; sub_reduced=&#8220;yes&#8220; subheading=&#8220;Bis zu f\u00fcnfzehn Tiering-Klassen sorgen f\u00fcr eine optimale Anpassung der Anforderungen an die Performance von PlatinStor SC.&#8220;]Fortschrittliches umfassendes Tiering[\/vc_custom_heading][\/vc_column_inner][vc_column_inner width=&#8220;1\/4&#8243;][vc_custom_heading heading_semantic=&#8220;h4&#8243; text_font=&#8220;font-762333&#8243; text_size=&#8220;&#8220; sub_reduced=&#8220;yes&#8220; subheading=&#8220;Eine Plattform f\u00fcr alle speicherbezogenen Anwendungen, Darstellung von Speicher-Volumes \u00fcber iSCSI und FC* und volle NAS-Funktionalit\u00e4t \u00fcber CIFS, SMB und NFS mit nativer AD-Integration.&#8220;]Einheitlicher Speicher[\/vc_custom_heading][\/vc_column_inner][vc_column_inner width=&#8220;1\/4&#8243;][vc_custom_heading heading_semantic=&#8220;h4&#8243; text_size=&#8220;&#8220; sub_reduced=&#8220;yes&#8220; subheading=&#8220;Alle im Speicher befindlichen Grid-Knoten k\u00f6nnen gleichzeitig f\u00fcr ein und dasselbe virtuelle Speicher-Volume aktiv sein, beschrieben werden und stellen maximale Verf\u00fcgbarkeit her. Selbst bei Fehlern sorgt eine redundante Topologie f\u00fcr Ausfallsicherheit&#8220;]Natives Aktiv\/Aktiv[\/vc_custom_heading][\/vc_column_inner][\/vc_row_inner][vc_row_inner row_inner_height_percent=&#8220;0&#8243; back_color=&#8220;color-156877&#8243; overlay_alpha=&#8220;50&#8243; gutter_size=&#8220;3&#8243; shift_y=&#8220;0&#8243; z_index=&#8220;0&#8243; css=&#8220;.vc_custom_1630415058306{margin-top: 0px !important;border-top-width: 0px !important;padding-top: 2.5% !important;padding-right: 12.5% !important;padding-bottom: 7.5% !important;padding-left: 12.5% !important;}&#8220; limit_content=&#8220;&#8220;][vc_column_inner width=&#8220;1\/4&#8243;][vc_custom_heading heading_semantic=&#8220;h4&#8243; text_size=&#8220;&#8220; sub_reduced=&#8220;yes&#8220; subheading=&#8220;Vorhandene Hardware, auch von anderen Herstellern, kann weiter genutzt werden. Aktuelle PlatinStor SC Plattformen k\u00f6nnen auch in PlatinStor SC Systemen der n\u00e4chsten Generation eingesetzt werden. Ein modularer Aufbau erm\u00f6glicht jederzeit eine einfache Erweiterung.&#8220;]Mehrstufiger Investitionsschutz[\/vc_custom_heading][\/vc_column_inner][vc_column_inner width=&#8220;1\/4&#8243;][vc_custom_heading heading_semantic=&#8220;h4&#8243; text_size=&#8220;&#8220; sub_reduced=&#8220;yes&#8220; subheading=&#8220;Dank Native Thin Provisioning und einer integrierten Datenflussanalyse, stehen nahezu 100% des physikalischen Speichers f\u00fcr die Nutzerdaten zur Verf\u00fcgung. Auch die Datendeduplizierung wird standardm\u00e4\u00dfig unterst\u00fctzt.&#8220;]Integrierte Kapazit\u00e4tsoptimierung[\/vc_custom_heading][\/vc_column_inner][vc_column_inner width=&#8220;1\/4&#8243;][vc_custom_heading heading_semantic=&#8220;h4&#8243; text_size=&#8220;&#8220; sub_reduced=&#8220;yes&#8220; subheading=&#8220;PlatinStor SC Systeme verf\u00fcgen \u00fcber das branchenweit schnellste nicht-fl\u00fcchtige Tiering, das sich perfekt f\u00fcr Datenbanken, Hochleistungscluster und andere leistungshungrige Dienste und Anwendungen eignet.&#8220;]NVMe Tiering[\/vc_custom_heading][\/vc_column_inner][vc_column_inner width=&#8220;1\/4&#8243;][vc_custom_heading heading_semantic=&#8220;h4&#8243; text_font=&#8220;font-762333&#8243; text_size=&#8220;&#8220; sub_reduced=&#8220;yes&#8220; subheading=&#8220;Jeder Block, der von PlatinStor SC-Systemen best\u00e4tigt wird, ist garantiert auf beiden Knoten vorhanden. Datenverluste durch einen m\u00f6glichen Ausfall werden so optimal vermieden.&#8220;]Echtes Synchrongitter[\/vc_custom_heading][\/vc_column_inner][\/vc_row_inner][\/vc_tab][vc_tab gutter_size=&#8220;2&#8243; column_padding=&#8220;2&#8243; title=&#8220;VDURA&#8220; tab_id=&#8220;vdura&#8220;][vc_row_inner row_inner_height_percent=&#8220;0&#8243; overlay_alpha=&#8220;50&#8243; gutter_size=&#8220;3&#8243; shift_y=&#8220;0&#8243; z_index=&#8220;0&#8243; css=&#8220;.vc_custom_1741089334171{padding-top: 4.5% !important;padding-right: 12.5% !important;padding-bottom: 4.5% !important;padding-left: 12.5% !important;}&#8220; limit_content=&#8220;&#8220; uncode_shortcode_id=&#8220;170775&#8243;][vc_column_inner column_width_percent=&#8220;100&#8243; position_vertical=&#8220;middle&#8220; gutter_size=&#8220;3&#8243; expand_height=&#8220;yes&#8220; overlay_alpha=&#8220;50&#8243; shift_x=&#8220;0&#8243; shift_y=&#8220;0&#8243; shift_y_down=&#8220;0&#8243; z_index=&#8220;0&#8243; medium_width=&#8220;0&#8243; mobile_width=&#8220;0&#8243; width=&#8220;1\/1&#8243;][vc_custom_heading uncode_shortcode_id=&#8220;596135&#8243;]VDURA[\/vc_custom_heading][vc_custom_heading uncode_shortcode_id=&#8220;207054&#8243;]<\/p>\n<h5>Zu den wichtigsten Vorteilen f\u00fcr den Energiesektor geh\u00f6ren:<\/h5>\n<p>[\/vc_custom_heading][uncode_list uncode_shortcode_id=&#8220;201116&#8243;]<\/p>\n<ul>\n<li><strong>Hybride Architektur f\u00fcr Kosten und Leistung:<\/strong> Das Hybridmodell von VDURA kombiniert die Kosteneffizienz von HDDs mit der hohen Leistung von SSDs und erm\u00f6glicht es Energieunternehmen, sowohl die Betriebskosten als auch die Arbeitsgeschwindigkeit ohne Kompromisse zu optimieren.<\/li>\n<li><strong>Dynamische Datenbeschleunigung:<\/strong> Die fortschrittlichen Algorithmen von VDURA platzieren Daten automatisch und transparent auf den effizientesten und kosteng\u00fcnstigsten Speichermedien und verbessern so die Leistung f\u00fcr HPC- und KI\/ML-Workloads.<\/li>\n<li><strong>Langlebigkeit in gro\u00dfem Ma\u00dfstab:<\/strong> Mit einer Datenbest\u00e4ndigkeit von bis zu 11 Neunen gew\u00e4hrleistet die VDURA Data Platform einen robusten Schutz f\u00fcr kritische Datens\u00e4tze und beseitigt so Bedenken hinsichtlich Datenverlust oder ungeplanter Ausfallzeiten.<\/li>\n<li><strong>Skalierbarkeit und Verl\u00e4sslichkeit:<\/strong> Die VDURA Data Platform wurde f\u00fcr die Bew\u00e4ltigung von Workloads mit hoher Gleichzeitigkeit und riesigen Datenmengen entwickelt und bietet eine nahtlose Integration in lokale, Cloud- und Hybrid-Umgebungen.<\/li>\n<li><strong>Rationalisierte Zusammenarbeit:<\/strong> Die Plattform beseitigt Datensilos und konsolidiert Informationen in einem einheitlichen globalen Namensraum, um den Zugriff, die Zusammenarbeit und die Entscheidungsfindung in allen Teams zu verbessern.<\/li>\n<li><strong>Vereinfachte Verwaltung: <\/strong>Mit intuitiven Verwaltungstools kann ein einziger Administrator Datenumgebungen \u00fcberwachen, ohne dass spezielle HPC-Kenntnisse erforderlich sind, was den betrieblichen Aufwand reduziert.<\/li>\n<\/ul>\n<p>[\/uncode_list][\/vc_column_inner][\/vc_row_inner][vc_row_inner row_inner_height_percent=&#8220;0&#8243; back_color=&#8220;color-lxmt&#8220; overlay_alpha=&#8220;50&#8243; gutter_size=&#8220;3&#8243; shift_y=&#8220;0&#8243; z_index=&#8220;0&#8243; uncode_shortcode_id=&#8220;386087&#8243; back_color_type=&#8220;uncode-palette&#8220; css=&#8220;.vc_custom_1741089247996{padding-right: 12.5% !important;padding-left: 12.5% !important;}&#8220;][vc_column_inner width=&#8220;1\/1&#8243;][vc_single_image media=&#8220;99462&#8243; media_width_percent=&#8220;100&#8243; uncode_shortcode_id=&#8220;120763&#8243;][\/vc_column_inner][\/vc_row_inner][\/vc_tab][\/vc_tabs][\/vc_column][\/vc_row][vc_row row_height_percent=&#8220;0&#8243; back_color=&#8220;color-160314&#8243; back_image=&#8220;92861&#8243; overlay_color=&#8220;color-160314&#8243; overlay_alpha=&#8220;50&#8243; gutter_size=&#8220;3&#8243; column_width_percent=&#8220;100&#8243; shift_y=&#8220;0&#8243; z_index=&#8220;0&#8243; content_parallax=&#8220;0&#8243; uncode_shortcode_id=&#8220;748493&#8243; back_color_type=&#8220;uncode-palette&#8220; overlay_color_type=&#8220;uncode-palette&#8220;][vc_column width=&#8220;1\/1&#8243;][vc_column_text text_lead=&#8220;yes&#8220; text_color=&#8220;color-xsdn&#8220; uncode_shortcode_id=&#8220;886880&#8243; text_color_type=&#8220;uncode-palette&#8220;]<\/p>\n<h5 style=\"text-align: center;\"><span style=\"color: #ffffff;\"><strong>Jetzt Innovation erleben \u2013 Lassen Sie sich individuell beraten!<\/strong><\/span><\/h5>\n<h5 style=\"text-align: center;\"><span style=\"color: #ffffff;\"><strong>\u201eOb High-Performance-Server, Quantum Computer oder AI-L\u00f6sungen \u2013 wir finden gemeinsam das passende Produkt f\u00fcr Ihr Unternehmen.\u201c<\/strong><\/span><\/h5>\n<p>[\/vc_column_text][\/vc_column][\/vc_row][vc_row row_height_percent=&#8220;0&#8243; back_color=&#8220;color-156877&#8243; overlay_alpha=&#8220;50&#8243; gutter_size=&#8220;3&#8243; column_width_percent=&#8220;100&#8243; shift_y=&#8220;0&#8243; z_index=&#8220;0&#8243; content_parallax=&#8220;0&#8243; uncode_shortcode_id=&#8220;158610&#8243; back_color_type=&#8220;uncode-palette&#8220;][vc_column width=&#8220;1\/1&#8243;][vc_column_text uncode_shortcode_id=&#8220;193073&#8243;]Ihr Kontakt f\u00fcr NOVARION Produkte:[\/vc_column_text][\/vc_column][\/vc_row][vc_row row_height_percent=&#8220;0&#8243; override_padding=&#8220;yes&#8220; h_padding=&#8220;2&#8243; top_padding=&#8220;2&#8243; bottom_padding=&#8220;4&#8243; back_color=&#8220;color-156877&#8243; overlay_alpha=&#8220;50&#8243; gutter_size=&#8220;3&#8243; column_width_percent=&#8220;100&#8243; shift_y=&#8220;0&#8243; z_index=&#8220;0&#8243; content_parallax=&#8220;0&#8243; uncode_shortcode_id=&#8220;124258&#8243; back_color_type=&#8220;uncode-palette&#8220;][vc_column column_width_percent=&#8220;100&#8243; gutter_size=&#8220;3&#8243; overlay_alpha=&#8220;50&#8243; shift_x=&#8220;0&#8243; shift_y=&#8220;0&#8243; shift_y_down=&#8220;0&#8243; z_index=&#8220;0&#8243; medium_width=&#8220;0&#8243; mobile_width=&#8220;0&#8243; width=&#8220;1\/2&#8243; uncode_shortcode_id=&#8220;706039&#8243; css=&#8220;.vc_custom_1771507590258{padding-left: 10% !important;}&#8220;][vc_row_inner][vc_column_inner width=&#8220;1\/3&#8243;][vc_single_image media=&#8220;99943&#8243; media_width_percent=&#8220;75&#8243; media_ratio=&#8220;one-one&#8220; shape=&#8220;img-circle&#8220; uncode_shortcode_id=&#8220;149965&#8243;][\/vc_column_inner][vc_column_inner column_width_percent=&#8220;100&#8243; position_vertical=&#8220;middle&#8220; gutter_size=&#8220;3&#8243; overlay_alpha=&#8220;50&#8243; shift_x=&#8220;0&#8243; shift_y=&#8220;0&#8243; shift_y_down=&#8220;0&#8243; z_index=&#8220;0&#8243; medium_width=&#8220;0&#8243; mobile_width=&#8220;0&#8243; width=&#8220;2\/3&#8243; uncode_shortcode_id=&#8220;118658&#8243;][vc_column_text uncode_shortcode_id=&#8220;636535&#8243;]<strong>Novara<\/strong><br \/>\nVirtual Assitant<br \/>\nE-Mail: <a href=\"mailto:novara@novarion.ai\">novara@novarion.ai<\/a><br \/>\nHP: <a href=\"http:\/\/novarion.ai\" target=\"_blank\" rel=\"noopener\">novarion.ai<\/a>[\/vc_column_text][\/vc_column_inner][\/vc_row_inner][\/vc_column][vc_column column_width_percent=&#8220;100&#8243; gutter_size=&#8220;3&#8243; overlay_alpha=&#8220;50&#8243; border_color=&#8220;color-160314&#8243; border_style=&#8220;solid&#8220; shift_x=&#8220;0&#8243; shift_y=&#8220;0&#8243; shift_y_down=&#8220;0&#8243; z_index=&#8220;0&#8243; medium_width=&#8220;0&#8243; mobile_width=&#8220;0&#8243; width=&#8220;1\/2&#8243; uncode_shortcode_id=&#8220;639282&#8243; css=&#8220;.vc_custom_1771507650475{border-left-width: 1px !important;padding-left: 10% !important;}&#8220; border_color_type=&#8220;uncode-palette&#8220;][vc_row_inner][vc_column_inner width=&#8220;1\/3&#8243;][\/vc_column_inner][vc_column_inner column_width_percent=&#8220;100&#8243; position_vertical=&#8220;middle&#8220; gutter_size=&#8220;3&#8243; overlay_alpha=&#8220;50&#8243; shift_x=&#8220;0&#8243; shift_y=&#8220;0&#8243; shift_y_down=&#8220;0&#8243; z_index=&#8220;0&#8243; medium_width=&#8220;0&#8243; mobile_width=&#8220;0&#8243; width=&#8220;2\/3&#8243; uncode_shortcode_id=&#8220;165594&#8243;][\/vc_column_inner][\/vc_row_inner][\/vc_column][\/vc_row]<\/p>\n<\/div>","protected":false},"excerpt":{"rendered":"<p>Erstellen Sie ein klassisches Rasterlayout mit \u00fcber 70 benutzerdefinierten Optionen.<\/p>\n","protected":false},"author":6,"featured_media":0,"parent":93210,"menu_order":0,"comment_status":"open","ping_status":"closed","template":"","meta":{"footnotes":""},"class_list":["post-93280","page","type-page","status-publish","hentry"],"_links":{"self":[{"href":"https:\/\/www.novarion.systems\/de\/wp-json\/wp\/v2\/pages\/93280","targetHints":{"allow":["GET"]}}],"collection":[{"href":"https:\/\/www.novarion.systems\/de\/wp-json\/wp\/v2\/pages"}],"about":[{"href":"https:\/\/www.novarion.systems\/de\/wp-json\/wp\/v2\/types\/page"}],"author":[{"embeddable":true,"href":"https:\/\/www.novarion.systems\/de\/wp-json\/wp\/v2\/users\/6"}],"replies":[{"embeddable":true,"href":"https:\/\/www.novarion.systems\/de\/wp-json\/wp\/v2\/comments?post=93280"}],"version-history":[{"count":9,"href":"https:\/\/www.novarion.systems\/de\/wp-json\/wp\/v2\/pages\/93280\/revisions"}],"predecessor-version":[{"id":100378,"href":"https:\/\/www.novarion.systems\/de\/wp-json\/wp\/v2\/pages\/93280\/revisions\/100378"}],"up":[{"embeddable":true,"href":"https:\/\/www.novarion.systems\/de\/wp-json\/wp\/v2\/pages\/93210"}],"wp:attachment":[{"href":"https:\/\/www.novarion.systems\/de\/wp-json\/wp\/v2\/media?parent=93280"}],"curies":[{"name":"wp","href":"https:\/\/api.w.org\/{rel}","templated":true}]}}