{"id":93305,"date":"2021-04-16T07:53:41","date_gmt":"2021-04-16T07:53:41","guid":{"rendered":"http:\/\/prod.novarion.systems\/support\/"},"modified":"2024-07-16T09:23:37","modified_gmt":"2024-07-16T09:23:37","slug":"support","status":"publish","type":"page","link":"https:\/\/www.novarion.systems\/de\/support\/","title":{"rendered":"Support"},"content":{"rendered":"<div class=\"wpb-content-wrapper\"><p>[vc_row row_height_percent=&#8220;0&#8243; override_padding=&#8220;yes&#8220; h_padding=&#8220;0&#8243; top_padding=&#8220;2&#8243; bottom_padding=&#8220;2&#8243; overlay_alpha=&#8220;50&#8243; gutter_size=&#8220;3&#8243; column_width_percent=&#8220;100&#8243; shift_y=&#8220;0&#8243; z_index=&#8220;0&#8243;][vc_column width=&#8220;1\/1&#8243;][uncode_breadcrumbs][\/vc_column][\/vc_row][vc_row unlock_row_content=&#8220;yes&#8220; row_height_percent=&#8220;0&#8243; override_padding=&#8220;yes&#8220; h_padding=&#8220;0&#8243; top_padding=&#8220;2&#8243; bottom_padding=&#8220;2&#8243; overlay_alpha=&#8220;50&#8243; gutter_size=&#8220;1&#8243; column_width_percent=&#8220;100&#8243; shift_y=&#8220;0&#8243; z_index=&#8220;0&#8243;][vc_column column_width_percent=&#8220;100&#8243; position_vertical=&#8220;middle&#8220; align_horizontal=&#8220;align_center&#8220; gutter_size=&#8220;5&#8243; override_padding=&#8220;yes&#8220; column_padding=&#8220;0&#8243; overlay_alpha=&#8220;60&#8243; shift_x=&#8220;0&#8243; shift_y=&#8220;0&#8243; shift_y_down=&#8220;0&#8243; z_index=&#8220;0&#8243; medium_width=&#8220;0&#8243; mobile_width=&#8220;0&#8243; width=&#8220;1\/1&#8243;][vc_tabs history=&#8220;yes&#8220; width_100=&#8220;yes&#8220; border_100=&#8220;yes&#8220;][vc_tab gutter_size=&#8220;0&#8243; column_padding=&#8220;5&#8243; title=&#8220;FAQ&#8220; tab_id=&#8220;faq&#8220;][vc_row_inner][vc_column_inner column_width_percent=&#8220;100&#8243; align_horizontal=&#8220;align_center&#8220; gutter_size=&#8220;3&#8243; overlay_alpha=&#8220;50&#8243; shift_x=&#8220;0&#8243; shift_y=&#8220;0&#8243; shift_y_down=&#8220;0&#8243; z_index=&#8220;0&#8243; medium_width=&#8220;0&#8243; mobile_width=&#8220;0&#8243; width=&#8220;1\/1&#8243;][vc_icon icon=&#8220;fa fa-barcode&#8220; size=&#8220;fa-4x&#8220; title=&#8220;Seriennummer&#8220;]Ihre Seriennummer befindet sich in der Regel auf der R\u00fcckseite Ihres Servers. Sie liefert uns die relevanten Informationen \u00fcber Ihr System und gew\u00e4hrleistet eine schnelle Reaktionszeit.<\/p>\n<p>Die Seriennummer ist zwingend erforderlich, um einen Serviceauftrag zu erteilen.<\/p>\n<p>[\/vc_icon][\/vc_column_inner][\/vc_row_inner][\/vc_tab][vc_tab gutter_size=&#8220;2&#8243; column_padding=&#8220;2&#8243; title=&#8220;SLA&#8220; tab_id=&#8220;sla&#8220;][vc_row_inner row_inner_height_percent=&#8220;0&#8243; overlay_alpha=&#8220;50&#8243; gutter_size=&#8220;3&#8243; shift_y=&#8220;0&#8243; z_index=&#8220;0&#8243; css=&#8220;.vc_custom_1631023422630{padding-top: 7.5% !important;}&#8220;][vc_column_inner column_width_percent=&#8220;80&#8243; gutter_size=&#8220;3&#8243; overlay_alpha=&#8220;50&#8243; shift_x=&#8220;0&#8243; shift_y=&#8220;0&#8243; shift_y_down=&#8220;0&#8243; z_index=&#8220;0&#8243; medium_width=&#8220;0&#8243; mobile_width=&#8220;0&#8243; width=&#8220;1\/1&#8243;][uncode_block id=&#8220;85050&#8243; inside_column=&#8220;yes&#8220;][\/vc_column_inner][\/vc_row_inner][\/vc_tab][\/vc_tabs][\/vc_column][\/vc_row][vc_row row_height_percent=&#8220;0&#8243; override_padding=&#8220;yes&#8220; h_padding=&#8220;2&#8243; top_padding=&#8220;4&#8243; bottom_padding=&#8220;5&#8243; overlay_alpha=&#8220;50&#8243; gutter_size=&#8220;3&#8243; column_width_percent=&#8220;100&#8243; shift_y=&#8220;0&#8243; z_index=&#8220;0&#8243;][vc_column column_width_percent=&#8220;100&#8243; gutter_size=&#8220;2&#8243; overlay_alpha=&#8220;50&#8243; shift_x=&#8220;0&#8243; shift_y=&#8220;0&#8243; shift_y_down=&#8220;0&#8243; z_index=&#8220;0&#8243; medium_width=&#8220;0&#8243; mobile_width=&#8220;0&#8243; width=&#8220;1\/1&#8243;][vc_row_inner row_inner_height_percent=&#8220;0&#8243; overlay_alpha=&#8220;50&#8243; gutter_size=&#8220;4&#8243; shift_y=&#8220;0&#8243; z_index=&#8220;0&#8243; top_divider=&#8220;gradient&#8220; limit_content=&#8220;&#8220;][vc_column_inner column_width_use_pixel=&#8220;yes&#8220; position_horizontal=&#8220;left&#8220; gutter_size=&#8220;1&#8243; overlay_alpha=&#8220;50&#8243; shift_x=&#8220;0&#8243; shift_y=&#8220;0&#8243; shift_y_down=&#8220;0&#8243; z_index=&#8220;0&#8243; medium_width=&#8220;0&#8243; mobile_width=&#8220;0&#8243; width=&#8220;1\/1&#8243; column_width_pixel=&#8220;700&#8243;][vc_custom_heading heading_semantic=&#8220;h3&#8243; text_size=&#8220;h1&#8243;]Kontaktieren Sie uns[\/vc_custom_heading][\/vc_column_inner][\/vc_row_inner][vc_row_inner][vc_column_inner width=&#8220;1\/3&#8243;][uncode_pricing title=&#8220;Telefonischer Support&#8220; price=&#8220;|Sprechen Sie mit einem unserer zertifizierten Techniker und beschreiben Sie Ihr Problem. Wir k\u00fcmmern uns dann um die Bearbeitung des Tickets&#8220; hover_fx=&#8220;outlined&#8220; price_color=&#8220;color-169582&#8243; align=&#8220;left&#8220; body=&#8220;Helpdesk: +43 1 544 1159 &#8211; 3714<br \/>\n24-7 Hotline: 0720 3003900&#8243; el_class=&#8220;pricing-table-support&#8220;][vc_button wide=&#8220;yes&#8220; shadow=&#8220;yes&#8220; shadow_weight=&#8220;sm&#8220; border_width=&#8220;0&#8243; link=&#8220;url:%2Fde%2Funternehmen%2Fkontakt%2F|title:Kontakt&#8220; el_class=&#8220;pricing-table-button&#8220; uncode_shortcode_id=&#8220;231717&#8243;]Mehr Infos[\/vc_button][\/vc_column_inner][vc_column_inner width=&#8220;1\/3&#8243;][uncode_pricing title=&#8220;Support via E-Mail&#8220; price=&#8220;|Geben Sie uns detaillierte Informationen zu Ihrem Problem. F\u00fcgen Sie gerne zus\u00e4tzliche Informationen wie Logdateien oder Screenshots hinzu.&#8220; price_color=&#8220;,Default&#8220; align=&#8220;left&#8220; el_class=&#8220;pricing-table-support&#8220; body=&#8220;support@novarion.com<br \/>\n.&#8220;][vc_button wide=&#8220;yes&#8220; shadow=&#8220;yes&#8220; shadow_weight=&#8220;sm&#8220; border_width=&#8220;0&#8243; link=&#8220;url:%2Fde%2Fsupport%2Fsend-us-a-message%2F|title:Senden%20Sie%20uns%20eine%20Nachricht&#8220; el_class=&#8220;pricing-table-button&#8220; uncode_shortcode_id=&#8220;624923&#8243;]E-Mail senden[\/vc_button][\/vc_column_inner][vc_column_inner width=&#8220;1\/3&#8243;][uncode_pricing title=&#8220;Garantieabfrage&#8220; price=&#8220;|Pr\u00fcfen Sie die Garantie Ihres Systems. Nach Erhalt Ihrer Seriennummer werden sich unsere Techniker mit Ihnen in Verbindung setzen und die gew\u00fcnschten Informationen bereitstellen.&#8220; price_color=&#8220;,Default&#8220; align=&#8220;left&#8220; el_class=&#8220;pricing-table-support&#8220; body=&#8220;.<br \/>\n.&#8220;][vc_button wide=&#8220;yes&#8220; shadow=&#8220;yes&#8220; shadow_weight=&#8220;sm&#8220; border_width=&#8220;0&#8243; link=&#8220;url:%2Fde%2Fsupport%2Fgarantieueberpruefung%2F|title:Garantie%20%C3%BCberpr%C3%BCfen&#8220; el_class=&#8220;pricing-table-button&#8220; uncode_shortcode_id=&#8220;183632&#8243;]Garantie \u00fcberpr\u00fcfen[\/vc_button][\/vc_column_inner][\/vc_row_inner][\/vc_column][\/vc_row]<\/p>\n<\/div>","protected":false},"excerpt":{"rendered":"<p>Erstellen Sie ein klassisches Rasterlayout mit \u00fcber 70 benutzerdefinierten Optionen.<\/p>\n","protected":false},"author":6,"featured_media":0,"parent":0,"menu_order":0,"comment_status":"open","ping_status":"closed","template":"","meta":{"footnotes":""},"class_list":["post-93305","page","type-page","status-publish","hentry"],"_links":{"self":[{"href":"https:\/\/www.novarion.systems\/de\/wp-json\/wp\/v2\/pages\/93305","targetHints":{"allow":["GET"]}}],"collection":[{"href":"https:\/\/www.novarion.systems\/de\/wp-json\/wp\/v2\/pages"}],"about":[{"href":"https:\/\/www.novarion.systems\/de\/wp-json\/wp\/v2\/types\/page"}],"author":[{"embeddable":true,"href":"https:\/\/www.novarion.systems\/de\/wp-json\/wp\/v2\/users\/6"}],"replies":[{"embeddable":true,"href":"https:\/\/www.novarion.systems\/de\/wp-json\/wp\/v2\/comments?post=93305"}],"version-history":[{"count":0,"href":"https:\/\/www.novarion.systems\/de\/wp-json\/wp\/v2\/pages\/93305\/revisions"}],"wp:attachment":[{"href":"https:\/\/www.novarion.systems\/de\/wp-json\/wp\/v2\/media?parent=93305"}],"curies":[{"name":"wp","href":"https:\/\/api.w.org\/{rel}","templated":true}]}}