{"id":93345,"date":"2022-03-07T10:32:44","date_gmt":"2022-03-07T10:32:44","guid":{"rendered":"http:\/\/prod.novarion.systems\/unternehmen\/karriere\/"},"modified":"2026-02-23T15:07:03","modified_gmt":"2026-02-23T15:07:03","slug":"karriere","status":"publish","type":"page","link":"https:\/\/www.novarion.systems\/de\/unternehmen\/karriere\/","title":{"rendered":"Karriere"},"content":{"rendered":"<div class=\"wpb-content-wrapper\"><p>[vc_row row_height_percent=&#8220;0&#8243; back_color=&#8220;color-156877&#8243; overlay_alpha=&#8220;50&#8243; gutter_size=&#8220;3&#8243; column_width_percent=&#8220;100&#8243; shift_y=&#8220;0&#8243; z_index=&#8220;0&#8243; uncode_shortcode_id=&#8220;116902&#8243; back_color_type=&#8220;uncode-palette&#8220;][vc_column column_width_percent=&#8220;100&#8243; gutter_size=&#8220;3&#8243; style=&#8220;light&#8220; overlay_alpha=&#8220;50&#8243; shift_x=&#8220;0&#8243; shift_y=&#8220;0&#8243; shift_y_down=&#8220;0&#8243; z_index=&#8220;0&#8243; medium_width=&#8220;0&#8243; mobile_width=&#8220;0&#8243; width=&#8220;1\/1&#8243; uncode_shortcode_id=&#8220;189341&#8243;][uncode_breadcrumbs][\/vc_column][\/vc_row][vc_row unlock_row_content=&#8220;yes&#8220; row_height_percent=&#8220;0&#8243; override_padding=&#8220;yes&#8220; h_padding=&#8220;0&#8243; top_padding=&#8220;0&#8243; bottom_padding=&#8220;0&#8243; back_color=&#8220;color-169582&#8243; overlay_alpha=&#8220;50&#8243; equal_height=&#8220;yes&#8220; gutter_size=&#8220;0&#8243; column_width_percent=&#8220;100&#8243; shift_y=&#8220;0&#8243; z_index=&#8220;0&#8243; el_class=&#8220;inverted-device-order&#8220; uncode_shortcode_id=&#8220;131991&#8243; back_color_type=&#8220;uncode-palette&#8220;][vc_column column_width_use_pixel=&#8220;yes&#8220; gutter_size=&#8220;3&#8243; override_padding=&#8220;yes&#8220; column_padding=&#8220;5&#8243; style=&#8220;light&#8220; back_color=&#8220;color-156877&#8243; overlay_alpha=&#8220;50&#8243; shift_x=&#8220;0&#8243; shift_y=&#8220;0&#8243; shift_y_down=&#8220;0&#8243; z_index=&#8220;0&#8243; medium_width=&#8220;0&#8243; mobile_width=&#8220;0&#8243; width=&#8220;1\/2&#8243; column_width_pixel=&#8220;900&#8243; uncode_shortcode_id=&#8220;473235&#8243; back_color_type=&#8220;uncode-palette&#8220;][vc_custom_heading text_color=&#8220;accent&#8220; heading_semantic=&#8220;h6&#8243; text_size=&#8220;fontsize-160000&#8243; text_transform=&#8220;uppercase&#8220; text_space=&#8220;fontspace-135905&#8243; uncode_shortcode_id=&#8220;409478&#8243; text_color_type=&#8220;uncode-palette&#8220;]\u00fcber Novarion[\/vc_custom_heading][vc_custom_heading text_size=&#8220;h1&#8243; uncode_shortcode_id=&#8220;652481&#8243;]Lassen Sie uns gemeinsam etwas Erstaunliches beginnen![\/vc_custom_heading][vc_column_text text_lead=&#8220;yes&#8220; uncode_shortcode_id=&#8220;274788&#8243;]Unser Unternehmensgr\u00fcnder, der Quantenphysiker und Informatiker Georg Gesek, gr\u00fcndete Novarion Systems im Jahr 2004 mit einer gro\u00dfen Idee und Vision: der Entwicklung von Hochleistungsrechnersystemen.<br \/>\nSeitdem ist Novarion gewachsen und auf dem Markt f\u00fcr den Aufbau hochspezialisierter IT-Infrastrukturen bekannt geworden und hat sich in dieser Zeit einen \u00e4u\u00dferst angesehenen Namen auf dem Gebiet der Server- und Storage-Systeme aufgebaut.<br \/>\nDerzeit hat Novarion eine Partnerschaft mit QMware geschlossen, um die erste hybride Quanten-Cloud online zu stellen.<br \/>\nZiemlich spannend, oder? Gemeinsam haben sie etwas geschaffen, das die Zukunft ver\u00e4ndern wird \u2013 und vielleicht auch Ihre.[\/vc_column_text][vc_column_text text_lead=&#8220;yes&#8220; uncode_shortcode_id=&#8220;127433&#8243;]<\/p>\n<h5>Karrierem\u00f6glichkeiten bei Novarion Systems<\/h5>\n<p style=\"text-align: left;\">Eine gro\u00dfartige Karriere bedeutet, neue Chancen zu ergreifen, sich weiterzuentwickeln und eine positive Kraft in der Welt zu sein.<br \/>\nHier bei Novarion Systems ist es unser vorrangiges Ziel, unseren Teammitgliedern die bestm\u00f6glichen Erfahrungen zu bieten. Sie w\u00fcrden mit hochgradig kooperativen, engagierten, motivierten und integrativen Talenten zusammenarbeiten und erwarten, dass Ihre Beitr\u00e4ge gesch\u00e4tzt und belohnt werden. Wir bieten Ihnen auch berufliche Entwicklung, Mentoring und Schulungen, um Sie auf Ihrem Karriereweg zu unterst\u00fctzen.<\/p>\n<p style=\"text-align: left;\">Wir begr\u00fc\u00dfen und unterst\u00fctzen Menschen mit unterschiedlichem Hintergrund und unterschiedlicher Identit\u00e4t und wollen Chancengleichheit f\u00fcr alle gew\u00e4hrleisten. Dazu geh\u00f6ren unter anderem Menschen jeglicher ethnischer und rassischer Herkunft, geschlechtlicher Identit\u00e4t, sexueller Orientierung, Religion und Weltanschauung, sozio\u00f6konomischem Status, Bildungshintergrund und Alter sowie Menschen mit unterschiedlichen F\u00e4higkeiten.<\/p>\n<p>[\/vc_column_text][vc_column_text text_lead=&#8220;yes&#8220; uncode_shortcode_id=&#8220;206244&#8243;]<\/p>\n<h5>Haben wir Ihr Interesse geweckt?<\/h5>\n<p style=\"text-align: left;\">Wenn Sie Interesse an einer T\u00e4tigkeit in einem zukunftsorientierten, jungen und dynamischen Unternehmen haben, w\u00fcrden wir uns \u00fcber Ihre Bewerbung freuen!<\/p>\n<p>[\/vc_column_text][vc_empty_space empty_h=&#8220;1&#8243;][\/vc_column][\/vc_row][vc_row row_height_percent=&#8220;0&#8243; override_padding=&#8220;yes&#8220; h_padding=&#8220;2&#8243; top_padding=&#8220;2&#8243; bottom_padding=&#8220;2&#8243; back_color=&#8220;color-wayh&#8220; back_image=&#8220;92861&#8243; back_attachment=&#8220;scroll&#8220; parallax=&#8220;yes&#8220; overlay_color=&#8220;accent&#8220; overlay_alpha=&#8220;80&#8243; gutter_size=&#8220;100&#8243; column_width_percent=&#8220;100&#8243; shift_y=&#8220;0&#8243; z_index=&#8220;0&#8243; top_divider=&#8220;ray-opacity&#8220; content_parallax=&#8220;0&#8243; style=&#8220;inherited&#8220; uncode_shortcode_id=&#8220;505120&#8243; back_color_type=&#8220;uncode-palette&#8220; overlay_color_type=&#8220;uncode-palette&#8220;][vc_column column_width_percent=&#8220;100&#8243; position_vertical=&#8220;middle&#8220; align_horizontal=&#8220;align_center&#8220; gutter_size=&#8220;3&#8243; style=&#8220;dark&#8220; overlay_alpha=&#8220;100&#8243; shift_x=&#8220;0&#8243; shift_y=&#8220;0&#8243; shift_y_down=&#8220;0&#8243; z_index=&#8220;0&#8243; medium_width=&#8220;0&#8243; mobile_width=&#8220;0&#8243; zoom_width=&#8220;0&#8243; zoom_height=&#8220;0&#8243; width=&#8220;1\/1&#8243;][vc_custom_heading heading_semantic=&#8220;h3&#8243; text_size=&#8220;h5&#8243; css_animation=&#8220;curtain&#8220; interval_animation=&#8220;200&#8243; uncode_shortcode_id=&#8220;134970&#8243;]<span class=\"heading-text-highlight \" data-atts='{\"bg\":\"style-color-xsdn-bg\",\"height\":\"15%\",\"offset\":\"0.15em\",\"opacity\":\"0.25\",\"animated\":\"yes\"}'>Der einzige Weg gro\u00dfartige Arbeit leisten zu k\u00f6nnen, ist zu lieben,was du tust.<\/p>\n<p>Wenn du das noch nicht gefunden hast, dann halte dieAugen offen.<\/p>\n<p>&nbsp;<\/p>\n<p>Gib dich nicht mit weniger zufrieden!\u201d<\/span>[\/vc_custom_heading][vc_custom_heading text_size=&#8220;fontsize-457050&#8243; text_transform=&#8220;uppercase&#8220; text_space=&#8220;fontspace-210350&#8243; css_animation=&#8220;curtain&#8220; interval_animation=&#8220;200&#8243; uncode_shortcode_id=&#8220;683839&#8243;]\u2014 Steve Jobs[\/vc_custom_heading][\/vc_column][\/vc_row][vc_row row_height_percent=&#8220;0&#8243; override_padding=&#8220;yes&#8220; h_padding=&#8220;2&#8243; top_padding=&#8220;5&#8243; bottom_padding=&#8220;2&#8243; overlay_alpha=&#8220;50&#8243; gutter_size=&#8220;0&#8243; column_width_percent=&#8220;100&#8243; shift_y=&#8220;0&#8243; z_index=&#8220;0&#8243; uncode_shortcode_id=&#8220;387482&#8243; css=&#8220;.vc_custom_1721051240331{margin-bottom: 0px !important;padding-bottom: 0px !important;}&#8220;][vc_column column_width_percent=&#8220;100&#8243; position_vertical=&#8220;middle&#8220; align_horizontal=&#8220;align_center&#8220; gutter_size=&#8220;3&#8243; overlay_alpha=&#8220;50&#8243; shift_x=&#8220;0&#8243; shift_y=&#8220;0&#8243; shift_y_down=&#8220;0&#8243; z_index=&#8220;0&#8243; medium_width=&#8220;0&#8243; mobile_width=&#8220;0&#8243; width=&#8220;1\/1&#8243; uncode_shortcode_id=&#8220;746299&#8243; css=&#8220;.vc_custom_1721051286313{border-bottom-width: 0px !important;padding-bottom: 0px !important;}&#8220;][vc_custom_heading heading_semantic=&#8220;h3&#8243; text_size=&#8220;h3&#8243; uncode_shortcode_id=&#8220;176833&#8243;]Offene Stellen[\/vc_custom_heading][vc_column_text uncode_shortcode_id=&#8220;569507&#8243;]<strong>Derzeit gibt es keine freien Stellen<\/strong>[\/vc_column_text][\/vc_column][\/vc_row][vc_row row_height_percent=&#8220;0&#8243; override_padding=&#8220;yes&#8220; h_padding=&#8220;2&#8243; top_padding=&#8220;4&#8243; bottom_padding=&#8220;7&#8243; overlay_alpha=&#8220;50&#8243; gutter_size=&#8220;100&#8243; column_width_percent=&#8220;100&#8243; shift_y=&#8220;0&#8243; z_index=&#8220;0&#8243; style=&#8220;inherited&#8220; row_name=&#8220;About Us&#8220; uncode_shortcode_id=&#8220;104696&#8243;][vc_column column_width_percent=&#8220;100&#8243; position_vertical=&#8220;middle&#8220; align_horizontal=&#8220;align_center&#8220; gutter_size=&#8220;4&#8243; overlay_alpha=&#8220;100&#8243; shift_x=&#8220;0&#8243; shift_y=&#8220;0&#8243; shift_y_down=&#8220;0&#8243; z_index=&#8220;0&#8243; medium_width=&#8220;0&#8243; mobile_width=&#8220;0&#8243; zoom_width=&#8220;0&#8243; zoom_height=&#8220;0&#8243; width=&#8220;1\/1&#8243;][vc_row_inner limit_content=&#8220;&#8220;][vc_column_inner column_width_use_pixel=&#8220;yes&#8220; align_horizontal=&#8220;align_center&#8220; gutter_size=&#8220;3&#8243; overlay_alpha=&#8220;50&#8243; shift_x=&#8220;0&#8243; shift_y=&#8220;0&#8243; shift_y_down=&#8220;0&#8243; z_index=&#8220;0&#8243; medium_width=&#8220;0&#8243; mobile_width=&#8220;0&#8243; width=&#8220;1\/1&#8243; column_width_pixel=&#8220;600&#8243; uncode_shortcode_id=&#8220;183857&#8243;][vc_custom_heading heading_semantic=&#8220;h3&#8243; uncode_shortcode_id=&#8220;214102&#8243;]Genie\u00dfen Sie unsere Arbeitsverg\u00fcnstigungen[\/vc_custom_heading][\/vc_column_inner][\/vc_row_inner][vc_row_inner row_inner_height_percent=&#8220;0&#8243; overlay_alpha=&#8220;100&#8243; gutter_size=&#8220;4&#8243; shift_y=&#8220;0&#8243; z_index=&#8220;0&#8243; limit_content=&#8220;&#8220;][vc_column_inner column_width_percent=&#8220;100&#8243; align_horizontal=&#8220;align_center&#8220; gutter_size=&#8220;3&#8243; overlay_alpha=&#8220;100&#8243; shift_x=&#8220;0&#8243; shift_y=&#8220;0&#8243; shift_y_down=&#8220;0&#8243; z_index=&#8220;0&#8243; medium_width=&#8220;3&#8243; mobile_width=&#8220;7&#8243; zoom_width=&#8220;0&#8243; zoom_height=&#8220;0&#8243; width=&#8220;1\/4&#8243;][vc_icon icon=&#8220;fa fa-bus&#8220; icon_color=&#8220;accent&#8220; size=&#8220;fa-3x&#8220; text_size=&#8220;h6&#8243; linked_title=&#8220;yes&#8220; text_reduced=&#8220;yes&#8220; css_animation=&#8220;zoom-in&#8220; align=&#8220;left&#8220; title=&#8220;Gute Anbindung an \u00f6ffentliche Verkehrsmittel&#8220; uncode_shortcode_id=&#8220;146297&#8243; icon_color_type=&#8220;uncode-palette&#8220;][\/vc_icon][\/vc_column_inner][vc_column_inner column_width_percent=&#8220;100&#8243; align_horizontal=&#8220;align_center&#8220; gutter_size=&#8220;3&#8243; overlay_alpha=&#8220;100&#8243; shift_x=&#8220;0&#8243; shift_y=&#8220;0&#8243; shift_y_down=&#8220;0&#8243; z_index=&#8220;0&#8243; medium_width=&#8220;3&#8243; mobile_width=&#8220;7&#8243; zoom_width=&#8220;0&#8243; zoom_height=&#8220;0&#8243; width=&#8220;1\/4&#8243;][vc_icon icon=&#8220;fa fa-coffee&#8220; icon_color=&#8220;accent&#8220; size=&#8220;fa-3x&#8220; text_size=&#8220;h6&#8243; text_reduced=&#8220;yes&#8220; css_animation=&#8220;zoom-in&#8220; align=&#8220;left&#8220; title=&#8220;Frisches Obst &amp; Getr\u00e4nke&#8220; uncode_shortcode_id=&#8220;107600&#8243; icon_color_type=&#8220;uncode-palette&#8220;][\/vc_icon][\/vc_column_inner][vc_column_inner column_width_percent=&#8220;100&#8243; align_horizontal=&#8220;align_center&#8220; gutter_size=&#8220;3&#8243; overlay_alpha=&#8220;100&#8243; shift_x=&#8220;0&#8243; shift_y=&#8220;0&#8243; shift_y_down=&#8220;0&#8243; z_index=&#8220;0&#8243; medium_width=&#8220;3&#8243; mobile_width=&#8220;7&#8243; zoom_width=&#8220;0&#8243; zoom_height=&#8220;0&#8243; width=&#8220;1\/4&#8243;][vc_icon icon=&#8220;fa fa-leaf&#8220; icon_color=&#8220;accent&#8220; size=&#8220;fa-3x&#8220; text_size=&#8220;h6&#8243; linked_title=&#8220;yes&#8220; text_reduced=&#8220;yes&#8220; css_animation=&#8220;zoom-in&#8220; align=&#8220;left&#8220; title=&#8220;Flexible Arbeitszeiten&#8220; uncode_shortcode_id=&#8220;291072&#8243; icon_color_type=&#8220;uncode-palette&#8220;][\/vc_icon][\/vc_column_inner][vc_column_inner column_width_percent=&#8220;100&#8243; align_horizontal=&#8220;align_center&#8220; gutter_size=&#8220;3&#8243; overlay_alpha=&#8220;50&#8243; shift_x=&#8220;0&#8243; shift_y=&#8220;0&#8243; shift_y_down=&#8220;0&#8243; z_index=&#8220;0&#8243; medium_visibility=&#8220;yes&#8220; medium_width=&#8220;3&#8243; mobile_width=&#8220;7&#8243; width=&#8220;1\/4&#8243;][vc_icon icon=&#8220;fa fa-user&#8220; icon_color=&#8220;accent&#8220; size=&#8220;fa-3x&#8220; text_size=&#8220;h6&#8243; text_reduced=&#8220;yes&#8220; css_animation=&#8220;zoom-in&#8220; align=&#8220;left&#8220; title=&#8220;Weiterbildung &amp; Entwicklung der Mitarbeiter&#8220; uncode_shortcode_id=&#8220;208688&#8243; icon_color_type=&#8220;uncode-palette&#8220;][\/vc_icon][\/vc_column_inner][\/vc_row_inner][\/vc_column][\/vc_row][vc_row row_height_percent=&#8220;0&#8243; back_color=&#8220;color-156877&#8243; overlay_alpha=&#8220;50&#8243; gutter_size=&#8220;3&#8243; column_width_percent=&#8220;100&#8243; shift_y=&#8220;0&#8243; z_index=&#8220;0&#8243; content_parallax=&#8220;0&#8243; uncode_shortcode_id=&#8220;480591&#8243; back_color_type=&#8220;uncode-palette&#8220;][vc_column column_width_percent=&#8220;100&#8243; align_horizontal=&#8220;align_center&#8220; gutter_size=&#8220;3&#8243; overlay_alpha=&#8220;50&#8243; shift_x=&#8220;0&#8243; shift_y=&#8220;0&#8243; shift_y_down=&#8220;0&#8243; z_index=&#8220;0&#8243; medium_width=&#8220;0&#8243; mobile_width=&#8220;0&#8243; width=&#8220;1\/1&#8243; uncode_shortcode_id=&#8220;141623&#8243;][vc_empty_space][vc_custom_heading heading_semantic=&#8220;h3&#8243; uncode_shortcode_id=&#8220;428527&#8243;]Initiativbewerbungen[\/vc_custom_heading][vc_column_text border_color=&#8220;color-124808&#8243; border_style=&#8220;outset&#8220; uncode_shortcode_id=&#8220;126539&#8243; border_color_type=&#8220;uncode-palette&#8220; css=&#8220;.vc_custom_1646762787210{padding-top: 9px !important;padding-bottom: 6px !important;}&#8220;]<\/p>\n<div style=\"text-align: center;\">Wenn Sie kein Stellenangebot finden, das Ihren F\u00e4higkeiten entspricht, z\u00f6gern Sie nicht, uns eine pers\u00f6nliche Bewerbung zu schicken!<br \/>\nWir sind immer auf der Suche nach talentierten, motivierten und gleichgesinnten Menschen, die mit uns zusammenarbeiten m\u00f6chten!<\/div>\n<div class=\"detail-block-description\" style=\"text-align: left;\">\n<div style=\"text-align: center;\">Sollten Sie Schwierigkeiten haben, Ihre Dateien hochzuladen, setzen Sie sich bitte mit uns in Verbindung und senden Sie eine E-Mail an: job@novarion.com<\/div>\n<div>\n<h5 class=\"LC20lb MBeuO DKV0Md\" style=\"text-align: center;\">Wir freuen uns auf Ihre Bewerbung!<\/h5>\n<\/div>\n<\/div>\n<p>[\/vc_column_text][\/vc_column][\/vc_row][vc_row row_height_percent=&#8220;0&#8243; back_color=&#8220;color-160314&#8243; back_image=&#8220;92863&#8243; overlay_color=&#8220;color-160314&#8243; overlay_alpha=&#8220;50&#8243; gutter_size=&#8220;3&#8243; column_width_percent=&#8220;100&#8243; shift_y=&#8220;0&#8243; z_index=&#8220;0&#8243; content_parallax=&#8220;0&#8243; uncode_shortcode_id=&#8220;175337&#8243; back_color_type=&#8220;uncode-palette&#8220; overlay_color_type=&#8220;uncode-palette&#8220;][vc_column width=&#8220;1\/1&#8243;][vc_column_text text_lead=&#8220;yes&#8220; text_color=&#8220;color-xsdn&#8220; uncode_shortcode_id=&#8220;455371&#8243; text_color_type=&#8220;uncode-palette&#8220;]<\/p>\n<h5 style=\"text-align: center;\"><span style=\"color: #ffffff;\"><strong>Gestalten Sie die Zukunft mit uns \u2013 Bewerben Sie sich direkt!<\/strong><\/span><\/h5>\n<h5 style=\"text-align: center;\"><span style=\"color: #ffffff;\"><strong>&#8222;NOVARION bietet innovative Jobs in einem internationalen Umfeld. Ob Talente, Professionals oder Quereinsteiger \u2013 wir freuen uns auf Ihre Kontaktaufnahme!&#8220;<\/strong><\/span><\/h5>\n<p>[\/vc_column_text][\/vc_column][\/vc_row][vc_row row_height_percent=&#8220;0&#8243; back_color=&#8220;color-156877&#8243; overlay_alpha=&#8220;50&#8243; gutter_size=&#8220;3&#8243; column_width_percent=&#8220;100&#8243; shift_y=&#8220;0&#8243; z_index=&#8220;0&#8243; content_parallax=&#8220;0&#8243; uncode_shortcode_id=&#8220;158610&#8243; back_color_type=&#8220;uncode-palette&#8220;][vc_column width=&#8220;1\/1&#8243;][vc_column_text uncode_shortcode_id=&#8220;163709&#8243;]Senden Sie uns Ihre Bewerbung \u00fcber unseren virtuellen Assistenten \u2013 Ihre Karriere bei NOVARION beginnt hier![\/vc_column_text][\/vc_column][\/vc_row][vc_row row_height_percent=&#8220;0&#8243; override_padding=&#8220;yes&#8220; h_padding=&#8220;2&#8243; top_padding=&#8220;2&#8243; bottom_padding=&#8220;4&#8243; back_color=&#8220;color-156877&#8243; overlay_alpha=&#8220;50&#8243; gutter_size=&#8220;3&#8243; column_width_percent=&#8220;100&#8243; shift_y=&#8220;0&#8243; z_index=&#8220;0&#8243; content_parallax=&#8220;0&#8243; uncode_shortcode_id=&#8220;124258&#8243; back_color_type=&#8220;uncode-palette&#8220;][vc_column column_width_percent=&#8220;100&#8243; gutter_size=&#8220;3&#8243; overlay_alpha=&#8220;50&#8243; shift_x=&#8220;0&#8243; shift_y=&#8220;0&#8243; shift_y_down=&#8220;0&#8243; z_index=&#8220;0&#8243; medium_width=&#8220;0&#8243; mobile_width=&#8220;0&#8243; width=&#8220;1\/2&#8243; uncode_shortcode_id=&#8220;706039&#8243; css=&#8220;.vc_custom_1771507590258{padding-left: 10% !important;}&#8220;][vc_row_inner row_inner_height_percent=&#8220;0&#8243; overlay_alpha=&#8220;50&#8243; gutter_size=&#8220;3&#8243; border_color=&#8220;color-160314&#8243; border_style=&#8220;solid&#8220; shift_y=&#8220;0&#8243; z_index=&#8220;0&#8243; uncode_shortcode_id=&#8220;147114&#8243; border_color_type=&#8220;uncode-palette&#8220;][vc_column_inner width=&#8220;1\/3&#8243;][vc_single_image media=&#8220;99943&#8243; media_width_percent=&#8220;75&#8243; media_ratio=&#8220;one-one&#8220; shape=&#8220;img-circle&#8220; uncode_shortcode_id=&#8220;149965&#8243;][\/vc_column_inner][vc_column_inner column_width_percent=&#8220;100&#8243; position_vertical=&#8220;middle&#8220; gutter_size=&#8220;3&#8243; overlay_alpha=&#8220;50&#8243; shift_x=&#8220;0&#8243; shift_y=&#8220;0&#8243; shift_y_down=&#8220;0&#8243; z_index=&#8220;0&#8243; medium_width=&#8220;0&#8243; mobile_width=&#8220;0&#8243; width=&#8220;2\/3&#8243; uncode_shortcode_id=&#8220;118658&#8243;][vc_column_text uncode_shortcode_id=&#8220;443930&#8243;]<strong>Novara<\/strong><br \/>\nVirtual Assitant<br \/>\nE-Mail: <a href=\"mailto:novara@novarion.ai\">novara@novarion.ai<\/a><br \/>\nHP: <a href=\"http:\/\/novarion.ai\" target=\"_blank\" rel=\"noopener\">novarion.ai<\/a>[\/vc_column_text][\/vc_column_inner][\/vc_row_inner][\/vc_column][vc_column column_width_percent=&#8220;100&#8243; gutter_size=&#8220;3&#8243; overlay_alpha=&#8220;50&#8243; border_color=&#8220;color-160314&#8243; border_style=&#8220;solid&#8220; shift_x=&#8220;0&#8243; shift_y=&#8220;0&#8243; shift_y_down=&#8220;0&#8243; z_index=&#8220;0&#8243; medium_width=&#8220;0&#8243; mobile_width=&#8220;0&#8243; width=&#8220;1\/2&#8243; uncode_shortcode_id=&#8220;639282&#8243; css=&#8220;.vc_custom_1771507650475{border-left-width: 1px !important;padding-left: 10% !important;}&#8220; border_color_type=&#8220;uncode-palette&#8220;][vc_row_inner][vc_column_inner width=&#8220;1\/3&#8243;][\/vc_column_inner][vc_column_inner column_width_percent=&#8220;100&#8243; position_vertical=&#8220;middle&#8220; gutter_size=&#8220;3&#8243; overlay_alpha=&#8220;50&#8243; shift_x=&#8220;0&#8243; shift_y=&#8220;0&#8243; shift_y_down=&#8220;0&#8243; z_index=&#8220;0&#8243; medium_width=&#8220;0&#8243; mobile_width=&#8220;0&#8243; width=&#8220;2\/3&#8243; uncode_shortcode_id=&#8220;165594&#8243;][\/vc_column_inner][\/vc_row_inner][\/vc_column][\/vc_row]<\/p>\n<\/div>","protected":false},"excerpt":{"rendered":"<p>[vc_row row_height_percent=&#8220;0&#8243; back_color=&#8220;color-156877&#8243; overlay_alpha=&#8220;50&#8243; gutter_size=&#8220;3&#8243; column_width_percent=&#8220;100&#8243; shift_y=&#8220;0&#8243; z_index=&#8220;0&#8243; uncode_shortcode_id=&#8220;116902&#8243; back_color_type=&#8220;uncode-palette&#8220;][vc_column column_width_percent=&#8220;100&#8243; gutter_size=&#8220;3&#8243; style=&#8220;light&#8220; overlay_alpha=&#8220;50&#8243; shift_x=&#8220;0&#8243; shift_y=&#8220;0&#8243; shift_y_down=&#8220;0&#8243; z_index=&#8220;0&#8243; medium_width=&#8220;0&#8243; mobile_width=&#8220;0&#8243; [&hellip;]<\/p>\n","protected":false},"author":6,"featured_media":0,"parent":86697,"menu_order":0,"comment_status":"closed","ping_status":"closed","template":"","meta":{"footnotes":""},"class_list":["post-93345","page","type-page","status-publish","hentry"],"_links":{"self":[{"href":"https:\/\/www.novarion.systems\/de\/wp-json\/wp\/v2\/pages\/93345","targetHints":{"allow":["GET"]}}],"collection":[{"href":"https:\/\/www.novarion.systems\/de\/wp-json\/wp\/v2\/pages"}],"about":[{"href":"https:\/\/www.novarion.systems\/de\/wp-json\/wp\/v2\/types\/page"}],"author":[{"embeddable":true,"href":"https:\/\/www.novarion.systems\/de\/wp-json\/wp\/v2\/users\/6"}],"replies":[{"embeddable":true,"href":"https:\/\/www.novarion.systems\/de\/wp-json\/wp\/v2\/comments?post=93345"}],"version-history":[{"count":5,"href":"https:\/\/www.novarion.systems\/de\/wp-json\/wp\/v2\/pages\/93345\/revisions"}],"predecessor-version":[{"id":100301,"href":"https:\/\/www.novarion.systems\/de\/wp-json\/wp\/v2\/pages\/93345\/revisions\/100301"}],"up":[{"embeddable":true,"href":"https:\/\/www.novarion.systems\/de\/wp-json\/wp\/v2\/pages\/86697"}],"wp:attachment":[{"href":"https:\/\/www.novarion.systems\/de\/wp-json\/wp\/v2\/media?parent=93345"}],"curies":[{"name":"wp","href":"https:\/\/api.w.org\/{rel}","templated":true}]}}