{"id":94058,"date":"2023-07-31T13:12:17","date_gmt":"2023-07-31T13:12:17","guid":{"rendered":"http:\/\/prod.novarion.systems\/produkte\/quanton-hqc\/"},"modified":"2026-03-11T12:58:27","modified_gmt":"2026-03-11T12:58:27","slug":"rechenzentrum-heterogene-verarbeitung","status":"publish","type":"page","link":"https:\/\/www.novarion.systems\/de\/produkte\/rechenzentrum-heterogene-verarbeitung\/","title":{"rendered":"Rechenzentrum &amp; Heterogene Verarbeitung"},"content":{"rendered":"<div class=\"wpb-content-wrapper\"><p>[vc_row][vc_column width=&#8220;1\/1&#8243;][uncode_breadcrumbs][\/vc_column][\/vc_row][vc_row unlock_row_content=&#8220;yes&#8220; row_height_percent=&#8220;0&#8243; override_padding=&#8220;yes&#8220; h_padding=&#8220;0&#8243; top_padding=&#8220;0&#8243; bottom_padding=&#8220;0&#8243; overlay_alpha=&#8220;50&#8243; gutter_size=&#8220;3&#8243; column_width_percent=&#8220;100&#8243; shift_y=&#8220;0&#8243; z_index=&#8220;0&#8243;][vc_column column_width_percent=&#8220;100&#8243; gutter_size=&#8220;3&#8243; overlay_alpha=&#8220;50&#8243; shift_x=&#8220;0&#8243; shift_y=&#8220;0&#8243; shift_y_down=&#8220;0&#8243; z_index=&#8220;0&#8243; medium_width=&#8220;0&#8243; mobile_width=&#8220;0&#8243; width=&#8220;1\/1&#8243;][vc_tabs history=&#8220;yes&#8220; width_100=&#8220;yes&#8220; border_100=&#8220;yes&#8220;][vc_tab gutter_size=&#8220;2&#8243; column_padding=&#8220;2&#8243; title=&#8220;CPU zentriert&#8220; tab_id=&#8220;cpu-centric&#8220;][vc_row_inner row_inner_height_percent=&#8220;0&#8243; overlay_alpha=&#8220;50&#8243; gutter_size=&#8220;3&#8243; shift_y=&#8220;0&#8243; z_index=&#8220;0&#8243; css=&#8220;.vc_custom_1630938824835{padding-top: 2.5% !important;padding-right: 12.5% !important;padding-bottom: 7.5% !important;padding-left: 12.5% !important;}&#8220; limit_content=&#8220;&#8220;][vc_column_inner column_width_percent=&#8220;100&#8243; position_vertical=&#8220;middle&#8220; gutter_size=&#8220;3&#8243; expand_height=&#8220;yes&#8220; overlay_alpha=&#8220;50&#8243; shift_x=&#8220;0&#8243; shift_y=&#8220;0&#8243; shift_y_down=&#8220;0&#8243; z_index=&#8220;0&#8243; medium_width=&#8220;0&#8243; mobile_width=&#8220;0&#8243; width=&#8220;1\/2&#8243; css=&#8220;.vc_custom_1630491983223{padding-top: 12.5% !important;}&#8220;][vc_empty_space empty_h=&#8220;2&#8243;][vc_single_image media=&#8220;94185&#8243; media_width_percent=&#8220;94&#8243; uncode_shortcode_id=&#8220;925641&#8243;][vc_single_image media=&#8220;94187&#8243; media_width_percent=&#8220;78&#8243; alignment=&#8220;center&#8220; uncode_shortcode_id=&#8220;173371&#8243;][\/vc_column_inner][vc_column_inner column_width_percent=&#8220;100&#8243; position_vertical=&#8220;middle&#8220; gutter_size=&#8220;3&#8243; overlay_alpha=&#8220;50&#8243; shift_x=&#8220;0&#8243; shift_y=&#8220;0&#8243; shift_y_down=&#8220;0&#8243; z_index=&#8220;0&#8243; medium_width=&#8220;0&#8243; mobile_width=&#8220;0&#8243; width=&#8220;1\/2&#8243;][vc_custom_heading heading_semantic=&#8220;h3&#8243; text_size=&#8220;&#8220; uncode_shortcode_id=&#8220;146082&#8243;]<b>Quanton<\/b><b>\u00ae<\/b><b> HQC4223V<\/b><\/p>\n<p><b>Quantum &#8211; Vektor &#8211; <\/b><b>Maschine<\/b>[\/vc_custom_heading][vc_separator sep_color=&#8220;,Default&#8220;][vc_column_text uncode_shortcode_id=&#8220;208960&#8243;]<\/p>\n<h5><b>Use cases<\/b><\/h5>\n<ul>\n<li>Super computing<\/li>\n<li>Scale &#8211; up HPC<\/li>\n<li>Scale &#8211; out HPC<\/li>\n<li>Research Lab<\/li>\n<li>Digitale Zwillinge<\/li>\n<li>In-Memory-Datenbank<\/li>\n<li>Virtualisierung, ERP, CRM<\/li>\n<\/ul>\n<p>[\/vc_column_text][vc_column_text uncode_shortcode_id=&#8220;189834&#8243;]<\/p>\n<h5><b>HIGHLIGHTS<\/b><\/h5>\n<ul>\n<li>Qubitsimulation mit 42 Qubits pro Knoten<\/li>\n<li>8 CPUs<\/li>\n<li>12 H100 GPUs<\/li>\n<li>896 Simultane Threads<\/li>\n<li>32 TB RAM<\/li>\n<\/ul>\n<p>[\/vc_column_text][\/vc_column_inner][\/vc_row_inner][\/vc_tab][vc_tab gutter_size=&#8220;2&#8243; column_padding=&#8220;2&#8243; title=&#8220;GPU-zentriert&#8220; tab_id=&#8220;gpu-centric&#8220;][vc_row_inner row_inner_height_percent=&#8220;0&#8243; overlay_alpha=&#8220;50&#8243; gutter_size=&#8220;3&#8243; shift_y=&#8220;0&#8243; z_index=&#8220;0&#8243; css=&#8220;.vc_custom_1639364641574{padding-top: 0px !important;padding-right: 12.5% !important;padding-bottom: 2.5% !important;padding-left: 12.5% !important;}&#8220; limit_content=&#8220;&#8220; uncode_shortcode_id=&#8220;145249&#8243;][vc_column_inner column_width_percent=&#8220;100&#8243; position_vertical=&#8220;middle&#8220; gutter_size=&#8220;3&#8243; expand_height=&#8220;yes&#8220; overlay_alpha=&#8220;50&#8243; shift_x=&#8220;0&#8243; shift_y=&#8220;0&#8243; shift_y_down=&#8220;0&#8243; z_index=&#8220;0&#8243; medium_width=&#8220;0&#8243; mobile_width=&#8220;0&#8243; width=&#8220;1\/2&#8243; css=&#8220;.vc_custom_1639364603961{border-top-width: 22.5% !important;padding-top: 22.5% !important;}&#8220; uncode_shortcode_id=&#8220;176448&#8243;][vc_single_image media=&#8220;94172&#8243; media_width_percent=&#8220;89&#8243; alignment=&#8220;right&#8220; uncode_shortcode_id=&#8220;759014&#8243;][vc_single_image media=&#8220;94174&#8243; media_width_percent=&#8220;100&#8243; uncode_shortcode_id=&#8220;535560&#8243;][\/vc_column_inner][vc_column_inner column_width_percent=&#8220;100&#8243; position_vertical=&#8220;middle&#8220; gutter_size=&#8220;3&#8243; overlay_alpha=&#8220;50&#8243; shift_x=&#8220;0&#8243; shift_y=&#8220;0&#8243; shift_y_down=&#8220;0&#8243; z_index=&#8220;0&#8243; medium_width=&#8220;0&#8243; mobile_width=&#8220;0&#8243; width=&#8220;1\/2&#8243; css=&#8220;.vc_custom_1630509270608{border-top-width: 0px !important;padding-top: 0px !important;}&#8220;][vc_custom_heading heading_semantic=&#8220;h3&#8243; text_size=&#8220;&#8220; uncode_shortcode_id=&#8220;192973&#8243;]<b>Quanton<\/b><b>\u00ae<\/b><b> HQC3623T<\/b><\/p>\n<p><b>Quantum &#8211; <\/b><b>Tenso<\/b><b>r &#8211; <\/b><b>Maschine<\/b>[\/vc_custom_heading][vc_custom_heading heading_semantic=&#8220;h3&#8243; text_size=&#8220;&#8220; uncode_shortcode_id=&#8220;105214&#8243;]<\/p>\n<h5><b>Use cases<\/b><\/h5>\n<p>[\/vc_custom_heading][vc_column_text uncode_shortcode_id=&#8220;153402&#8243;]<\/p>\n<ul>\n<li>High Performance Computing<\/li>\n<li>Generative AI<\/li>\n<li>Machine Learning<\/li>\n<li>Healthcare &amp; Drug Discovery<\/li>\n<li>Industrielle Automatisierung, Robotik<\/li>\n<li>Business Intelligence &amp; Analytik<\/li>\n<li>Klima- und Wettermodellierung<\/li>\n<\/ul>\n<p>[\/vc_column_text][vc_custom_heading heading_semantic=&#8220;h3&#8243; text_size=&#8220;&#8220; uncode_shortcode_id=&#8220;204203&#8243;]<\/p>\n<h5><b>Highlights<\/b><\/h5>\n<p>[\/vc_custom_heading][vc_column_text uncode_shortcode_id=&#8220;122394&#8243;]<\/p>\n<ul>\n<li>Qubitsimulation mit bis zu 36 Qubits pro Knoten.<\/li>\n<li>8 H100 SXM5 GPUs<\/li>\n<li>224 simultane Threads<\/li>\n<li>8 TB RAM<\/li>\n<li>Energie- und kosteneffizient<\/li>\n<\/ul>\n<p>[\/vc_column_text][\/vc_column_inner][\/vc_row_inner][\/vc_tab][vc_tab gutter_size=&#8220;2&#8243; column_padding=&#8220;2&#8243; title=&#8220;Fl\u00fcssigkeitsk\u00fchlung&#8220; tab_id=&#8220;liquid&#8220;][vc_row_inner row_inner_height_percent=&#8220;0&#8243; overlay_alpha=&#8220;50&#8243; gutter_size=&#8220;3&#8243; shift_y=&#8220;0&#8243; z_index=&#8220;0&#8243; css=&#8220;.vc_custom_1741089890427{padding-top: 4.5% !important;padding-right: 12.5% !important;padding-bottom: 2.5% !important;padding-left: 12.5% !important;}&#8220; limit_content=&#8220;&#8220; uncode_shortcode_id=&#8220;892197&#8243;][vc_column_inner column_width_percent=&#8220;100&#8243; position_vertical=&#8220;middle&#8220; gutter_size=&#8220;3&#8243; expand_height=&#8220;yes&#8220; overlay_alpha=&#8220;50&#8243; border_color=&#8220;color-504749&#8243; shift_x=&#8220;0&#8243; shift_y=&#8220;0&#8243; shift_y_down=&#8220;0&#8243; z_index=&#8220;0&#8243; medium_width=&#8220;0&#8243; mobile_width=&#8220;0&#8243; width=&#8220;1\/2&#8243; uncode_shortcode_id=&#8220;150108&#8243; border_color_type=&#8220;uncode-palette&#8220; css=&#8220;.vc_custom_1741089863231{padding-right: 12.5% !important;padding-left: 12.5% !important;}&#8220;][vc_single_image media=&#8220;99466&#8243; media_width_percent=&#8220;100&#8243; uncode_shortcode_id=&#8220;585277&#8243;][\/vc_column_inner][vc_column_inner column_width_percent=&#8220;100&#8243; position_vertical=&#8220;middle&#8220; gutter_size=&#8220;3&#8243; overlay_alpha=&#8220;50&#8243; shift_x=&#8220;0&#8243; shift_y=&#8220;0&#8243; shift_y_down=&#8220;0&#8243; z_index=&#8220;0&#8243; medium_width=&#8220;0&#8243; mobile_width=&#8220;0&#8243; width=&#8220;1\/2&#8243; css=&#8220;.vc_custom_1630509270608{border-top-width: 0px !important;padding-top: 0px !important;}&#8220;][vc_custom_heading uncode_shortcode_id=&#8220;186128&#8243;]Fl\u00fcssigkeitsk\u00fchlung[\/vc_custom_heading][vc_column_text uncode_shortcode_id=&#8220;104165&#8243;]Gemeinsam mit unserem Rechenzentrumspartner Equinix bieten wir kommerziellen Support f\u00fcr Direct-to-Chip-Fl\u00fcssigkeitsk\u00fchlung &#8211; Kunden k\u00f6nnen fortschrittliche Fl\u00fcssigkeitsk\u00fchlungsl\u00f6sungen f\u00fcr gesch\u00e4ftskritische Anforderungen in den M\u00e4rkten einsetzen, die f\u00fcr sie am wichtigsten sind.<\/p>\n<p>&#8222;Fl\u00fcssigk\u00fchlung revolutioniert die Art und Weise, wie Rechenzentren leistungsstarke Hardware mit hoher Dichte k\u00fchlen, die neue Technologien unterst\u00fctzt, und Equinix ist das Herzst\u00fcck dieser Innovation&#8220;, sagte Tiffany Osias, Vice President of Global Colocation bei Equinix. &#8222;Wir unterst\u00fctzen seit Jahren Unternehmen bei der Implementierung von Fl\u00fcssigk\u00fchlung in verschiedenen Gr\u00f6\u00dfen und Dichten. Equinix verf\u00fcgt \u00fcber die Erfahrung und das Fachwissen, um Unternehmen bei der Innovation von Rechenzentrumskapazit\u00e4ten zu helfen, um die komplexen, modernen IT-Implementierungen zu unterst\u00fctzen, die Anwendungen wie KI erfordern.&#8220;[\/vc_column_text][\/vc_column_inner][\/vc_row_inner][vc_row_inner row_inner_height_percent=&#8220;0&#8243; overlay_alpha=&#8220;50&#8243; gutter_size=&#8220;3&#8243; shift_y=&#8220;0&#8243; z_index=&#8220;0&#8243; css=&#8220;.vc_custom_1741090000763{padding-right: 12.5% !important;padding-left: 12.5% !important;}&#8220; limit_content=&#8220;&#8220; uncode_shortcode_id=&#8220;464557&#8243;][vc_column_inner column_width_percent=&#8220;100&#8243; position_vertical=&#8220;middle&#8220; gutter_size=&#8220;3&#8243; expand_height=&#8220;yes&#8220; overlay_alpha=&#8220;50&#8243; shift_x=&#8220;0&#8243; shift_y=&#8220;0&#8243; shift_y_down=&#8220;0&#8243; z_index=&#8220;0&#8243; medium_width=&#8220;0&#8243; mobile_width=&#8220;0&#8243; width=&#8220;1\/1&#8243; uncode_shortcode_id=&#8220;193774&#8243;][vc_column_text uncode_shortcode_id=&#8220;291217&#8243;]Novarion &amp; Equinix unterst\u00fctzt die wichtigsten Technologien zur Fl\u00fcssigkeitsk\u00fchlung, einschlie\u00dflich Direct-to-Chip- und Rear-Door-W\u00e4rmetauscher, so dass die Kunden die effizientesten L\u00f6sungen nutzen k\u00f6nnen. Dar\u00fcber hinaus bietet Equinix einen herstellerneutralen Ansatz, der es den Kunden erm\u00f6glicht, ihren bevorzugten Hardware-Anbieter f\u00fcr ihre Implementierungen zu nutzen. <\/p>\n<p>Direct-to-Chip ist ein einzigartiger Ansatz, bei dem eine K\u00fchlplatte auf dem Chip im Server sitzt. Die K\u00fchlplatte ist mit Fl\u00fcssigkeitszufuhr- und -r\u00fcckf\u00fchrungskan\u00e4len ausgestattet, so dass technische K\u00fchlfl\u00fcssigkeit durch die Platte flie\u00dfen und die W\u00e4rme vom Chip ableiten kann. Auf diese Weise k\u00f6nnen Direct-to-Chip-f\u00e4hige Server wie herk\u00f6mmliche luftgek\u00fchlte Ger\u00e4te in einem Standard-IT-Schrank installiert werden, wobei die K\u00fchlung auf innovative Weise erfolgt. R\u00fcckt\u00fcr-W\u00e4rmetauscher verwenden eine K\u00fchlschlange und L\u00fcfter, um die W\u00e4rme von luftgek\u00fchlten IT-Ger\u00e4ten abzuf\u00fchren. Sie werden direkt auf die Kundenschr\u00e4nke montiert und k\u00f6nnen daher h\u00f6here K\u00fchllasten bew\u00e4ltigen als herk\u00f6mmliche K\u00fchlsysteme.[\/vc_column_text][\/vc_column_inner][\/vc_row_inner][vc_row_inner row_inner_height_percent=&#8220;0&#8243; overlay_alpha=&#8220;50&#8243; gutter_size=&#8220;3&#8243; shift_y=&#8220;0&#8243; z_index=&#8220;0&#8243; css=&#8220;.vc_custom_1741090300586{padding-top: 2.5% !important;padding-right: 12.5% !important;padding-bottom: 2.5% !important;padding-left: 12.5% !important;}&#8220; limit_content=&#8220;&#8220; uncode_shortcode_id=&#8220;101327&#8243;][vc_column_inner column_width_percent=&#8220;100&#8243; position_vertical=&#8220;middle&#8220; gutter_size=&#8220;3&#8243; expand_height=&#8220;yes&#8220; overlay_alpha=&#8220;50&#8243; shift_x=&#8220;0&#8243; shift_y=&#8220;0&#8243; shift_y_down=&#8220;0&#8243; z_index=&#8220;0&#8243; medium_width=&#8220;0&#8243; mobile_width=&#8220;0&#8243; width=&#8220;1\/2&#8243; uncode_shortcode_id=&#8220;170084&#8243;][vc_column_text uncode_shortcode_id=&#8220;107965&#8243;]&#8220;Die Fl\u00fcssigkeitsk\u00fchlung stand bei der Entwicklung der Open19 V2-Spezifikation im Vordergrund. Das Ziel des Open19-Projekts, das unter der Linux Foundation l\u00e4uft, war es, einen offenen Standard zu schaffen, der in jedes 19&#8243;-Rack f\u00fcr Server, Speicher und Netzwerke passt. Das Projekt erm\u00f6glicht es digitalen Marktf\u00fchrern, Hardware von verschiedenen Anbietern effizient und nachhaltig in jeder Rechenzentrumsumgebung zu nutzen. Equinix&#8216; technologie- und herstellerneutraler Ansatz zur Fl\u00fcssigkeitsk\u00fchlung ist ein Mechanismus, der die Reibungsverluste beim Einsatz fortschrittlicher Fl\u00fcssigkeitsk\u00fchlungsl\u00f6sungen in Unternehmensrechenzentren beseitigt.&#8220; &#8211; My Truong, SSIA-Vorsitzender und Field CTO bei Equinix.[\/vc_column_text][vc_custom_heading uncode_shortcode_id=&#8220;373995&#8243;]<\/p>\n<h5>Zus\u00e4tzliche Ressourcen<\/h5>\n<p>[\/vc_custom_heading][uncode_list uncode_shortcode_id=&#8220;133415&#8243;]<\/p>\n<ul>\n<li><a href=\"https:\/\/c212.net\/c\/link\/?t=0&amp;l=en&amp;o=4045751-1&amp;h=3792461866&amp;u=https%3A%2F%2Fblog.equinix.com%2Fblog%2F2023%2F11%2F29%2F3-trends-driving-liquid-cooling-for-data-centers%2F%3Fls%3DPublic%2520Relations%26lsd%3D23q4__--_%2Fblog%2F2023%2F11%2F29%2F3-trends-driving-liquid-cooling-for-data-centers%2F_pr-equinix_pr-newswire_press-release__us-en_AMER_liquid-cooling_awareness%26utm_campaign%3Dus-en__press-release_liquid-cooling_pr-equinix%26utm_source%3D%26utm_medium%3Dpress-release%26utm_content%3D--_&amp;a=3+Trends+Driving+Liquid+Cooling+for+Data+Centers&amp;mcpAnonId=0148c2f3dd1b6bd0\">3 Trends f\u00fcr die Fl\u00fcssigkeitsk\u00fchlung von Rechenzentren<\/a><\/li>\n<li><a href=\"https:\/\/c212.net\/c\/link\/?t=0&amp;l=en&amp;o=4045751-1&amp;h=2430366604&amp;u=https%3A%2F%2Fblog.equinix.com%2Fblog%2F2023%2F09%2F26%2Fexploring-liquid-cooling-for-next-gen-business-applications%2F%3Fcountry_selector%3DGlobal%2520%28EN%29%3Fls%3DPublic%2520Relations%26lsd%3D23q4__--_%2Fblog%2F2023%2F09%2F26%2Fexploring-liquid-cooling-for-next-gen-business-applications%2F%3Fcountry_selector%3DGlobal%2520%28EN%29_pr-equinix_pr-newswire_press-release__us-en_AMER_liquid-cooling_awareness%26utm_campaign%3Dus-en__press-release_liquid-cooling_pr-equinix%26utm_source%3D%26utm_medium%3Dpress-release%26utm_content%3D--_&amp;a=Exploring+Liquid+Cooling+for+Next-Gen+Business+Applications&amp;mcpAnonId=0148c2f3dd1b6bd0\">Erforschung der Fl\u00fcssigkeitsk\u00fchlung f\u00fcr Gesch\u00e4ftsanwendungen der n\u00e4chsten Generation<\/a><\/li>\n<li><a href=\"https:\/\/c212.net\/c\/link\/?t=0&amp;l=en&amp;o=4045751-1&amp;h=1841608416&amp;u=https%3A%2F%2Fdeploy.equinix.com%2Fblog%2Fdata-center-liquid-cooling-in-production-what-weve-learned%2F%3Fls%3DPublic%2520Relations%26lsd%3D23q4__--_%2Fblog%2Fdata-center-liquid-cooling-in-production-what-weve-learned%2F_pr-equinix_pr-newswire_press-release__us-en_AMER_liquid-cooling_awareness%26utm_campaign%3Dus-en__press-release_liquid-cooling_pr-equinix%26utm_source%3D%26utm_medium%3Dpress-release%26utm_content%3D--_&amp;a=Liquid+Cooling+In+Action%E2%80%94On+Our+Own+Production+Servers&amp;mcpAnonId=0148c2f3dd1b6bd0\">Fl\u00fcssigkeitsk\u00fchlung in Aktion &#8211; auf unseren eigenen Produktionsservern<\/a><\/li>\n<\/ul>\n<p>[\/uncode_list][\/vc_column_inner][vc_column_inner column_width_percent=&#8220;100&#8243; position_vertical=&#8220;middle&#8220; gutter_size=&#8220;3&#8243; overlay_alpha=&#8220;50&#8243; shift_x=&#8220;0&#8243; shift_y=&#8220;0&#8243; shift_y_down=&#8220;0&#8243; z_index=&#8220;0&#8243; medium_width=&#8220;0&#8243; mobile_width=&#8220;0&#8243; width=&#8220;1\/2&#8243; css=&#8220;.vc_custom_1741089882418{border-top-width: 0px !important;padding-top: 0px !important;padding-right: 12.5% !important;padding-left: 12.5% !important;}&#8220; uncode_shortcode_id=&#8220;149831&#8243;][vc_single_image media=&#8220;99468&#8243; media_width_percent=&#8220;100&#8243; uncode_shortcode_id=&#8220;125990&#8243;][\/vc_column_inner][\/vc_row_inner][\/vc_tab][\/vc_tabs][\/vc_column][\/vc_row][vc_row row_height_percent=&#8220;0&#8243; back_color=&#8220;color-160314&#8243; back_image=&#8220;92861&#8243; overlay_color=&#8220;color-160314&#8243; overlay_alpha=&#8220;50&#8243; gutter_size=&#8220;3&#8243; column_width_percent=&#8220;100&#8243; shift_y=&#8220;0&#8243; z_index=&#8220;0&#8243; content_parallax=&#8220;0&#8243; uncode_shortcode_id=&#8220;748493&#8243; back_color_type=&#8220;uncode-palette&#8220; overlay_color_type=&#8220;uncode-palette&#8220;][vc_column width=&#8220;1\/1&#8243;][vc_column_text text_lead=&#8220;yes&#8220; text_color=&#8220;color-xsdn&#8220; uncode_shortcode_id=&#8220;886880&#8243; text_color_type=&#8220;uncode-palette&#8220;]<\/p>\n<h5 style=\"text-align: center;\"><span style=\"color: #ffffff;\"><strong>Jetzt Innovation erleben \u2013 Lassen Sie sich individuell beraten!<\/strong><\/span><\/h5>\n<h5 style=\"text-align: center;\"><span style=\"color: #ffffff;\"><strong>\u201eOb High-Performance-Server, Quantum Computer oder AI-L\u00f6sungen \u2013 wir finden gemeinsam das passende Produkt f\u00fcr Ihr Unternehmen.\u201c<\/strong><\/span><\/h5>\n<p>[\/vc_column_text][\/vc_column][\/vc_row][vc_row row_height_percent=&#8220;0&#8243; back_color=&#8220;color-156877&#8243; overlay_alpha=&#8220;50&#8243; gutter_size=&#8220;3&#8243; column_width_percent=&#8220;100&#8243; shift_y=&#8220;0&#8243; z_index=&#8220;0&#8243; content_parallax=&#8220;0&#8243; uncode_shortcode_id=&#8220;158610&#8243; back_color_type=&#8220;uncode-palette&#8220;][vc_column width=&#8220;1\/1&#8243;][vc_column_text uncode_shortcode_id=&#8220;193073&#8243;]Ihr Kontakt f\u00fcr NOVARION Produkte:[\/vc_column_text][\/vc_column][\/vc_row][vc_row row_height_percent=&#8220;0&#8243; override_padding=&#8220;yes&#8220; h_padding=&#8220;2&#8243; top_padding=&#8220;2&#8243; bottom_padding=&#8220;4&#8243; back_color=&#8220;color-156877&#8243; overlay_alpha=&#8220;50&#8243; gutter_size=&#8220;3&#8243; column_width_percent=&#8220;100&#8243; shift_y=&#8220;0&#8243; z_index=&#8220;0&#8243; content_parallax=&#8220;0&#8243; uncode_shortcode_id=&#8220;124258&#8243; back_color_type=&#8220;uncode-palette&#8220;][vc_column column_width_percent=&#8220;100&#8243; gutter_size=&#8220;3&#8243; overlay_alpha=&#8220;50&#8243; shift_x=&#8220;0&#8243; shift_y=&#8220;0&#8243; shift_y_down=&#8220;0&#8243; z_index=&#8220;0&#8243; medium_width=&#8220;0&#8243; mobile_width=&#8220;0&#8243; width=&#8220;1\/2&#8243; uncode_shortcode_id=&#8220;706039&#8243; css=&#8220;.vc_custom_1771507590258{padding-left: 10% !important;}&#8220;][vc_row_inner][vc_column_inner width=&#8220;1\/3&#8243;][vc_single_image media=&#8220;99943&#8243; media_width_percent=&#8220;75&#8243; media_ratio=&#8220;one-one&#8220; shape=&#8220;img-circle&#8220; uncode_shortcode_id=&#8220;149965&#8243;][\/vc_column_inner][vc_column_inner column_width_percent=&#8220;100&#8243; position_vertical=&#8220;middle&#8220; gutter_size=&#8220;3&#8243; overlay_alpha=&#8220;50&#8243; shift_x=&#8220;0&#8243; shift_y=&#8220;0&#8243; shift_y_down=&#8220;0&#8243; z_index=&#8220;0&#8243; medium_width=&#8220;0&#8243; mobile_width=&#8220;0&#8243; width=&#8220;2\/3&#8243; uncode_shortcode_id=&#8220;118658&#8243;][vc_column_text uncode_shortcode_id=&#8220;205651&#8243;]<strong>Novara<\/strong><br \/>\nVirtual Assitant<br \/>\nE-Mail: <a href=\"mailto:novara@novarion.ai\">novara@novarion.ai<\/a><br \/>\nHP: <a href=\"http:\/\/novarion.ai\" target=\"_blank\" rel=\"noopener\">novarion.ai<\/a>[\/vc_column_text][\/vc_column_inner][\/vc_row_inner][\/vc_column][vc_column column_width_percent=&#8220;100&#8243; gutter_size=&#8220;3&#8243; overlay_alpha=&#8220;50&#8243; border_color=&#8220;color-160314&#8243; border_style=&#8220;solid&#8220; shift_x=&#8220;0&#8243; shift_y=&#8220;0&#8243; shift_y_down=&#8220;0&#8243; z_index=&#8220;0&#8243; medium_width=&#8220;0&#8243; mobile_width=&#8220;0&#8243; width=&#8220;1\/2&#8243; uncode_shortcode_id=&#8220;639282&#8243; css=&#8220;.vc_custom_1771507650475{border-left-width: 1px !important;padding-left: 10% !important;}&#8220; border_color_type=&#8220;uncode-palette&#8220;][vc_row_inner][vc_column_inner width=&#8220;1\/3&#8243;][\/vc_column_inner][vc_column_inner column_width_percent=&#8220;100&#8243; position_vertical=&#8220;middle&#8220; gutter_size=&#8220;3&#8243; overlay_alpha=&#8220;50&#8243; shift_x=&#8220;0&#8243; shift_y=&#8220;0&#8243; shift_y_down=&#8220;0&#8243; z_index=&#8220;0&#8243; medium_width=&#8220;0&#8243; mobile_width=&#8220;0&#8243; width=&#8220;2\/3&#8243; uncode_shortcode_id=&#8220;165594&#8243;][\/vc_column_inner][\/vc_row_inner][\/vc_column][\/vc_row]<\/p>\n<\/div>","protected":false},"excerpt":{"rendered":"<p>Erstellen Sie ein klassisches Rasterlayout mit \u00fcber 70 benutzerdefinierten Optionen.<\/p>\n","protected":false},"author":15,"featured_media":0,"parent":93210,"menu_order":0,"comment_status":"open","ping_status":"closed","template":"","meta":{"footnotes":""},"class_list":["post-94058","page","type-page","status-publish","hentry"],"_links":{"self":[{"href":"https:\/\/www.novarion.systems\/de\/wp-json\/wp\/v2\/pages\/94058","targetHints":{"allow":["GET"]}}],"collection":[{"href":"https:\/\/www.novarion.systems\/de\/wp-json\/wp\/v2\/pages"}],"about":[{"href":"https:\/\/www.novarion.systems\/de\/wp-json\/wp\/v2\/types\/page"}],"author":[{"embeddable":true,"href":"https:\/\/www.novarion.systems\/de\/wp-json\/wp\/v2\/users\/15"}],"replies":[{"embeddable":true,"href":"https:\/\/www.novarion.systems\/de\/wp-json\/wp\/v2\/comments?post=94058"}],"version-history":[{"count":14,"href":"https:\/\/www.novarion.systems\/de\/wp-json\/wp\/v2\/pages\/94058\/revisions"}],"predecessor-version":[{"id":100371,"href":"https:\/\/www.novarion.systems\/de\/wp-json\/wp\/v2\/pages\/94058\/revisions\/100371"}],"up":[{"embeddable":true,"href":"https:\/\/www.novarion.systems\/de\/wp-json\/wp\/v2\/pages\/93210"}],"wp:attachment":[{"href":"https:\/\/www.novarion.systems\/de\/wp-json\/wp\/v2\/media?parent=94058"}],"curies":[{"name":"wp","href":"https:\/\/api.w.org\/{rel}","templated":true}]}}