{"id":97661,"date":"2024-10-07T08:40:00","date_gmt":"2024-10-07T08:40:00","guid":{"rendered":"https:\/\/www.novarion.systems\/kuenstliche-intelligenz\/"},"modified":"2024-10-15T14:18:18","modified_gmt":"2024-10-15T14:18:18","slug":"ki","status":"publish","type":"page","link":"https:\/\/www.novarion.systems\/de\/ki\/","title":{"rendered":"K\u00fcnstliche Intelligenz"},"content":{"rendered":"<div class=\"wpb-content-wrapper\"><p>[vc_row][vc_column width=&#8220;1\/2&#8243;][vc_custom_heading uncode_shortcode_id=&#8220;676515&#8243;]<\/p>\n<h2><strong>Der Lebenszyklus der KI ist viel \u00e4lter als angenommen<\/strong><\/h2>\n<p>[\/vc_custom_heading][vc_column_text uncode_shortcode_id=&#8220;206139&#8243;]Viele Analysten bezeichnen Generative Pretrained Transformer (GPT) Networks, die die Grundlage unserer modernen Large Language Models bilden, als verfr\u00fcht und als einen Hype im Sinne des oft zitierten sogenannten Hype Cycle von Gartner. Wir vermuten jedoch, wie in der rechten Abbildung dargestellt, dass der KI-Lebenszyklus jetzt reif wird und in seine Stabilit\u00e4tsphase eintritt.<\/p>\n<p>Wie dargestellt, ist der unvern\u00fcnftige Hype nach den ersten beeindruckenden Ergebnissen des maschinellen Lernens in den 2000er Jahren, welche vollautonome Autos vorhersagten, die durch IT-Unternehmen wie Google und Apple gebaut werden sollten, nach etwa einem Jahrzehnt abgeklungen, da wir gelernt haben, dass die Welt immer noch zu komplex ist, um von maschinellen Lernalgorithmen effizient trainiert zu werden. Aber weitere exponentielle Hardware-Entwicklungen im Bereich der Parallelverarbeitung wie Tensor Flow- oder Grafik- bis hin zu neuromorphen Prozessoren f\u00fchrten zu effizienten Deep Learning-Maschinen, die auf neuronalen Netzwerken basieren. Im Jahr 2016 sorgte AlphaGo von Deep Mind \/ Google f\u00fcr eine erstaunliche \u00dcberraschung, indem es einen der besten menschlichen Champions im hochkomplexen Strategiespiel Go mit Hilfe genau dieser neuen Technologie besiegte.[\/vc_column_text][\/vc_column][vc_column width=&#8220;1\/2&#8243;][vc_single_image media=&#8220;97782&#8243; media_width_percent=&#8220;100&#8243; uncode_shortcode_id=&#8220;853628&#8243;][\/vc_column][\/vc_row][vc_row row_height_percent=&#8220;0&#8243; override_padding=&#8220;yes&#8220; h_padding=&#8220;2&#8243; top_padding=&#8220;0&#8243; bottom_padding=&#8220;3&#8243; overlay_alpha=&#8220;50&#8243; gutter_size=&#8220;3&#8243; column_width_percent=&#8220;100&#8243; shift_y=&#8220;0&#8243; z_index=&#8220;0&#8243; content_parallax=&#8220;0&#8243; uncode_shortcode_id=&#8220;377332&#8243;][vc_column width=&#8220;1\/1&#8243;][vc_column_text uncode_shortcode_id=&#8220;142649&#8243;]Von diesem Moment an war klar, dass k\u00fcnstliche neuronale Netze die Grundlage f\u00fcr das sind, was wir heute &#8222;K\u00fcnstliche Intelligenz&#8220; oder KI nennen, und zwar in dem Sinne, dass die neuronalen Netze sowohl in ihrer Architektur als auch in ihrer Funktion von biologischen neuronalen Netzen inspiriert sind, aber auf unserer eigenen technologischen Hardware basieren. KI erf\u00e4hrt also keinen singul\u00e4ren Hype, wie oft missverstanden wird, sondern ist das Ergebnis einer konsequenten Weiterentwicklung in einem jahrzehntelangen evolution\u00e4ren Prozess, um mit Hilfe technologischer Systeme beliebige Probleme l\u00f6sen zu k\u00f6nnen, eine F\u00e4higkeit, die als Intelligenz bezeichnet wird.[\/vc_column_text][\/vc_column][\/vc_row][vc_row row_height_percent=&#8220;0&#8243; override_padding=&#8220;yes&#8220; h_padding=&#8220;7&#8243; top_padding=&#8220;2&#8243; bottom_padding=&#8220;2&#8243; back_color=&#8220;color-156877&#8243; overlay_alpha=&#8220;50&#8243; gutter_size=&#8220;3&#8243; column_width_percent=&#8220;100&#8243; shift_y=&#8220;0&#8243; z_index=&#8220;0&#8243; content_parallax=&#8220;0&#8243; uncode_shortcode_id=&#8220;672870&#8243; back_color_type=&#8220;uncode-palette&#8220;][vc_column column_width_percent=&#8220;100&#8243; position_vertical=&#8220;middle&#8220; align_horizontal=&#8220;align_center&#8220; gutter_size=&#8220;3&#8243; overlay_alpha=&#8220;50&#8243; shift_x=&#8220;0&#8243; shift_y=&#8220;0&#8243; shift_y_down=&#8220;0&#8243; z_index=&#8220;0&#8243; medium_width=&#8220;0&#8243; mobile_width=&#8220;0&#8243; width=&#8220;1\/1&#8243; uncode_shortcode_id=&#8220;349002&#8243;][vc_custom_heading heading_semantic=&#8220;h5&#8243; text_size=&#8220;h5&#8243; uncode_shortcode_id=&#8220;165821&#8243;]<strong>NOVARION<\/strong>, als Tochterunternehmen von <a href=\"https:\/\/www.quantum-science.systems\">Quantum Science &amp; Systems<\/a>, versteht die theoretischen und technologischen Implikationen solcher K\u00fcnstlicher Neuronaler Netze, die den Kern der Industrie des 21. Jahrhunderts bilden.[\/vc_custom_heading][\/vc_column][\/vc_row][vc_row row_height_percent=&#8220;0&#8243; override_padding=&#8220;yes&#8220; h_padding=&#8220;4&#8243; top_padding=&#8220;2&#8243; bottom_padding=&#8220;2&#8243; back_color=&#8220;color-156877&#8243; overlay_alpha=&#8220;50&#8243; gutter_size=&#8220;3&#8243; column_width_percent=&#8220;100&#8243; shift_y=&#8220;0&#8243; z_index=&#8220;0&#8243; content_parallax=&#8220;0&#8243; uncode_shortcode_id=&#8220;163306&#8243; back_color_type=&#8220;uncode-palette&#8220;][vc_column width=&#8220;1\/3&#8243;][vc_single_image media=&#8220;97788&#8243; media_width_percent=&#8220;100&#8243; uncode_shortcode_id=&#8220;588112&#8243;][\/vc_column][vc_column width=&#8220;1\/3&#8243;][vc_single_image media=&#8220;97784&#8243; media_width_percent=&#8220;100&#8243; uncode_shortcode_id=&#8220;162459&#8243;][\/vc_column][vc_column width=&#8220;1\/3&#8243;][vc_single_image media=&#8220;97786&#8243; media_width_percent=&#8220;100&#8243; uncode_shortcode_id=&#8220;709459&#8243;][\/vc_column][\/vc_row][vc_row row_height_percent=&#8220;0&#8243; override_padding=&#8220;yes&#8220; h_padding=&#8220;2&#8243; top_padding=&#8220;3&#8243; bottom_padding=&#8220;2&#8243; overlay_alpha=&#8220;50&#8243; gutter_size=&#8220;3&#8243; column_width_percent=&#8220;100&#8243; shift_y=&#8220;0&#8243; z_index=&#8220;0&#8243; content_parallax=&#8220;0&#8243; uncode_shortcode_id=&#8220;409575&#8243;][vc_column width=&#8220;1\/1&#8243;][vc_column_text uncode_shortcode_id=&#8220;427322&#8243; el_class=&#8220;further_info&#8220;]Es ist schon bemerkenswert, dass die Nobelpreise 2024 f\u00fcr Physik und Chemie beide f\u00fcr diese grundlegende Arbeit \u00fcber k\u00fcnstliche neuronale Netze (ANN) verliehen wurden! Der Nobelpreis f\u00fcr Physik verweist auf die grundlegenden Arbeiten zum Verst\u00e4ndnis von ANN als von fundamentalen physikalischen Gesetzen gesteuert, die auf Entdeckungen im 19. Jahrhundert zur\u00fcckgehen. Der Nobelpreis f\u00fcr Chemie wiederum wurde f\u00fcr die au\u00dfergew\u00f6hnlich effiziente Anwendung solcher ANN zur L\u00f6sung schwieriger Probleme im Zusammenhang mit der Struktur komplexer Molek\u00fcle, den Proteinen im menschlichen K\u00f6rper, verliehen. Dies sind beeindruckende Beispiele daf\u00fcr, wie tief verwurzelt alle neuronalen Netze in den Konzepten unserer Welt, in der wir leben, und letztlich des gesamten Universums sind. Daher wird erwartet, dass die KI, die Technologie, die auf solchen k\u00fcnstlichen neuronalen Netzen aufbaut, alles in der Industrie und dar\u00fcber hinaus in unserer Gesellschaft ver\u00e4ndern wird. NOVARION bietet L\u00f6sungen mit dieser faszinierenden neuen Technologie f\u00fcr Wohlstand und Frieden.<\/p>\n<p>&nbsp;<\/p>\n<p>2024 Nobelpreis f\u00fcr Physik:<br \/>\n<a href=\"https:\/\/www.nobelprize.org\/prizes\/physics\/2024\/press-release\/\">https:\/\/www.nobelprize.org\/prizes\/physics\/2024\/press-release\/<\/a><\/p>\n<p>2024 Nobelpreis f\u00fcr Chemie:<br \/>\n<a href=\"https:\/\/www.nobelprize.org\/prizes\/chemistry\/2024\/press-release\/\">https:\/\/www.nobelprize.org\/prizes\/chemistry\/2024\/press-release\/<\/a>[\/vc_column_text][\/vc_column][\/vc_row]<\/p>\n<\/div>","protected":false},"excerpt":{"rendered":"<p>[vc_row][vc_column width=&#8220;1\/2&#8243;][vc_custom_heading uncode_shortcode_id=&#8220;676515&#8243;] Der Lebenszyklus der KI ist viel \u00e4lter als angenommen [\/vc_custom_heading][vc_column_text uncode_shortcode_id=&#8220;206139&#8243;]Viele Analysten bezeichnen Generative Pretrained Transformer (GPT) [&hellip;]<\/p>\n","protected":false},"author":6,"featured_media":0,"parent":0,"menu_order":0,"comment_status":"closed","ping_status":"closed","template":"","meta":{"footnotes":""},"class_list":["post-97661","page","type-page","status-publish","hentry"],"_links":{"self":[{"href":"https:\/\/www.novarion.systems\/de\/wp-json\/wp\/v2\/pages\/97661","targetHints":{"allow":["GET"]}}],"collection":[{"href":"https:\/\/www.novarion.systems\/de\/wp-json\/wp\/v2\/pages"}],"about":[{"href":"https:\/\/www.novarion.systems\/de\/wp-json\/wp\/v2\/types\/page"}],"author":[{"embeddable":true,"href":"https:\/\/www.novarion.systems\/de\/wp-json\/wp\/v2\/users\/6"}],"replies":[{"embeddable":true,"href":"https:\/\/www.novarion.systems\/de\/wp-json\/wp\/v2\/comments?post=97661"}],"version-history":[{"count":0,"href":"https:\/\/www.novarion.systems\/de\/wp-json\/wp\/v2\/pages\/97661\/revisions"}],"wp:attachment":[{"href":"https:\/\/www.novarion.systems\/de\/wp-json\/wp\/v2\/media?parent=97661"}],"curies":[{"name":"wp","href":"https:\/\/api.w.org\/{rel}","templated":true}]}}