{"id":97718,"date":"2024-10-14T06:51:14","date_gmt":"2024-10-14T06:51:14","guid":{"rendered":"https:\/\/www.novarion.systems\/kuenstliche-intelligenz\/ai-partner\/"},"modified":"2024-10-15T14:16:22","modified_gmt":"2024-10-15T14:16:22","slug":"ti-partner","status":"publish","type":"page","link":"https:\/\/www.novarion.systems\/de\/ki\/ti-partner\/","title":{"rendered":"TI Partner"},"content":{"rendered":"<div class=\"wpb-content-wrapper\"><p>[vc_row][vc_column width=&#8220;1\/1&#8243;][vc_custom_heading uncode_shortcode_id=&#8220;957952&#8243;]<strong>NOVARION arbeitet mit weltweit f\u00fchrenden Technologie- und Gesch\u00e4ftsexperten zusammen, um erstklassige KI-L\u00f6sungen zu implementieren<\/strong>[\/vc_custom_heading][vc_column_text uncode_shortcode_id=&#8220;307472&#8243;]Das Programm Built2Order Systems von NOVARION erleichtert den Einsatz und die Nutzung von KI-Systemen entlang der gesamten Wertsch\u00f6pfungskette in verschiedenen vertikalen Industriezweigen. Das Programm ist darauf ausgerichtet, die H\u00fcrden f\u00fcr Unternehmen bei der Einf\u00fchrung von High-Performance-Computing f\u00fcr KI-L\u00f6sungen deutlich zu senken und ihre Mitarbeiter schneller mit KI-Diensten auszustatten. Die gesamte ben\u00f6tigte Hard- und Software ist in den Fertigungsprozess von NOVARION integriert, was zu h\u00f6chst zuverl\u00e4ssigen schl\u00fcsselfertigen L\u00f6sungen bis hin zur Anwendungsebene f\u00fchrt. Um aktuelles und tiefgreifendes Fachwissen zu gew\u00e4hrleisten, arbeitet NOVARION mit Branchenexperten aus allen Bereichen zusammen, um KI-Projekte jeglicher Komplexit\u00e4t und Gr\u00f6\u00dfe zu realisieren. Zusammen mit NOVARIONs bestehendem \u00d6kosystem von KI- und Anwendungspartnern tr\u00e4gt unsere direkte Zusammenarbeit mit NVIDIA dazu bei, neue M\u00f6glichkeiten f\u00fcr Unternehmens-KI zu er\u00f6ffnen.[\/vc_column_text][\/vc_column][\/vc_row][vc_row row_height_percent=&#8220;0&#8243; back_color=&#8220;color-156877&#8243; overlay_alpha=&#8220;50&#8243; gutter_size=&#8220;3&#8243; column_width_percent=&#8220;100&#8243; shift_y=&#8220;0&#8243; z_index=&#8220;0&#8243; content_parallax=&#8220;0&#8243; uncode_shortcode_id=&#8220;630461&#8243; back_color_type=&#8220;uncode-palette&#8220;][vc_column width=&#8220;1\/1&#8243;][vc_custom_heading uncode_shortcode_id=&#8220;162550&#8243;]<\/p>\n<h4>Ein erfolgreiches Unternehmens-KI-Projekt mit NOVARION besteht aus:<\/h4>\n<p>[\/vc_custom_heading][uncode_list icon=&#8220;fa fa-check&#8220; uncode_shortcode_id=&#8220;185220&#8243; el_class=&#8220;ai_list&#8220;]<\/p>\n<ul>\n<li><strong>PLAN<\/strong>: Sofortige Einbeziehung der 3 wichtigsten KI-Stakeholder, n\u00e4mlich der IT des Unternehmens, des Gesch\u00e4ftsverantwortlichen sowie des Datenwissenschaftlers.<\/li>\n<li><strong>DESIGN<\/strong>: Entwurf der NOVARION End-to-End KI DevOps Plattform.<\/li>\n<li><strong>DEPLOY<\/strong>: API-Entwicklung f\u00fcr das Anwendungs-Framework mit unseren ISV-Partnern parallel zur Einrichtung der full-stack KI-Plattform durch NOVARION.<\/li>\n<li><strong>RUN<\/strong>: Kontinuierliches schnelles Prototyping, Training, Inferenz und Rollout auf derselben NOVARION Enterprise Integrated AI Platform.<\/li>\n<\/ul>\n<p>[\/uncode_list][\/vc_column][\/vc_row][vc_row row_height_percent=&#8220;0&#8243; overlay_alpha=&#8220;50&#8243; gutter_size=&#8220;3&#8243; column_width_percent=&#8220;100&#8243; shift_y=&#8220;0&#8243; z_index=&#8220;0&#8243; content_parallax=&#8220;0&#8243; uncode_shortcode_id=&#8220;124032&#8243;][vc_column width=&#8220;1\/1&#8243;][vc_custom_heading uncode_shortcode_id=&#8220;124671&#8243;]<\/p>\n<h4>F\u00fcr die Zukunft gebaut<\/h4>\n<p>[\/vc_custom_heading][vc_column_text uncode_shortcode_id=&#8220;534328&#8243;]Die KI-DevOps-Plattform von NOVARION nutzt die neuesten parallelen und heterogenen Computing-Plattformen und APIs der Branche, um die Kompatibilit\u00e4t mit den meisten zuk\u00fcnftigen Arten von Recheneinheiten zu erreichen, bis hin zu denen, die f\u00fcr Quantencomputing verwendet werden. George Gesek, CEO von Novarion Systems, unterstreicht die strategische Bedeutung von KI f\u00fcr Unternehmen: &#8222;Unternehmen wollen KI zunehmend nutzen, um wettbewerbsf\u00e4hig zu bleiben. Wir gehen davon aus, dass Arbeitnehmer, die von der exponentiell wachsenden Leistung der KI unterst\u00fctzt werden, bald 10-mal produktiver sein werden als ohne diese Technologie. Deshalb ist NOVARION entschlossen und leidenschaftlich dabei, Unternehmen bei dieser wichtigsten Ver\u00e4nderung unserer Arbeitsweise seit der Einf\u00fchrung des Personal Computers zu unterst\u00fctzen.&#8220;[\/vc_column_text][\/vc_column][\/vc_row][vc_row][vc_column column_width_percent=&#8220;100&#8243; align_horizontal=&#8220;align_center&#8220; gutter_size=&#8220;3&#8243; overlay_alpha=&#8220;50&#8243; shift_x=&#8220;0&#8243; shift_y=&#8220;0&#8243; shift_y_down=&#8220;0&#8243; z_index=&#8220;0&#8243; medium_width=&#8220;0&#8243; mobile_width=&#8220;0&#8243; width=&#8220;1\/1&#8243; uncode_shortcode_id=&#8220;331252&#8243;][vc_custom_heading uncode_shortcode_id=&#8220;602268&#8243;]Generative AI &amp; menschliche Intelligenz arbeiten zusammen![\/vc_custom_heading][vc_single_image media=&#8220;97755&#8243; media_width_percent=&#8220;100&#8243; uncode_shortcode_id=&#8220;122023&#8243;][vc_custom_heading heading_semantic=&#8220;h4&#8243; text_size=&#8220;h4&#8243; uncode_shortcode_id=&#8220;182823&#8243;]Best-in-Class-Partner nutzen NOVARIONs Heterogenous Processing AI Platform[\/vc_custom_heading][\/vc_column][\/vc_row]<\/p>\n<\/div>","protected":false},"excerpt":{"rendered":"<p>[vc_row][vc_column width=&#8220;1\/1&#8243;][vc_custom_heading uncode_shortcode_id=&#8220;957952&#8243;]NOVARION arbeitet mit weltweit f\u00fchrenden Technologie- und Gesch\u00e4ftsexperten zusammen, um erstklassige KI-L\u00f6sungen zu implementieren[\/vc_custom_heading][vc_column_text uncode_shortcode_id=&#8220;307472&#8243;]Das Programm Built2Order Systems [&hellip;]<\/p>\n","protected":false},"author":6,"featured_media":0,"parent":97661,"menu_order":0,"comment_status":"closed","ping_status":"closed","template":"","meta":{"footnotes":""},"class_list":["post-97718","page","type-page","status-publish","hentry"],"_links":{"self":[{"href":"https:\/\/www.novarion.systems\/de\/wp-json\/wp\/v2\/pages\/97718","targetHints":{"allow":["GET"]}}],"collection":[{"href":"https:\/\/www.novarion.systems\/de\/wp-json\/wp\/v2\/pages"}],"about":[{"href":"https:\/\/www.novarion.systems\/de\/wp-json\/wp\/v2\/types\/page"}],"author":[{"embeddable":true,"href":"https:\/\/www.novarion.systems\/de\/wp-json\/wp\/v2\/users\/6"}],"replies":[{"embeddable":true,"href":"https:\/\/www.novarion.systems\/de\/wp-json\/wp\/v2\/comments?post=97718"}],"version-history":[{"count":0,"href":"https:\/\/www.novarion.systems\/de\/wp-json\/wp\/v2\/pages\/97718\/revisions"}],"up":[{"embeddable":true,"href":"https:\/\/www.novarion.systems\/de\/wp-json\/wp\/v2\/pages\/97661"}],"wp:attachment":[{"href":"https:\/\/www.novarion.systems\/de\/wp-json\/wp\/v2\/media?parent=97718"}],"curies":[{"name":"wp","href":"https:\/\/api.w.org\/{rel}","templated":true}]}}