{"id":97720,"date":"2024-10-14T06:49:50","date_gmt":"2024-10-14T06:49:50","guid":{"rendered":"https:\/\/www.novarion.systems\/kuenstliche-intelligenz\/ai-loesungen\/"},"modified":"2024-10-15T18:59:54","modified_gmt":"2024-10-15T18:59:54","slug":"technologische-intelligenz","status":"publish","type":"page","link":"https:\/\/www.novarion.systems\/de\/ki\/technologische-intelligenz\/","title":{"rendered":"Technologische Intelligenz"},"content":{"rendered":"<div class=\"wpb-content-wrapper\"><p>[vc_row row_height_percent=&#8220;0&#8243; override_padding=&#8220;yes&#8220; h_padding=&#8220;2&#8243; top_padding=&#8220;2&#8243; bottom_padding=&#8220;2&#8243; overlay_alpha=&#8220;90&#8243; gutter_size=&#8220;3&#8243; column_width_percent=&#8220;100&#8243; shift_y=&#8220;0&#8243; z_index=&#8220;0&#8243; content_parallax=&#8220;0&#8243; uncode_shortcode_id=&#8220;171458&#8243;][vc_column column_width_percent=&#8220;100&#8243; position_vertical=&#8220;middle&#8220; align_horizontal=&#8220;align_center&#8220; gutter_size=&#8220;3&#8243; overlay_alpha=&#8220;50&#8243; shift_x=&#8220;0&#8243; shift_y=&#8220;0&#8243; shift_y_down=&#8220;0&#8243; z_index=&#8220;0&#8243; medium_width=&#8220;0&#8243; mobile_width=&#8220;0&#8243; width=&#8220;1\/1&#8243; uncode_shortcode_id=&#8220;151818&#8243;][vc_separator sep_color=&#8220;accent&#8220; uncode_shortcode_id=&#8220;959741&#8243; sep_color_type=&#8220;uncode-palette&#8220;][vc_custom_heading uncode_shortcode_id=&#8220;183889&#8243;]<strong>Wir l\u00f6sen das Problem der PRODUKTIVIT\u00c4T mit technologischer Intelligenz<\/strong>[\/vc_custom_heading][vc_separator sep_color=&#8220;accent&#8220; uncode_shortcode_id=&#8220;724693&#8243; sep_color_type=&#8220;uncode-palette&#8220;][\/vc_column][\/vc_row][vc_row][vc_column width=&#8220;1\/1&#8243;][vc_column_text uncode_shortcode_id=&#8220;881044&#8243;]<\/p>\n<h4><em><strong>Definition:<\/strong><\/em> <strong>Intelligenz ist die F\u00e4higkeit, Probleme zu l\u00f6sen.<\/strong><\/h4>\n<p>Bei dieser Definition gibt es keinen funktionalen Unterschied zwischen verschiedenen Hardware-Realisierungen intelligenter Systeme. Wir k\u00f6nnen biologische Intelligenz (BI) als ein evolution\u00e4res Produkt der Natur und technologische Intelligenz (TI) als ein evolution\u00e4res Produkt der Technik bezeichnen. Beide unterscheiden sich nur durch die Mittel, mit denen sie realisiert wurden, aber ihre Funktion und ihr Zweck bleiben gleich. Da wir BI jedoch als eine umfassende L\u00f6sung verstehen, die nicht an eine bestimmte Aufgabe gebunden ist, wie wir es heute bei der KI sehen, kann TI ebenso wie BI als ein umfassendes System zur L\u00f6sung komplexer Aufgaben verstanden werden, bei dem viele verschiedene Aspekte zu ber\u00fccksichtigen sind.<\/p>\n<p>Solche Systeme werden auch oft als General Intelligence (GI) bezeichnet, die nicht prim\u00e4r an bestimmte Aufgaben gebunden sind. Nichtsdestotrotz muss jeder GI auch spezielle Kenntnisse und F\u00e4higkeiten trainieren, um genau und zuverl\u00e4ssig sinnvolle L\u00f6sungen f\u00fcr Probleme in unserem Alltags- oder Arbeitsleben zu finden. Ein solcher GI, sei es BI oder TI, muss eine gemeinsame Wahrnehmung der ihn umgebenden physischen Dinge und abstrakten Konzepte haben, die sogenannte Weltsicht.<\/p>\n<p>Tats\u00e4chlich scheinen Large Language Models (LLM), die auf der Grundlage einer breiten Palette von Alltagsdaten aus dem Internet trainiert werden, eine Weltsicht zu haben. Sie enthalten die vielen Gedanken und Wahrnehmungen der Autoren von Artikeln, Beitr\u00e4gen, B\u00fcchern, Filmen, Kl\u00e4ngen, Bildern usw. LLM haben genau wie ein Kind vom Rest der Welt gelernt.<\/p>\n<p>Was unser Wissen betrifft, so fehlt es den LLM an Bewusstsein, oder genauer gesagt, an mehreren intellektuellen Funktionen, die in Kombination unser Konzept von Bewusstsein ausmachen. Dennoch sind einige erste Funktionen des Bewusstseins, wie die Selbstreflexion, bei LLM bereits vorhanden.<\/p>\n<p>In Anbetracht der obigen Ausf\u00fchrungen k\u00f6nnen wir schlussfolgern, dass die technologische Intelligenz eine bedeutende Ressource ist, um das Pendant der biologischen Intelligenz in einem Arbeitsprozess zu implementieren, den wir als virtuellen Mitarbeiter bezeichnen k\u00f6nnten.[\/vc_column_text][\/vc_column][\/vc_row][vc_row row_height_percent=&#8220;0&#8243; back_color=&#8220;color-156877&#8243; overlay_alpha=&#8220;50&#8243; gutter_size=&#8220;3&#8243; column_width_percent=&#8220;100&#8243; shift_y=&#8220;0&#8243; z_index=&#8220;0&#8243; content_parallax=&#8220;0&#8243; uncode_shortcode_id=&#8220;101109&#8243; back_color_type=&#8220;uncode-palette&#8220;][vc_column column_width_percent=&#8220;100&#8243; position_vertical=&#8220;middle&#8220; align_horizontal=&#8220;align_center&#8220; gutter_size=&#8220;3&#8243; overlay_alpha=&#8220;50&#8243; shift_x=&#8220;0&#8243; shift_y=&#8220;0&#8243; shift_y_down=&#8220;0&#8243; z_index=&#8220;0&#8243; medium_width=&#8220;0&#8243; mobile_width=&#8220;0&#8243; width=&#8220;1\/2&#8243; uncode_shortcode_id=&#8220;126733&#8243;][vc_single_image media=&#8220;97816&#8243; media_width_percent=&#8220;60&#8243; alignment=&#8220;center&#8220; uncode_shortcode_id=&#8220;154294&#8243;][\/vc_column][vc_column column_width_percent=&#8220;100&#8243; position_vertical=&#8220;middle&#8220; align_horizontal=&#8220;align_center&#8220; gutter_size=&#8220;3&#8243; overlay_alpha=&#8220;50&#8243; shift_x=&#8220;0&#8243; shift_y=&#8220;0&#8243; shift_y_down=&#8220;0&#8243; z_index=&#8220;0&#8243; medium_width=&#8220;0&#8243; mobile_width=&#8220;0&#8243; width=&#8220;1\/2&#8243; uncode_shortcode_id=&#8220;420999&#8243;][vc_single_image media=&#8220;97818&#8243; media_width_percent=&#8220;60&#8243; alignment=&#8220;center&#8220; uncode_shortcode_id=&#8220;189529&#8243;][\/vc_column][\/vc_row][vc_row row_height_percent=&#8220;0&#8243; override_padding=&#8220;yes&#8220; h_padding=&#8220;2&#8243; top_padding=&#8220;3&#8243; bottom_padding=&#8220;2&#8243; overlay_alpha=&#8220;50&#8243; gutter_size=&#8220;3&#8243; column_width_percent=&#8220;100&#8243; shift_y=&#8220;0&#8243; z_index=&#8220;0&#8243; content_parallax=&#8220;0&#8243; uncode_shortcode_id=&#8220;119225&#8243;][vc_column width=&#8220;1\/1&#8243;][vc_column_text uncode_shortcode_id=&#8220;273846&#8243;]Es ist offensichtlich, dass TI trotz des Fehlens bewusster Funktionen enorme Vorteile gegen\u00fcber BI in Bezug auf Verf\u00fcgbarkeit, Haltbarkeit und Skalierbarkeit hat. Die Kunst einer jeden TI-Implementierung besteht darin, sie auch zu einer zuverl\u00e4ssigen und vertrauensw\u00fcrdigen Ressource innerhalb einer Organisation zu machen. BI (Menschen) und TI (virtuelle Mitarbeiter) m\u00fcssen vertrauensvoll zusammenarbeiten. Das ist die Spezialit\u00e4t von NOVARION.[\/vc_column_text][\/vc_column][\/vc_row][vc_row row_height_percent=&#8220;0&#8243; overlay_alpha=&#8220;79&#8243; gutter_size=&#8220;3&#8243; column_width_percent=&#8220;100&#8243; shift_y=&#8220;0&#8243; z_index=&#8220;0&#8243; content_parallax=&#8220;0&#8243; uncode_shortcode_id=&#8220;413343&#8243;][vc_column column_width_percent=&#8220;100&#8243; position_vertical=&#8220;middle&#8220; align_horizontal=&#8220;align_center&#8220; gutter_size=&#8220;3&#8243; overlay_alpha=&#8220;50&#8243; shift_x=&#8220;0&#8243; shift_y=&#8220;0&#8243; shift_y_down=&#8220;0&#8243; z_index=&#8220;0&#8243; medium_width=&#8220;0&#8243; mobile_width=&#8220;0&#8243; width=&#8220;1\/1&#8243; uncode_shortcode_id=&#8220;127121&#8243;][vc_separator sep_color=&#8220;accent&#8220; uncode_shortcode_id=&#8220;236364&#8243; sep_color_type=&#8220;uncode-palette&#8220;][vc_column_text uncode_shortcode_id=&#8220;197950&#8243;]<\/p>\n<h4><strong>Wir verstehen sehr genau, wie sich K\u00fcnstliche Neuronale Netze verhalten.<\/strong><\/h4>\n<p>[\/vc_column_text][vc_separator sep_color=&#8220;accent&#8220; uncode_shortcode_id=&#8220;117555&#8243; sep_color_type=&#8220;uncode-palette&#8220;][\/vc_column][\/vc_row][vc_row][vc_column width=&#8220;1\/1&#8243;][vc_column_text uncode_shortcode_id=&#8220;208527&#8243;]Sie m\u00f6chten wissen, wie Sie von einem Virtual Coworker profitieren k\u00f6nnen?<\/p>\n<p>Informieren Sie sich, indem Sie uns schreiben, \u00fcber: <a href=\"mailto:ai@novarion.com\">ai@novarion.com<\/a>[\/vc_column_text][\/vc_column][\/vc_row]<\/p>\n<\/div>","protected":false},"excerpt":{"rendered":"<p>[vc_row row_height_percent=&#8220;0&#8243; override_padding=&#8220;yes&#8220; h_padding=&#8220;2&#8243; top_padding=&#8220;2&#8243; bottom_padding=&#8220;2&#8243; overlay_alpha=&#8220;90&#8243; gutter_size=&#8220;3&#8243; column_width_percent=&#8220;100&#8243; shift_y=&#8220;0&#8243; z_index=&#8220;0&#8243; content_parallax=&#8220;0&#8243; uncode_shortcode_id=&#8220;171458&#8243;][vc_column column_width_percent=&#8220;100&#8243; position_vertical=&#8220;middle&#8220; align_horizontal=&#8220;align_center&#8220; gutter_size=&#8220;3&#8243; overlay_alpha=&#8220;50&#8243; shift_x=&#8220;0&#8243; shift_y=&#8220;0&#8243; [&hellip;]<\/p>\n","protected":false},"author":6,"featured_media":0,"parent":97661,"menu_order":0,"comment_status":"closed","ping_status":"closed","template":"","meta":{"footnotes":""},"class_list":["post-97720","page","type-page","status-publish","hentry"],"_links":{"self":[{"href":"https:\/\/www.novarion.systems\/de\/wp-json\/wp\/v2\/pages\/97720","targetHints":{"allow":["GET"]}}],"collection":[{"href":"https:\/\/www.novarion.systems\/de\/wp-json\/wp\/v2\/pages"}],"about":[{"href":"https:\/\/www.novarion.systems\/de\/wp-json\/wp\/v2\/types\/page"}],"author":[{"embeddable":true,"href":"https:\/\/www.novarion.systems\/de\/wp-json\/wp\/v2\/users\/6"}],"replies":[{"embeddable":true,"href":"https:\/\/www.novarion.systems\/de\/wp-json\/wp\/v2\/comments?post=97720"}],"version-history":[{"count":0,"href":"https:\/\/www.novarion.systems\/de\/wp-json\/wp\/v2\/pages\/97720\/revisions"}],"up":[{"embeddable":true,"href":"https:\/\/www.novarion.systems\/de\/wp-json\/wp\/v2\/pages\/97661"}],"wp:attachment":[{"href":"https:\/\/www.novarion.systems\/de\/wp-json\/wp\/v2\/media?parent=97720"}],"curies":[{"name":"wp","href":"https:\/\/api.w.org\/{rel}","templated":true}]}}