{"id":97722,"date":"2024-10-14T06:50:35","date_gmt":"2024-10-14T06:50:35","guid":{"rendered":"https:\/\/www.novarion.systems\/kuenstliche-intelligenz\/ai-use-cases\/"},"modified":"2025-03-14T10:55:52","modified_gmt":"2025-03-14T10:55:52","slug":"ti-use-cases","status":"publish","type":"page","link":"https:\/\/www.novarion.systems\/de\/ki\/ti-use-cases\/","title":{"rendered":"TI Use Cases"},"content":{"rendered":"<div class=\"wpb-content-wrapper\"><p>[vc_row][vc_column width=&#8220;1\/1&#8243;][vc_custom_heading uncode_shortcode_id=&#8220;113772&#8243;]<strong>Die Industrie hat bewiesen, dass selektive KI-F\u00e4higkeiten effektiver sind als menschliche F\u00e4higkeiten, jetzt fassen wir sie alle mit der Schaffung von TI zusammen<\/strong>[\/vc_custom_heading][\/vc_column][\/vc_row][vc_row][vc_column width=&#8220;1\/1&#8243;][vc_column_text uncode_shortcode_id=&#8220;161731&#8243;]Es liegt auf der Hand, dass menschen\u00e4hnliche F\u00e4higkeiten eines technischen Systems die Produktivit\u00e4t einer Belegschaft enorm steigern. Durch die Revolution der Automatisierung in der zweiten H\u00e4lfte des 20. Jahrhunderts wurden die Menschen in den Fabriken entlassen und in ihren neuen B\u00fcros untergebracht. Die Umstellung von Arbeitern auf Angestellte trug erheblich zur Produktivit\u00e4t bei, indem sie die Lohnst\u00fcckkosten drastisch senkte. Das Ergebnis war ein fulminanter Anstieg des Lebensstandards in der gesamten industrialisierten Welt.<\/p>\n<p>Doch in den 2010er Jahren wurden die Vorteile der Automatisierung weitgehend ausgesch\u00f6pft, und weitere Produktivit\u00e4tssteigerungen erwiesen sich als schwieriger. Im Gegenzug kam es zu einem Mangel an qualifizierten Arbeitskr\u00e4ften, w\u00e4hrend die weniger gut ausgebildeten Arbeitskr\u00e4fte unter einem R\u00fcckgang ihres Lebensstandards zu leiden begannen. Es gibt keine einfachen und vor allem keine schnellen L\u00f6sungen f\u00fcr dieses demografische Dilemma. Gl\u00fccklicherweise hat der menschliche Einfallsreichtum wieder einmal eine technische L\u00f6sung f\u00fcr ein menschliches Problem gefunden: die Erg\u00e4nzung qualifizierter Arbeitskr\u00e4fte durch technologische Wissensarbeiter \u2013 Virtual Coworkers, wie wir sie nennen.<\/p>\n<p>Dies ist das erste Mal in der Geschichte, dass sich Arbeitskr\u00e4fte auf andere Weise als durch die sehr ressourcen- und zeitaufw\u00e4ndige biologische Reproduktion vermehren! Die Zeit f\u00fcr die Implementierung eines neuen Virtual Coworkers in einer Unternehmensabteilung betr\u00e4gt bei NOVARION etwa 180 Tage. Von diesem Moment an erh\u00f6ht der Virtual Coworker permanent seine Genauigkeit und erweitert seine F\u00e4higkeiten, skaliert aber auch sofort mit dem Bedarf. Einige der bereits produktiven F\u00e4higkeiten durch verschiedene Branchen sind in der Abbildung unten dargestellt.[\/vc_column_text][\/vc_column][\/vc_row][vc_row][vc_column width=&#8220;1\/1&#8243;][vc_single_image media=&#8220;97765&#8243; media_width_percent=&#8220;100&#8243; uncode_shortcode_id=&#8220;191655&#8243;][\/vc_column][\/vc_row][vc_row][vc_column width=&#8220;1\/1&#8243;][vc_column_text uncode_shortcode_id=&#8220;178266&#8243;]Alle diese Anwendungsf\u00e4lle ergeben zusammen eine projizierte Wertsch\u00f6pfung, wie im n\u00e4chsten Diagramm dargestellt.[\/vc_column_text][\/vc_column][\/vc_row][vc_row row_height_percent=&#8220;0&#8243; back_color=&#8220;color-156877&#8243; overlay_alpha=&#8220;50&#8243; gutter_size=&#8220;3&#8243; column_width_percent=&#8220;100&#8243; shift_y=&#8220;0&#8243; z_index=&#8220;0&#8243; content_parallax=&#8220;0&#8243; uncode_shortcode_id=&#8220;910758&#8243; back_color_type=&#8220;uncode-palette&#8220;][vc_column width=&#8220;1\/2&#8243;][vc_single_image media=&#8220;97852&#8243; media_width_percent=&#8220;100&#8243; uncode_shortcode_id=&#8220;696105&#8243;][vc_column_text uncode_shortcode_id=&#8220;860892&#8243;]<\/p>\n<p style=\"text-align: left; font-size: 14px;\">Quelle: Accenture<\/p>\n<p>[\/vc_column_text][\/vc_column][vc_column column_width_percent=&#8220;100&#8243; position_vertical=&#8220;middle&#8220; gutter_size=&#8220;3&#8243; overlay_alpha=&#8220;50&#8243; shift_x=&#8220;0&#8243; shift_y=&#8220;0&#8243; shift_y_down=&#8220;0&#8243; z_index=&#8220;0&#8243; medium_width=&#8220;0&#8243; mobile_width=&#8220;0&#8243; width=&#8220;1\/2&#8243; uncode_shortcode_id=&#8220;483915&#8243;][vc_column_text uncode_shortcode_id=&#8220;187934&#8243;]Das Jahr 2035 ist ein besonderes Jahr. George Gesek, der Gr\u00fcnder von NOVARION, prognostiziert f\u00fcr dieses Jahr die Entstehung eines Rechenzentrums mit einer Rechenleistung, die mit der des menschlichen Gehirns vergleichbar ist. Damit w\u00e4re im Prinzip der Weg frei, alle menschlichen F\u00e4higkeiten einschlie\u00dflich des Bewusstseins in eine Technologische Intelligenz zu implementieren, was die Erschaffung einer neuen Lebensform auf der Erde bedeuten w\u00fcrde. Das Aufkommen von Quantenprozessoren ist in diesem Zusammenhang besonders interessant, was den Gr\u00fcnder von NOVARION und Mitbegr\u00fcnder von QMware dazu veranlasst hat, einen Gro\u00dfteil seiner Zeit in die Entwicklung dieser wichtigen Technologien zu investieren.<\/p>\n<p>Ein gro\u00dfer Schritt in diese Richtung ist nun mit der Vorstellung des Virtual Coworker durch NOVARION gelungen. Wie die folgende Infografik zeigt, sind die ersten zu erlernenden Aufgaben f\u00fcr den Virtual Coworker in den Abteilungen IT, Rechnungswesen &amp; Controlling, Marketing &amp; Vertrieb, Backoffice &amp; Disposition.[\/vc_column_text][\/vc_column][\/vc_row][vc_row][vc_column width=&#8220;1\/1&#8243;][vc_single_image media=&#8220;97854&#8243; media_width_percent=&#8220;100&#8243; uncode_shortcode_id=&#8220;186798&#8243;][\/vc_column][\/vc_row][vc_row][vc_column width=&#8220;1\/1&#8243;][vc_column_text uncode_shortcode_id=&#8220;908253&#8243;]Nat\u00fcrlich sind diese F\u00e4higkeiten nur der Ausgangspunkt f\u00fcr die erstaunliche Reise mit unseren Virtual Coworkers, die gerade erst begonnen hat. Virtuelle Mitarbeiter sind besonders geeignet, mit anderen unbewussten Freunden zusammenzuarbeiten und sie zu steuern, wie die vielen Roboter, die bald in unsere Fabriken und den Weltraum einziehen werden, wie Spot von Boston Dynamics:[\/vc_column_text][vc_raw_html]PGlmcmFtZSB3aWR0aD0iMTI4MCIgaGVpZ2h0PSI3MjAiIHNyYz0iaHR0cHM6Ly93d3cueW91dHViZS5jb20vZW1iZWQvMGhyWXpnUF9MZzQiIHRpdGxlPSJOZXUgaW4gU3BvdCAmYW1wOyBPcmJpdCA0LjEgfCBCb3N0b24gRHluYW1pY3MiIGZyYW1lYm9yZGVyPSIwIiBhbGxvdz0iYWNjZWxlcm9tZXRlcjsgYXV0b3BsYXk7IGNsaXBib2FyZC13cml0ZTsgZW5jcnlwdGVkLW1lZGlhOyBneXJvc2NvcGU7IHBpY3R1cmUtaW4tcGljdHVyZTsgd2ViLXNoYXJlIiByZWZlcnJlcnBvbGljeT0ic3RyaWN0LW9yaWdpbi13aGVuLWNyb3NzLW9yaWdpbiIgYWxsb3dmdWxsc2NyZWVuPSIiPjwvaWZyYW1lPg==[\/vc_raw_html][\/vc_column][\/vc_row][vc_row row_height_percent=&#8220;0&#8243; overlay_alpha=&#8220;50&#8243; gutter_size=&#8220;3&#8243; column_width_percent=&#8220;100&#8243; shift_y=&#8220;0&#8243; z_index=&#8220;0&#8243; content_parallax=&#8220;0&#8243; uncode_shortcode_id=&#8220;873259&#8243;][vc_column width=&#8220;1\/1&#8243;][vc_column_text uncode_shortcode_id=&#8220;208527&#8243;]Sie m\u00f6chten wissen, wie Sie von einem Virtual Coworker profitieren k\u00f6nnen?<\/p>\n<p>Informieren Sie sich, indem Sie uns schreiben, \u00fcber: <a href=\"mailto:ai@novarion.com\">ai@novarion.com<\/a>[\/vc_column_text][\/vc_column][\/vc_row]<\/p>\n<\/div>","protected":false},"excerpt":{"rendered":"<p>[vc_row][vc_column width=&#8220;1\/1&#8243;][vc_custom_heading uncode_shortcode_id=&#8220;113772&#8243;]Die Industrie hat bewiesen, dass selektive KI-F\u00e4higkeiten effektiver sind als menschliche F\u00e4higkeiten, jetzt fassen wir sie alle mit [&hellip;]<\/p>\n","protected":false},"author":6,"featured_media":0,"parent":97661,"menu_order":0,"comment_status":"closed","ping_status":"closed","template":"","meta":{"footnotes":""},"class_list":["post-97722","page","type-page","status-publish","hentry"],"_links":{"self":[{"href":"https:\/\/www.novarion.systems\/de\/wp-json\/wp\/v2\/pages\/97722","targetHints":{"allow":["GET"]}}],"collection":[{"href":"https:\/\/www.novarion.systems\/de\/wp-json\/wp\/v2\/pages"}],"about":[{"href":"https:\/\/www.novarion.systems\/de\/wp-json\/wp\/v2\/types\/page"}],"author":[{"embeddable":true,"href":"https:\/\/www.novarion.systems\/de\/wp-json\/wp\/v2\/users\/6"}],"replies":[{"embeddable":true,"href":"https:\/\/www.novarion.systems\/de\/wp-json\/wp\/v2\/comments?post=97722"}],"version-history":[{"count":0,"href":"https:\/\/www.novarion.systems\/de\/wp-json\/wp\/v2\/pages\/97722\/revisions"}],"up":[{"embeddable":true,"href":"https:\/\/www.novarion.systems\/de\/wp-json\/wp\/v2\/pages\/97661"}],"wp:attachment":[{"href":"https:\/\/www.novarion.systems\/de\/wp-json\/wp\/v2\/media?parent=97722"}],"curies":[{"name":"wp","href":"https:\/\/api.w.org\/{rel}","templated":true}]}}