{"id":97813,"date":"2024-10-15T14:15:34","date_gmt":"2024-10-15T14:15:34","guid":{"rendered":"https:\/\/www.novarion.systems\/ki\/ti-full-stack-loesungen\/"},"modified":"2024-10-15T19:04:33","modified_gmt":"2024-10-15T19:04:33","slug":"ti-full-stack-loesungen","status":"publish","type":"page","link":"https:\/\/www.novarion.systems\/de\/ki\/ti-full-stack-loesungen\/","title":{"rendered":"TI Full-Stack L\u00f6sungen"},"content":{"rendered":"<div class=\"wpb-content-wrapper\"><p>[vc_row row_height_percent=&#8220;0&#8243; override_padding=&#8220;yes&#8220; h_padding=&#8220;2&#8243; top_padding=&#8220;2&#8243; bottom_padding=&#8220;3&#8243; back_color=&#8220;color-156877&#8243; overlay_alpha=&#8220;50&#8243; gutter_size=&#8220;3&#8243; column_width_percent=&#8220;100&#8243; shift_y=&#8220;0&#8243; z_index=&#8220;0&#8243; content_parallax=&#8220;0&#8243; uncode_shortcode_id=&#8220;407390&#8243; back_color_type=&#8220;uncode-palette&#8220;][vc_column width=&#8220;1\/1&#8243;][vc_custom_heading uncode_shortcode_id=&#8220;208429&#8243;]<strong>Es gibt mehr als 4.000 Software- und 2.500 Hardware-Module, die f\u00fcr die Implementierung eines Virtual Coworker in Betracht kommen<\/strong>[\/vc_custom_heading][vc_column_text uncode_shortcode_id=&#8220;883248&#8243;]Die Vorteile einer umfassenden Zusammenstellung vieler KI-Module zu einer Technologischen Intelligenz sind enorm. Dennoch ist dies eine anspruchsvolle Spitzentechnologie, die nicht bei der Software aufh\u00f6rt. Fast ebenso viele Hardwareteile m\u00fcssen zu einem kompletten Basissystem f\u00fcr das Training und die Inferenz von virtuellen Mitarbeitern zusammengef\u00fcgt werden. Je leistungsf\u00e4higer eine Allgemeine Intelligenz sein soll, desto komplexer wird das System werden.<\/p>\n<p>NOVARION hat seine im Januar 2004 begonnene Suche mit der Implementierung eines der weltweit gr\u00f6\u00dften Built-to-Order-Programme in der IT-Branche abgeschlossen. Nach Jahren der gemeinsamen Entwicklung mit unseren Forschungs- und Industriepartnern, wie der Universit\u00e4t Stuttgart, dem KNOW Center in Graz oder NVIDIA und QMware, haben wir die erste Heterogeneous Processing Platform vorgestellt, die zukunftssicheres, abw\u00e4rtskompatibles In-Memory High-Performance Computing erm\u00f6glicht und durch ein weltweites Patent unterst\u00fctzt wird. Details finden Sie hier: <a href=\"https:\/\/arxiv.org\/abs\/2302.12750\">https:\/\/arxiv.org\/abs\/2302.12750<\/a>[\/vc_column_text][vc_single_image media=&#8220;97837&#8243; media_width_percent=&#8220;100&#8243; uncode_shortcode_id=&#8220;115220&#8243;][\/vc_column][\/vc_row][vc_row row_height_percent=&#8220;0&#8243; override_padding=&#8220;yes&#8220; h_padding=&#8220;2&#8243; top_padding=&#8220;3&#8243; bottom_padding=&#8220;2&#8243; overlay_alpha=&#8220;50&#8243; gutter_size=&#8220;3&#8243; column_width_percent=&#8220;100&#8243; shift_y=&#8220;0&#8243; z_index=&#8220;0&#8243; content_parallax=&#8220;0&#8243; uncode_shortcode_id=&#8220;384211&#8243;][vc_column column_width_percent=&#8220;100&#8243; position_vertical=&#8220;middle&#8220; align_horizontal=&#8220;align_center&#8220; gutter_size=&#8220;3&#8243; overlay_alpha=&#8220;50&#8243; shift_x=&#8220;0&#8243; shift_y=&#8220;0&#8243; shift_y_down=&#8220;0&#8243; z_index=&#8220;0&#8243; medium_width=&#8220;0&#8243; mobile_width=&#8220;0&#8243; width=&#8220;1\/1&#8243; uncode_shortcode_id=&#8220;138903&#8243;][vc_custom_heading uncode_shortcode_id=&#8220;161436&#8243;]<strong><em>Wichtig<\/em><\/strong><strong>: Investitionssicherheit<\/strong>[\/vc_custom_heading][\/vc_column][\/vc_row][vc_row row_height_percent=&#8220;0&#8243; override_padding=&#8220;yes&#8220; h_padding=&#8220;2&#8243; top_padding=&#8220;2&#8243; bottom_padding=&#8220;3&#8243; overlay_alpha=&#8220;50&#8243; gutter_size=&#8220;3&#8243; column_width_percent=&#8220;100&#8243; shift_y=&#8220;0&#8243; z_index=&#8220;0&#8243; content_parallax=&#8220;0&#8243; uncode_shortcode_id=&#8220;175408&#8243;][vc_column column_width_percent=&#8220;100&#8243; position_vertical=&#8220;middle&#8220; gutter_size=&#8220;3&#8243; overlay_alpha=&#8220;50&#8243; shift_x=&#8220;0&#8243; shift_y=&#8220;0&#8243; shift_y_down=&#8220;0&#8243; z_index=&#8220;0&#8243; medium_width=&#8220;0&#8243; mobile_width=&#8220;0&#8243; width=&#8220;2\/3&#8243; uncode_shortcode_id=&#8220;152862&#8243;][vc_column_text uncode_shortcode_id=&#8220;847999&#8243;]Die Implementierung dieser speicherzentrierten, heterogenen Computing-Architektur erfolgt im Rahmen des Industriestandards CUDA-X, um den gesamten NVIDIA AI Enterprise Stack nativ zu unterst\u00fctzen. Dies gew\u00e4hrleistet eine 100-prozentige Kompatibilit\u00e4t mit der Computing-Umgebung des KI-Marktf\u00fchrers und den unmittelbaren Nutzen neuer Entwicklungen in diesem sich extrem schnell entwickelnden Technologiebereich. Dies garantiert unseren Kunden Investitionssicherheit, w\u00e4hrend wir in der Lage sind, die neuesten Technologien in einem schnellen Tempo einzuf\u00fchren.[\/vc_column_text][vc_column_text uncode_shortcode_id=&#8220;182982&#8243;]Der gesamte Stack zur Implementierung eines Virtual Coworkers von NOVARION ist in einem einzigen Heterogeneous Processing Platform-Knoten integriert, der vertikal \u00fcber Application Programming Interfaces (API) und horizontal \u00fcber Data Processing Units (DPU) skaliert. So beginnt der sinnvolle Einsatz der NOVARION Full Stack TI Solution mit einem einzigen Knoten und skaliert nahtlos mit dem Bedarf bis hin zu ganzen Rechenzentren.[\/vc_column_text][\/vc_column][vc_column column_width_percent=&#8220;100&#8243; position_vertical=&#8220;middle&#8220; align_horizontal=&#8220;align_center&#8220; gutter_size=&#8220;3&#8243; overlay_alpha=&#8220;50&#8243; shift_x=&#8220;0&#8243; shift_y=&#8220;0&#8243; shift_y_down=&#8220;0&#8243; z_index=&#8220;0&#8243; medium_width=&#8220;0&#8243; mobile_width=&#8220;0&#8243; width=&#8220;1\/3&#8243; uncode_shortcode_id=&#8220;127187&#8243;][vc_single_image media=&#8220;97839&#8243; media_width_percent=&#8220;100&#8243; uncode_shortcode_id=&#8220;124050&#8243;][\/vc_column][\/vc_row][vc_row row_height_percent=&#8220;0&#8243; override_padding=&#8220;yes&#8220; h_padding=&#8220;2&#8243; top_padding=&#8220;3&#8243; bottom_padding=&#8220;2&#8243; back_color=&#8220;color-156877&#8243; overlay_alpha=&#8220;50&#8243; gutter_size=&#8220;3&#8243; column_width_percent=&#8220;100&#8243; shift_y=&#8220;0&#8243; z_index=&#8220;0&#8243; content_parallax=&#8220;0&#8243; uncode_shortcode_id=&#8220;473287&#8243; back_color_type=&#8220;uncode-palette&#8220;][vc_column column_width_percent=&#8220;100&#8243; position_vertical=&#8220;middle&#8220; align_horizontal=&#8220;align_center&#8220; gutter_size=&#8220;3&#8243; overlay_alpha=&#8220;50&#8243; shift_x=&#8220;0&#8243; shift_y=&#8220;0&#8243; shift_y_down=&#8220;0&#8243; z_index=&#8220;0&#8243; medium_width=&#8220;0&#8243; mobile_width=&#8220;0&#8243; width=&#8220;1\/1&#8243; uncode_shortcode_id=&#8220;138792&#8243;][vc_custom_heading uncode_shortcode_id=&#8220;101225&#8243;]<em><strong>Wichtig<\/strong><\/em><strong>: Einhaltung der Vorschriften<\/strong>[\/vc_custom_heading][\/vc_column][\/vc_row][vc_row row_height_percent=&#8220;0&#8243; back_color=&#8220;color-156877&#8243; overlay_alpha=&#8220;50&#8243; gutter_size=&#8220;3&#8243; column_width_percent=&#8220;100&#8243; shift_y=&#8220;0&#8243; z_index=&#8220;0&#8243; content_parallax=&#8220;0&#8243; uncode_shortcode_id=&#8220;793702&#8243; back_color_type=&#8220;uncode-palette&#8220;][vc_column width=&#8220;1\/1&#8243;][vc_column_text uncode_shortcode_id=&#8220;753320&#8243;]Ein Virtueller Mitarbeiter oder TI muss sicher sein. Da ein solches System nat\u00fcrlich keine reine Automatisierung mehr ist, sondern seine eigenen \u00dcberlegungen anstellt, die im Vorfeld nicht vollst\u00e4ndig bestimmt werden k\u00f6nnen, m\u00fcssen wir so genannte Leitplanken genauso implementieren, wie wir dies bei menschlichen Mitarbeitern tun. Unternehmensethik, individuelle Regelungen und Integrit\u00e4t m\u00fcssen durchg\u00e4ngig gedacht werden. Es ist das erste Mal, dass eine IT-Abteilung nicht mehr nur f\u00fcr die Sicherheit der Datenspeicherung, sondern auch f\u00fcr die Sicherheit der Datennutzung verantwortlich ist. Gl\u00fccklicherweise kann dieselbe Technologie der virtuellen Mitarbeiter, die nicht nur enorme Funktionen, sondern auch betr\u00e4chtliche Risiken f\u00fcr den Betrieb des Unternehmens mit sich bringt, wirksam eingesetzt werden, um die inh\u00e4renten Bedrohungen von innerhalb und au\u00dferhalb des Unternehmens zu mindern! Auf diese Weise kann mit der richtigen Integration von Virtual Coworkers ein positiver Gesamteffekt f\u00fcr die Sicherheit im gesamten Unternehmen erzielt werden.[\/vc_column_text][\/vc_column][\/vc_row][vc_row row_height_percent=&#8220;0&#8243; back_color=&#8220;color-156877&#8243; overlay_alpha=&#8220;50&#8243; gutter_size=&#8220;3&#8243; column_width_percent=&#8220;100&#8243; shift_y=&#8220;0&#8243; z_index=&#8220;0&#8243; content_parallax=&#8220;0&#8243; uncode_shortcode_id=&#8220;146998&#8243; back_color_type=&#8220;uncode-palette&#8220;][vc_column width=&#8220;1\/1&#8243;][vc_column_text uncode_shortcode_id=&#8220;208527&#8243;]Sie m\u00f6chten wissen, wie Sie von einem Virtual Coworker profitieren k\u00f6nnen?<\/p>\n<p>Informieren Sie sich, indem Sie uns schreiben, \u00fcber: <a href=\"mailto:ai@novarion.com\">ai@novarion.com<\/a>[\/vc_column_text][\/vc_column][\/vc_row]<\/p>\n<\/div>","protected":false},"excerpt":{"rendered":"<p>[vc_row row_height_percent=&#8220;0&#8243; override_padding=&#8220;yes&#8220; h_padding=&#8220;2&#8243; top_padding=&#8220;2&#8243; bottom_padding=&#8220;3&#8243; back_color=&#8220;color-156877&#8243; overlay_alpha=&#8220;50&#8243; gutter_size=&#8220;3&#8243; column_width_percent=&#8220;100&#8243; shift_y=&#8220;0&#8243; z_index=&#8220;0&#8243; content_parallax=&#8220;0&#8243; uncode_shortcode_id=&#8220;407390&#8243; back_color_type=&#8220;uncode-palette&#8220;][vc_column width=&#8220;1\/1&#8243;][vc_custom_heading uncode_shortcode_id=&#8220;208429&#8243;]Es gibt mehr als [&hellip;]<\/p>\n","protected":false},"author":6,"featured_media":0,"parent":97661,"menu_order":0,"comment_status":"closed","ping_status":"closed","template":"","meta":{"footnotes":""},"class_list":["post-97813","page","type-page","status-publish","hentry"],"_links":{"self":[{"href":"https:\/\/www.novarion.systems\/de\/wp-json\/wp\/v2\/pages\/97813","targetHints":{"allow":["GET"]}}],"collection":[{"href":"https:\/\/www.novarion.systems\/de\/wp-json\/wp\/v2\/pages"}],"about":[{"href":"https:\/\/www.novarion.systems\/de\/wp-json\/wp\/v2\/types\/page"}],"author":[{"embeddable":true,"href":"https:\/\/www.novarion.systems\/de\/wp-json\/wp\/v2\/users\/6"}],"replies":[{"embeddable":true,"href":"https:\/\/www.novarion.systems\/de\/wp-json\/wp\/v2\/comments?post=97813"}],"version-history":[{"count":0,"href":"https:\/\/www.novarion.systems\/de\/wp-json\/wp\/v2\/pages\/97813\/revisions"}],"up":[{"embeddable":true,"href":"https:\/\/www.novarion.systems\/de\/wp-json\/wp\/v2\/pages\/97661"}],"wp:attachment":[{"href":"https:\/\/www.novarion.systems\/de\/wp-json\/wp\/v2\/media?parent=97813"}],"curies":[{"name":"wp","href":"https:\/\/api.w.org\/{rel}","templated":true}]}}